{"id":14077,"date":"2025-10-02T01:18:23","date_gmt":"2025-10-01T23:18:23","guid":{"rendered":"https:\/\/linkmarkt.eu\/product\/odkryj-naturalne-produkty-wellness-w-regensburgu-po-prostu-na-linkmarkt-eu\/"},"modified":"2025-10-02T01:18:23","modified_gmt":"2025-10-01T23:18:23","slug":"odkryj-naturalne-produkty-wellness-w-regensburgu-po-prostu-na-linkmarkt-eu","status":"publish","type":"product","link":"https:\/\/linkmarkt.eu\/pl\/product\/odkryj-naturalne-produkty-wellness-w-regensburgu-po-prostu-na-linkmarkt-eu\/","title":{"rendered":"Odkryj naturalne produkty wellness w Regensburgu &#8211; po prostu na LinkMarkt.eu"},"content":{"rendered":"<p>Szukasz wysokiej jako\u015bci produkt\u00f3w wellness wykonanych z naturalnych sk\u0142adnik\u00f3w? \ud83c\udf3f<br \/>\nNa LinkMarkt.eu znajdziesz oferty dotycz\u0105ce piel\u0119gnacji, urody i relaksu &#8211; r\u00f3wnie\u017c bezpo\u015brednio dla Regensburga.<\/p>\n<p>\u2714\ufe0f Kosmetyki naturalne i piel\u0119gnacja organiczna<br \/>\n\u2714\ufe0f Olejki eteryczne i aromaterapia<br \/>\n\u2714\ufe0f <a href=\"https:\/\/antidotumaqua.de\/\">Produkty dla wi\u0119kszej r\u00f3wnowagi i dobrego samopoczucia<\/a><\/p>\n<p>Niezale\u017cnie od tego, czy dla siebie, czy na prezent &#8211; znajd\u017a teraz odpowiednie produkty do swojej rutyny wellness.<\/p>\n","protected":false},"excerpt":{"rendered":"<p>Szukasz wysokiej jako\u015bci produkt\u00f3w wellness wykonanych z naturalnych sk\u0142adnik\u00f3w? \ud83c\udf3f Na LinkMarkt.eu znajdziesz oferty dotycz\u0105ce piel\u0119gnacji, urody i relaksu &#8211; r\u00f3wnie\u017c bezpo\u015brednio dla Regensburga. \u2714\ufe0f Kosmetyki naturalne i piel\u0119gnacja organiczna \u2714\ufe0f Olejki eteryczne i aromaterapia \u2714\ufe0f Produkty dla wi\u0119kszej r\u00f3wnowagi i dobrego samopoczucia Niezale\u017cnie od tego, czy dla siebie, czy na prezent &#8211; znajd\u017a teraz [&hellip;]<\/p>\n","protected":false},"featured_media":0,"comment_status":"open","ping_status":"closed","template":"","meta":{"_seopress_robots_primary_cat":"","_seopress_titles_title":"","_seopress_titles_desc":"","_seopress_robots_index":"","googlesitekit_rrm_CAowz76iDA:productID":""},"product_brand":[],"product_cat":[292],"product_tag":[],"class_list":{"0":"post-14077","1":"product","2":"type-product","3":"status-publish","5":"product_cat-store-packages","7":"first","8":"instock","9":"downloadable","10":"virtual","11":"sold-individually","12":"taxable","13":"purchasable","14":"product-type-listing_booking"},"_links":{"self":[{"href":"https:\/\/linkmarkt.eu\/pl\/wp-json\/wp\/v2\/product\/14077","targetHints":{"allow":["GET"]}}],"collection":[{"href":"https:\/\/linkmarkt.eu\/pl\/wp-json\/wp\/v2\/product"}],"about":[{"href":"https:\/\/linkmarkt.eu\/pl\/wp-json\/wp\/v2\/types\/product"}],"replies":[{"embeddable":true,"href":"https:\/\/linkmarkt.eu\/pl\/wp-json\/wp\/v2\/comments?post=14077"}],"version-history":[{"count":0,"href":"https:\/\/linkmarkt.eu\/pl\/wp-json\/wp\/v2\/product\/14077\/revisions"}],"wp:attachment":[{"href":"https:\/\/linkmarkt.eu\/pl\/wp-json\/wp\/v2\/media?parent=14077"}],"wp:term":[{"taxonomy":"product_brand","embeddable":true,"href":"https:\/\/linkmarkt.eu\/pl\/wp-json\/wp\/v2\/product_brand?post=14077"},{"taxonomy":"product_cat","embeddable":true,"href":"https:\/\/linkmarkt.eu\/pl\/wp-json\/wp\/v2\/product_cat?post=14077"},{"taxonomy":"product_tag","embeddable":true,"href":"https:\/\/linkmarkt.eu\/pl\/wp-json\/wp\/v2\/product_tag?post=14077"}],"curies":[{"name":"wp","href":"https:\/\/api.w.org\/{rel}","templated":true}]}}