{"id":14079,"date":"2025-10-02T01:12:00","date_gmt":"2025-10-01T23:12:00","guid":{"rendered":"https:\/\/linkmarkt.eu\/product\/naturalne-produkty-wellness-zdrowie-i-dobre-samopoczucie-z-linkmarkt-eu\/"},"modified":"2025-10-02T01:12:00","modified_gmt":"2025-10-01T23:12:00","slug":"naturalne-produkty-wellness-zdrowie-i-dobre-samopoczucie-z-linkmarkt-eu","status":"publish","type":"product","link":"https:\/\/linkmarkt.eu\/pl\/product\/naturalne-produkty-wellness-zdrowie-i-dobre-samopoczucie-z-linkmarkt-eu\/","title":{"rendered":"Naturalne produkty wellness &#8211; Zdrowie i dobre samopoczucie z LinkMarkt.eu"},"content":{"rendered":"<p>\ud83c\udf3f Odkryj \u015bwiat naturalnych produkt\u00f3w wellness &#8211; idealnych dla zdrowia, r\u00f3wnowagi i dobrego samopoczucia.<br \/>\nOd olejk\u00f3w do piel\u0119gnacji sk\u00f3ry i suplement\u00f3w diety po produkty relaksuj\u0105ce &#8211; wszystko, czego potrzebujesz, aby lepiej podej\u015b\u0107 do \u017cycia.<\/p>\n<p>\u2714\ufe0f 100% naturalnych sk\u0142adnik\u00f3w<br \/>\n\u2714\ufe0f Dla cia\u0142a, umys\u0142u i duszy<br \/>\n\u2714\ufe0f Oferty od dostawc\u00f3w z ca\u0142ych Niemiec<\/p>\n<p>Znajd\u017a odpowiednie dla siebie produkty wellness bezpo\u015brednio na LinkMarkt.eu &#8211; \u0142atwo, szybko i niezawodnie.<\/p>\n","protected":false},"excerpt":{"rendered":"<p>\ud83c\udf3f Odkryj \u015bwiat naturalnych produkt\u00f3w wellness &#8211; idealnych dla zdrowia, r\u00f3wnowagi i dobrego samopoczucia. Od olejk\u00f3w do piel\u0119gnacji sk\u00f3ry i suplement\u00f3w diety po produkty relaksuj\u0105ce &#8211; wszystko, czego potrzebujesz, aby lepiej podej\u015b\u0107 do \u017cycia. \u2714\ufe0f 100% naturalnych sk\u0142adnik\u00f3w \u2714\ufe0f Dla cia\u0142a, umys\u0142u i duszy \u2714\ufe0f Oferty od dostawc\u00f3w z ca\u0142ych Niemiec Znajd\u017a odpowiednie dla siebie [&hellip;]<\/p>\n","protected":false},"featured_media":0,"comment_status":"open","ping_status":"closed","template":"","meta":{"_seopress_robots_primary_cat":"","_seopress_titles_title":"","_seopress_titles_desc":"","_seopress_robots_index":"","googlesitekit_rrm_CAowz76iDA:productID":""},"product_brand":[],"product_cat":[292],"product_tag":[],"class_list":{"0":"post-14079","1":"product","2":"type-product","3":"status-publish","5":"product_cat-store-packages","7":"first","8":"instock","9":"downloadable","10":"virtual","11":"sold-individually","12":"taxable","13":"purchasable","14":"product-type-listing_booking"},"_links":{"self":[{"href":"https:\/\/linkmarkt.eu\/pl\/wp-json\/wp\/v2\/product\/14079","targetHints":{"allow":["GET"]}}],"collection":[{"href":"https:\/\/linkmarkt.eu\/pl\/wp-json\/wp\/v2\/product"}],"about":[{"href":"https:\/\/linkmarkt.eu\/pl\/wp-json\/wp\/v2\/types\/product"}],"replies":[{"embeddable":true,"href":"https:\/\/linkmarkt.eu\/pl\/wp-json\/wp\/v2\/comments?post=14079"}],"version-history":[{"count":0,"href":"https:\/\/linkmarkt.eu\/pl\/wp-json\/wp\/v2\/product\/14079\/revisions"}],"wp:attachment":[{"href":"https:\/\/linkmarkt.eu\/pl\/wp-json\/wp\/v2\/media?parent=14079"}],"wp:term":[{"taxonomy":"product_brand","embeddable":true,"href":"https:\/\/linkmarkt.eu\/pl\/wp-json\/wp\/v2\/product_brand?post=14079"},{"taxonomy":"product_cat","embeddable":true,"href":"https:\/\/linkmarkt.eu\/pl\/wp-json\/wp\/v2\/product_cat?post=14079"},{"taxonomy":"product_tag","embeddable":true,"href":"https:\/\/linkmarkt.eu\/pl\/wp-json\/wp\/v2\/product_tag?post=14079"}],"curies":[{"name":"wp","href":"https:\/\/api.w.org\/{rel}","templated":true}]}}