{"id":14081,"date":"2025-10-01T14:00:08","date_gmt":"2025-10-01T12:00:08","guid":{"rendered":"https:\/\/linkmarkt.eu\/product\/wynajem-mieszkan-w-dortmundzie-z-linkmarkt-eu\/"},"modified":"2025-10-01T14:00:08","modified_gmt":"2025-10-01T12:00:08","slug":"wynajem-mieszkan-w-dortmundzie-z-linkmarkt-eu","status":"publish","type":"product","link":"https:\/\/linkmarkt.eu\/pl\/product\/wynajem-mieszkan-w-dortmundzie-z-linkmarkt-eu\/","title":{"rendered":"Wynajem mieszka\u0144 w Dortmundzie &#8211; z LinkMarkt.eu"},"content":{"rendered":"<p>Szukasz mieszkania w Dortmundzie lub chcesz wynaj\u0105\u0107 swoj\u0105 nieruchomo\u015b\u0107?<br \/>\nSkorzystaj z LinkMarkt.eu &#8211; platformy bezp\u0142atnych og\u0142osze\u0144 w Niemczech i Europie.<\/p>\n<p>\u2714\ufe0f Tw\u00f3rz bezp\u0142atne og\u0142oszenia nieruchomo\u015bci<br \/>\n\u2714\ufe0f Zasi\u0119g w Dortmundzie i w ca\u0142ym kraju<br \/>\n\u2714\ufe0f<a href=\"https:\/\/antidotumaqua.de\/\"> Idealny dla os\u00f3b prywatnych i w\u0142a\u015bcicieli<\/a><\/p>\n<p>Szybko znajd\u017a nowych najemc\u00f3w lub odpowiednie mieszkanie w swoim mie\u015bcie.<br \/>\nTwoje og\u0142oszenie online w zaledwie kilka minut &#8211; <a href=\"https:\/\/linkmarkt.eu\/my-account\/\">to proste i bezp\u0142atne!<\/a><\/p>\n","protected":false},"excerpt":{"rendered":"<p>Szukasz mieszkania w Dortmundzie lub chcesz wynaj\u0105\u0107 swoj\u0105 nieruchomo\u015b\u0107? Skorzystaj z LinkMarkt.eu &#8211; platformy bezp\u0142atnych og\u0142osze\u0144 w Niemczech i Europie. \u2714\ufe0f Tw\u00f3rz bezp\u0142atne og\u0142oszenia nieruchomo\u015bci \u2714\ufe0f Zasi\u0119g w Dortmundzie i w ca\u0142ym kraju \u2714\ufe0f Idealny dla os\u00f3b prywatnych i w\u0142a\u015bcicieli Szybko znajd\u017a nowych najemc\u00f3w lub odpowiednie mieszkanie w swoim mie\u015bcie. Twoje og\u0142oszenie online w zaledwie [&hellip;]<\/p>\n","protected":false},"featured_media":0,"comment_status":"open","ping_status":"closed","template":"","meta":{"_seopress_robots_primary_cat":"","_seopress_titles_title":"","_seopress_titles_desc":"","_seopress_robots_index":"","googlesitekit_rrm_CAowz76iDA:productID":""},"product_brand":[],"product_cat":[1076],"product_tag":[],"class_list":{"0":"post-14081","1":"product","2":"type-product","3":"status-publish","5":"product_cat-listeo-booking-pl","7":"first","8":"instock","9":"virtual","10":"sold-individually","11":"taxable","12":"purchasable","13":"product-type-listing_booking"},"_links":{"self":[{"href":"https:\/\/linkmarkt.eu\/pl\/wp-json\/wp\/v2\/product\/14081","targetHints":{"allow":["GET"]}}],"collection":[{"href":"https:\/\/linkmarkt.eu\/pl\/wp-json\/wp\/v2\/product"}],"about":[{"href":"https:\/\/linkmarkt.eu\/pl\/wp-json\/wp\/v2\/types\/product"}],"replies":[{"embeddable":true,"href":"https:\/\/linkmarkt.eu\/pl\/wp-json\/wp\/v2\/comments?post=14081"}],"version-history":[{"count":0,"href":"https:\/\/linkmarkt.eu\/pl\/wp-json\/wp\/v2\/product\/14081\/revisions"}],"wp:attachment":[{"href":"https:\/\/linkmarkt.eu\/pl\/wp-json\/wp\/v2\/media?parent=14081"}],"wp:term":[{"taxonomy":"product_brand","embeddable":true,"href":"https:\/\/linkmarkt.eu\/pl\/wp-json\/wp\/v2\/product_brand?post=14081"},{"taxonomy":"product_cat","embeddable":true,"href":"https:\/\/linkmarkt.eu\/pl\/wp-json\/wp\/v2\/product_cat?post=14081"},{"taxonomy":"product_tag","embeddable":true,"href":"https:\/\/linkmarkt.eu\/pl\/wp-json\/wp\/v2\/product_tag?post=14081"}],"curies":[{"name":"wp","href":"https:\/\/api.w.org\/{rel}","templated":true}]}}