{"id":14083,"date":"2025-10-01T11:05:27","date_gmt":"2025-10-01T09:05:27","guid":{"rendered":"https:\/\/linkmarkt.eu\/product\/darmowe-ogloszenia-w-monachium-sprzedawaj-szybko-na-linkmarkt-eu\/"},"modified":"2025-10-01T11:05:27","modified_gmt":"2025-10-01T09:05:27","slug":"darmowe-ogloszenia-w-monachium-sprzedawaj-szybko-na-linkmarkt-eu","status":"publish","type":"product","link":"https:\/\/linkmarkt.eu\/pl\/product\/darmowe-ogloszenia-w-monachium-sprzedawaj-szybko-na-linkmarkt-eu\/","title":{"rendered":"Darmowe og\u0142oszenia w Monachium &#8211; Sprzedawaj szybko na LinkMarkt.eu"},"content":{"rendered":"<p>Masz co\u015b do sprzedania &#8211; samoch\u00f3d, meble, ubrania lub elektronik\u0119?<br \/>\nSkorzystaj z LinkMarkt.eu, platformy bezp\u0142atnych og\u0142osze\u0144 w Monachium.<\/p>\n<p>\u2714\ufe0f Zamieszczaj og\u0142oszenia \u0142atwo i bezp\u0142atnie<br \/>\n\u2714\ufe0f Docieraj do kupuj\u0105cych bezpo\u015brednio z Twojej okolicy<br \/>\n\u2714\ufe0f Wi\u0119ksza <a href=\"https:\/\/linkmarkt.eu\/my-account\/\">widoczno\u015b\u0107 w Niemczech i Europie<\/a><\/p>\n<p>Utw\u00f3rz og\u0142oszenie w kilka minut i szybciej znajd\u017a nowych kupuj\u0105cych w 80331 Monachium.<\/p>\n","protected":false},"excerpt":{"rendered":"<p>Masz co\u015b do sprzedania &#8211; samoch\u00f3d, meble, ubrania lub elektronik\u0119? Skorzystaj z LinkMarkt.eu, platformy bezp\u0142atnych og\u0142osze\u0144 w Monachium. \u2714\ufe0f Zamieszczaj og\u0142oszenia \u0142atwo i bezp\u0142atnie \u2714\ufe0f Docieraj do kupuj\u0105cych bezpo\u015brednio z Twojej okolicy \u2714\ufe0f Wi\u0119ksza widoczno\u015b\u0107 w Niemczech i Europie Utw\u00f3rz og\u0142oszenie w kilka minut i szybciej znajd\u017a nowych kupuj\u0105cych w 80331 Monachium.<\/p>\n","protected":false},"featured_media":0,"comment_status":"open","ping_status":"closed","template":"","meta":{"_seopress_robots_primary_cat":"","_seopress_titles_title":"","_seopress_titles_desc":"","_seopress_robots_index":"","googlesitekit_rrm_CAowz76iDA:productID":""},"product_brand":[],"product_cat":[1076],"product_tag":[],"class_list":{"0":"post-14083","1":"product","2":"type-product","3":"status-publish","5":"product_cat-listeo-booking-pl","7":"first","8":"instock","9":"virtual","10":"sold-individually","11":"taxable","12":"purchasable","13":"product-type-listing_booking"},"_links":{"self":[{"href":"https:\/\/linkmarkt.eu\/pl\/wp-json\/wp\/v2\/product\/14083","targetHints":{"allow":["GET"]}}],"collection":[{"href":"https:\/\/linkmarkt.eu\/pl\/wp-json\/wp\/v2\/product"}],"about":[{"href":"https:\/\/linkmarkt.eu\/pl\/wp-json\/wp\/v2\/types\/product"}],"replies":[{"embeddable":true,"href":"https:\/\/linkmarkt.eu\/pl\/wp-json\/wp\/v2\/comments?post=14083"}],"version-history":[{"count":0,"href":"https:\/\/linkmarkt.eu\/pl\/wp-json\/wp\/v2\/product\/14083\/revisions"}],"wp:attachment":[{"href":"https:\/\/linkmarkt.eu\/pl\/wp-json\/wp\/v2\/media?parent=14083"}],"wp:term":[{"taxonomy":"product_brand","embeddable":true,"href":"https:\/\/linkmarkt.eu\/pl\/wp-json\/wp\/v2\/product_brand?post=14083"},{"taxonomy":"product_cat","embeddable":true,"href":"https:\/\/linkmarkt.eu\/pl\/wp-json\/wp\/v2\/product_cat?post=14083"},{"taxonomy":"product_tag","embeddable":true,"href":"https:\/\/linkmarkt.eu\/pl\/wp-json\/wp\/v2\/product_tag?post=14083"}],"curies":[{"name":"wp","href":"https:\/\/api.w.org\/{rel}","templated":true}]}}