{"id":14089,"date":"2025-10-01T10:46:09","date_gmt":"2025-10-01T08:46:09","guid":{"rendered":"https:\/\/linkmarkt.eu\/product\/sprzedac-czy-kupic-bezplatne-ogloszenie-na-linkmarkt-eu\/"},"modified":"2025-10-01T10:46:09","modified_gmt":"2025-10-01T08:46:09","slug":"sprzedac-czy-kupic-bezplatne-ogloszenie-na-linkmarkt-eu","status":"publish","type":"product","link":"https:\/\/linkmarkt.eu\/pl\/product\/sprzedac-czy-kupic-bezplatne-ogloszenie-na-linkmarkt-eu\/","title":{"rendered":"Sprzeda\u0107 czy kupi\u0107? &#8211; Bezp\u0142atne og\u0142oszenie na LinkMarkt.eu"},"content":{"rendered":"<p>\ud83d\ude80 Chcesz sprzeda\u0107 samoch\u00f3d, ksi\u0105\u017cki, ubrania, elektronik\u0119 lub co\u015b innego?<br \/>\nUtw\u00f3rz swoje og\u0142oszenie na LinkMarkt.eu ju\u017c teraz!<\/p>\n<p>\u2714\ufe0f Darmowe og\u0142oszenia<br \/>\n\u2714\ufe0f Odpowiednie do u\u017cytku prywatnego i komercyjnego<br \/>\n\u2714\ufe0f Zasi\u0119g w ca\u0142ych Niemczech i Europie<\/p>\n<p>Nie czekaj d\u0142u\u017cej &#8211; umie\u015b\u0107 swoje og\u0142oszenie online ju\u017c dzi\u015b i dotrzyj do wi\u0119kszej liczby kupuj\u0105cych!<\/p>\n<p>&nbsp;<\/p>\n","protected":false},"excerpt":{"rendered":"<p>\ud83d\ude80 Chcesz sprzeda\u0107 samoch\u00f3d, ksi\u0105\u017cki, ubrania, elektronik\u0119 lub co\u015b innego? Utw\u00f3rz swoje og\u0142oszenie na LinkMarkt.eu ju\u017c teraz! \u2714\ufe0f Darmowe og\u0142oszenia \u2714\ufe0f Odpowiednie do u\u017cytku prywatnego i komercyjnego \u2714\ufe0f Zasi\u0119g w ca\u0142ych Niemczech i Europie Nie czekaj d\u0142u\u017cej &#8211; umie\u015b\u0107 swoje og\u0142oszenie online ju\u017c dzi\u015b i dotrzyj do wi\u0119kszej liczby kupuj\u0105cych! &nbsp;<\/p>\n","protected":false},"featured_media":0,"comment_status":"open","ping_status":"closed","template":"","meta":{"_seopress_robots_primary_cat":"","_seopress_titles_title":"","_seopress_titles_desc":"","_seopress_robots_index":"","googlesitekit_rrm_CAowz76iDA:productID":""},"product_brand":[],"product_cat":[1076],"product_tag":[],"class_list":{"0":"post-14089","1":"product","2":"type-product","3":"status-publish","5":"product_cat-listeo-booking-pl","7":"first","8":"instock","9":"virtual","10":"sold-individually","11":"taxable","12":"purchasable","13":"product-type-listing_booking"},"_links":{"self":[{"href":"https:\/\/linkmarkt.eu\/pl\/wp-json\/wp\/v2\/product\/14089","targetHints":{"allow":["GET"]}}],"collection":[{"href":"https:\/\/linkmarkt.eu\/pl\/wp-json\/wp\/v2\/product"}],"about":[{"href":"https:\/\/linkmarkt.eu\/pl\/wp-json\/wp\/v2\/types\/product"}],"replies":[{"embeddable":true,"href":"https:\/\/linkmarkt.eu\/pl\/wp-json\/wp\/v2\/comments?post=14089"}],"version-history":[{"count":0,"href":"https:\/\/linkmarkt.eu\/pl\/wp-json\/wp\/v2\/product\/14089\/revisions"}],"wp:attachment":[{"href":"https:\/\/linkmarkt.eu\/pl\/wp-json\/wp\/v2\/media?parent=14089"}],"wp:term":[{"taxonomy":"product_brand","embeddable":true,"href":"https:\/\/linkmarkt.eu\/pl\/wp-json\/wp\/v2\/product_brand?post=14089"},{"taxonomy":"product_cat","embeddable":true,"href":"https:\/\/linkmarkt.eu\/pl\/wp-json\/wp\/v2\/product_cat?post=14089"},{"taxonomy":"product_tag","embeddable":true,"href":"https:\/\/linkmarkt.eu\/pl\/wp-json\/wp\/v2\/product_tag?post=14089"}],"curies":[{"name":"wp","href":"https:\/\/api.w.org\/{rel}","templated":true}]}}