{"id":14102,"date":"2025-10-04T07:41:12","date_gmt":"2025-10-04T05:41:12","guid":{"rendered":"https:\/\/linkmarkt.eu\/product\/%f0%9f%8c%bf-natuerliche-hautpflege-in-poznan-und-umgebung-kannaway-salve\/"},"modified":"2025-10-04T07:41:12","modified_gmt":"2025-10-04T05:41:12","slug":"%f0%9f%8c%bf-natuerliche-hautpflege-in-poznan-und-umgebung-kannaway-salve","status":"publish","type":"product","link":"https:\/\/linkmarkt.eu\/pl\/product\/%f0%9f%8c%bf-natuerliche-hautpflege-in-poznan-und-umgebung-kannaway-salve\/","title":{"rendered":"\ud83c\udf3f Nat\u00fcrliche Hautpflege in Pozna\u0144 und Umgebung \u2013 Kannaway Salve"},"content":{"rendered":"<p>Odkryj moc natury z Kannaway Salve, rewolucyjnym kremem do piel\u0119gnacji i regeneracji sk\u00f3ry.<br \/>\n\u2714\ufe0f 100% naturalnych sk\u0142adnik\u00f3w<br \/>\n\u2714\ufe0f Bez paraben\u00f3w, silikon\u00f3w i sztucznych dodatk\u00f3w<br \/>\n\u2714\ufe0f Idealny do sk\u00f3ry suchej, podra\u017cnionej lub wra\u017cliwej<br \/>\n\u2714\ufe0f Odpowiedni do twarzy, r\u0105k i cia\u0142a<\/p>\n<p>Ma\u015b\u0107 szybko si\u0119 wch\u0142ania, zapewnia intensywne nawil\u017cenie i wspomaga naturaln\u0105 odnow\u0119 sk\u00f3ry.<\/p>\n<p>\ud83d\udccd Dost\u0119pny w Poznaniu i okolicach<br \/>\n\ud83d\udc49<a href=\"https:\/\/antidotumaqua.de\/collections\/cannaway-hanfprodukte\/products\/kannaway-salve-eine-revolution-der\"> Dowiedz si\u0119 wi\u0119cej lub zam\u00f3w teraz:<\/a><\/p>\n","protected":false},"excerpt":{"rendered":"<p>Odkryj moc natury z Kannaway Salve, rewolucyjnym kremem do piel\u0119gnacji i regeneracji sk\u00f3ry. \u2714\ufe0f 100% naturalnych sk\u0142adnik\u00f3w \u2714\ufe0f Bez paraben\u00f3w, silikon\u00f3w i sztucznych dodatk\u00f3w \u2714\ufe0f Idealny do sk\u00f3ry suchej, podra\u017cnionej lub wra\u017cliwej \u2714\ufe0f Odpowiedni do twarzy, r\u0105k i cia\u0142a Ma\u015b\u0107 szybko si\u0119 wch\u0142ania, zapewnia intensywne nawil\u017cenie i wspomaga naturaln\u0105 odnow\u0119 sk\u00f3ry. \ud83d\udccd Dost\u0119pny w Poznaniu [&hellip;]<\/p>\n","protected":false},"featured_media":0,"comment_status":"open","ping_status":"closed","template":"","meta":{"_seopress_robots_primary_cat":"","_seopress_titles_title":"","_seopress_titles_desc":"","_seopress_robots_index":"","googlesitekit_rrm_CAowz76iDA:productID":""},"product_brand":[],"product_cat":[292],"product_tag":[],"class_list":{"0":"post-14102","1":"product","2":"type-product","3":"status-publish","5":"product_cat-store-packages","7":"first","8":"instock","9":"downloadable","10":"virtual","11":"sold-individually","12":"taxable","13":"purchasable","14":"product-type-listing_booking"},"_links":{"self":[{"href":"https:\/\/linkmarkt.eu\/pl\/wp-json\/wp\/v2\/product\/14102","targetHints":{"allow":["GET"]}}],"collection":[{"href":"https:\/\/linkmarkt.eu\/pl\/wp-json\/wp\/v2\/product"}],"about":[{"href":"https:\/\/linkmarkt.eu\/pl\/wp-json\/wp\/v2\/types\/product"}],"replies":[{"embeddable":true,"href":"https:\/\/linkmarkt.eu\/pl\/wp-json\/wp\/v2\/comments?post=14102"}],"version-history":[{"count":0,"href":"https:\/\/linkmarkt.eu\/pl\/wp-json\/wp\/v2\/product\/14102\/revisions"}],"wp:attachment":[{"href":"https:\/\/linkmarkt.eu\/pl\/wp-json\/wp\/v2\/media?parent=14102"}],"wp:term":[{"taxonomy":"product_brand","embeddable":true,"href":"https:\/\/linkmarkt.eu\/pl\/wp-json\/wp\/v2\/product_brand?post=14102"},{"taxonomy":"product_cat","embeddable":true,"href":"https:\/\/linkmarkt.eu\/pl\/wp-json\/wp\/v2\/product_cat?post=14102"},{"taxonomy":"product_tag","embeddable":true,"href":"https:\/\/linkmarkt.eu\/pl\/wp-json\/wp\/v2\/product_tag?post=14102"}],"curies":[{"name":"wp","href":"https:\/\/api.w.org\/{rel}","templated":true}]}}