{"id":14125,"date":"2025-10-04T23:44:57","date_gmt":"2025-10-04T21:44:57","guid":{"rendered":"https:\/\/linkmarkt.eu\/product\/serum-z-bialej-piwonii-i-konopi-naturalny-cud-przeciwstarzeniowy\/"},"modified":"2025-10-04T23:44:57","modified_gmt":"2025-10-04T21:44:57","slug":"serum-z-bialej-piwonii-i-konopi-naturalny-cud-przeciwstarzeniowy","status":"publish","type":"product","link":"https:\/\/linkmarkt.eu\/pl\/product\/serum-z-bialej-piwonii-i-konopi-naturalny-cud-przeciwstarzeniowy\/","title":{"rendered":"Serum z bia\u0142ej piwonii i konopi &#8211; naturalny cud przeciwstarzeniowy"},"content":{"rendered":"<p>Zafunduj swojej sk\u00f3rze wyj\u0105tkow\u0105 kuracj\u0119 odm\u0142adzaj\u0105c\u0105. Dzi\u0119ki mocy bia\u0142ej piwonii, ekstraktu z konopi, smoczej krwi i witaminy C &#8211; to serum redukuje drobne zmarszczki, chroni przed wolnymi rodnikami i zapewnia promienn\u0105, r\u00f3wnomiern\u0105 cer\u0119. Idealne dla ka\u017cdego rodzaju sk\u00f3ry, kt\u00f3ra pragnie widocznej \u015bwie\u017co\u015bci i elastyczno\u015bci. <\/p>\n<p>\u2714\ufe0f Intensywne dzia\u0142anie przeciwstarzeniowe<br \/>\n\u2714\ufe0f Bogaty w przeciwutleniacze i chroni\u0105cy kom\u00f3rki<br \/>\n\u2714\ufe0f Lekka konsystencja bez sztucznych dodatk\u00f3w<br \/>\n\u2714\ufe0f Odpowiedni do stosowania na dzie\u0144 i na wiecz\u00f3r<\/p>\n<p><a href=\"https:\/\/antidotumaqua.de\/collections\/cannaway-hanfprodukte\/products\/white-peony-hemp-serum-ihr-anti-aging-wunder\">Odkryj go teraz na antidotumaqua.de &#8211; Twoja sk\u00f3ra na to zas\u0142uguje<\/a>.<\/p>\n","protected":false},"excerpt":{"rendered":"<p>Zafunduj swojej sk\u00f3rze wyj\u0105tkow\u0105 kuracj\u0119 odm\u0142adzaj\u0105c\u0105. Dzi\u0119ki mocy bia\u0142ej piwonii, ekstraktu z konopi, smoczej krwi i witaminy C &#8211; to serum redukuje drobne zmarszczki, chroni przed wolnymi rodnikami i zapewnia promienn\u0105, r\u00f3wnomiern\u0105 cer\u0119. Idealne dla ka\u017cdego rodzaju sk\u00f3ry, kt\u00f3ra pragnie widocznej \u015bwie\u017co\u015bci i elastyczno\u015bci. \u2714\ufe0f Intensywne dzia\u0142anie przeciwstarzeniowe \u2714\ufe0f Bogaty w przeciwutleniacze i chroni\u0105cy kom\u00f3rki [&hellip;]<\/p>\n","protected":false},"featured_media":0,"comment_status":"open","ping_status":"closed","template":"","meta":{"_seopress_robots_primary_cat":"","_seopress_titles_title":"","_seopress_titles_desc":"","_seopress_robots_index":"","googlesitekit_rrm_CAowz76iDA:productID":""},"product_brand":[],"product_cat":[1076],"product_tag":[],"class_list":{"0":"post-14125","1":"product","2":"type-product","3":"status-publish","5":"product_cat-listeo-booking-pl","7":"first","8":"instock","9":"downloadable","10":"virtual","11":"sold-individually","12":"taxable","13":"purchasable","14":"product-type-listing_booking"},"_links":{"self":[{"href":"https:\/\/linkmarkt.eu\/pl\/wp-json\/wp\/v2\/product\/14125","targetHints":{"allow":["GET"]}}],"collection":[{"href":"https:\/\/linkmarkt.eu\/pl\/wp-json\/wp\/v2\/product"}],"about":[{"href":"https:\/\/linkmarkt.eu\/pl\/wp-json\/wp\/v2\/types\/product"}],"replies":[{"embeddable":true,"href":"https:\/\/linkmarkt.eu\/pl\/wp-json\/wp\/v2\/comments?post=14125"}],"version-history":[{"count":0,"href":"https:\/\/linkmarkt.eu\/pl\/wp-json\/wp\/v2\/product\/14125\/revisions"}],"wp:attachment":[{"href":"https:\/\/linkmarkt.eu\/pl\/wp-json\/wp\/v2\/media?parent=14125"}],"wp:term":[{"taxonomy":"product_brand","embeddable":true,"href":"https:\/\/linkmarkt.eu\/pl\/wp-json\/wp\/v2\/product_brand?post=14125"},{"taxonomy":"product_cat","embeddable":true,"href":"https:\/\/linkmarkt.eu\/pl\/wp-json\/wp\/v2\/product_cat?post=14125"},{"taxonomy":"product_tag","embeddable":true,"href":"https:\/\/linkmarkt.eu\/pl\/wp-json\/wp\/v2\/product_tag?post=14125"}],"curies":[{"name":"wp","href":"https:\/\/api.w.org\/{rel}","templated":true}]}}