{"id":14127,"date":"2025-10-04T23:24:23","date_gmt":"2025-10-04T21:24:23","guid":{"rendered":"https:\/\/linkmarkt.eu\/product\/odkryj-nowa-innowacyjna-rolke-z-ekstraktem-z-konopi\/"},"modified":"2025-10-04T23:24:23","modified_gmt":"2025-10-04T21:24:23","slug":"odkryj-nowa-innowacyjna-rolke-z-ekstraktem-z-konopi","status":"publish","type":"product","link":"https:\/\/linkmarkt.eu\/pl\/product\/odkryj-nowa-innowacyjna-rolke-z-ekstraktem-z-konopi\/","title":{"rendered":"Odkryj now\u0105 innowacyjn\u0105 rolk\u0119 z ekstraktem z konopi"},"content":{"rendered":"<p>Naturalna piel\u0119gnacja bezpo\u015brednio na sk\u00f3r\u0119 &#8211; nasz innowacyjny balsam zawiera wysokiej jako\u015bci ekstrakt z konopi o ukierunkowanym dzia\u0142aniu. Ch\u0142odzi, koi i wspomaga regeneracj\u0119 &#8211; nie jest t\u0142usty ani lepki. <\/p>\n<p>\u2714\ufe0f Precyzyjna aplikacja &#8211; idealna do ukierunkowanych obszar\u00f3w problemowych<br \/>\n\u2714\ufe0f Bez dodatk\u00f3w, takich jak parabeny czy silikony<br \/>\n\u2714\ufe0f Idealny w podr\u00f3\u017cy &#8211; szybki, dyskretny i skuteczny<\/p>\n<p>Poczuj moc natury w swoim codziennym \u017cyciu.<br \/>\n\ud83d\udc49 <a href=\"https:\/\/antidotumaqua.de\/collections\/cannaway-hanfprodukte\/products\/innovativer-roll-mit-hanfextrakt-fur\">Odkryj teraz na antidotumaqua.de<\/a><\/p>\n","protected":false},"excerpt":{"rendered":"<p>Naturalna piel\u0119gnacja bezpo\u015brednio na sk\u00f3r\u0119 &#8211; nasz innowacyjny balsam zawiera wysokiej jako\u015bci ekstrakt z konopi o ukierunkowanym dzia\u0142aniu. Ch\u0142odzi, koi i wspomaga regeneracj\u0119 &#8211; nie jest t\u0142usty ani lepki. \u2714\ufe0f Precyzyjna aplikacja &#8211; idealna do ukierunkowanych obszar\u00f3w problemowych \u2714\ufe0f Bez dodatk\u00f3w, takich jak parabeny czy silikony \u2714\ufe0f Idealny w podr\u00f3\u017cy &#8211; szybki, dyskretny i skuteczny [&hellip;]<\/p>\n","protected":false},"featured_media":0,"comment_status":"open","ping_status":"closed","template":"","meta":{"_seopress_robots_primary_cat":"","_seopress_titles_title":"","_seopress_titles_desc":"","_seopress_robots_index":"","googlesitekit_rrm_CAowz76iDA:productID":""},"product_brand":[],"product_cat":[1076],"product_tag":[],"class_list":{"0":"post-14127","1":"product","2":"type-product","3":"status-publish","5":"product_cat-listeo-booking-pl","7":"first","8":"instock","9":"downloadable","10":"virtual","11":"sold-individually","12":"taxable","13":"purchasable","14":"product-type-listing_booking"},"_links":{"self":[{"href":"https:\/\/linkmarkt.eu\/pl\/wp-json\/wp\/v2\/product\/14127","targetHints":{"allow":["GET"]}}],"collection":[{"href":"https:\/\/linkmarkt.eu\/pl\/wp-json\/wp\/v2\/product"}],"about":[{"href":"https:\/\/linkmarkt.eu\/pl\/wp-json\/wp\/v2\/types\/product"}],"replies":[{"embeddable":true,"href":"https:\/\/linkmarkt.eu\/pl\/wp-json\/wp\/v2\/comments?post=14127"}],"version-history":[{"count":0,"href":"https:\/\/linkmarkt.eu\/pl\/wp-json\/wp\/v2\/product\/14127\/revisions"}],"wp:attachment":[{"href":"https:\/\/linkmarkt.eu\/pl\/wp-json\/wp\/v2\/media?parent=14127"}],"wp:term":[{"taxonomy":"product_brand","embeddable":true,"href":"https:\/\/linkmarkt.eu\/pl\/wp-json\/wp\/v2\/product_brand?post=14127"},{"taxonomy":"product_cat","embeddable":true,"href":"https:\/\/linkmarkt.eu\/pl\/wp-json\/wp\/v2\/product_cat?post=14127"},{"taxonomy":"product_tag","embeddable":true,"href":"https:\/\/linkmarkt.eu\/pl\/wp-json\/wp\/v2\/product_tag?post=14127"}],"curies":[{"name":"wp","href":"https:\/\/api.w.org\/{rel}","templated":true}]}}