{"id":14129,"date":"2025-10-04T23:17:26","date_gmt":"2025-10-04T21:17:26","guid":{"rendered":"https:\/\/linkmarkt.eu\/product\/odkryj-sekret-mlodzienczej-skory-z-olejkiem-do-twarzy-i-ciala-muscadine\/"},"modified":"2025-10-04T23:17:26","modified_gmt":"2025-10-04T21:17:26","slug":"odkryj-sekret-mlodzienczej-skory-z-olejkiem-do-twarzy-i-ciala-muscadine","status":"publish","type":"product","link":"https:\/\/linkmarkt.eu\/pl\/product\/odkryj-sekret-mlodzienczej-skory-z-olejkiem-do-twarzy-i-ciala-muscadine\/","title":{"rendered":"Odkryj sekret m\u0142odzie\u0144czej sk\u00f3ry &#8211; z olejkiem do twarzy i cia\u0142a muscadine"},"content":{"rendered":"<p>Zafunduj swojej sk\u00f3rze czyst\u0105 piel\u0119gnacyjn\u0105 moc natury.<br \/>\nNasz olejek muscadine \u0142\u0105czy antyoksydacyjne dzia\u0142anie rzadkich winogron muscadine z koj\u0105cym ekstraktem z oleju z nasion konopi &#8211; dla widocznie g\u0142adszej, nawil\u017conej i promiennej sk\u00f3ry.<\/p>\n<p>\u2714\ufe0f Zapewnia intensywne nawil\u017cenie bez przet\u0142uszczania<br \/>\n\u2714\ufe0f Chroni przed wolnymi rodnikami i przedwczesnym starzeniem si\u0119 sk\u00f3ry<br \/>\n\u2714\ufe0f Idealny dla sk\u00f3ry wra\u017cliwej, suchej lub dojrza\u0142ej<br \/>\n\u2714\ufe0f W 100% naturalny &#8211; bez silikon\u00f3w, paraben\u00f3w i sztucznych substancji zapachowych<\/p>\n<p>Poczuj si\u0119 od\u017cywiony, promienny i zr\u00f3wnowa\u017cony ka\u017cdego dnia.<br \/>\n\ud83d\udc49 Odkryj teraz na <a href=\"https:\/\/antidotumaqua.de\/\">antidotumaqua.de<\/a><\/p>\n","protected":false},"excerpt":{"rendered":"<p>Zafunduj swojej sk\u00f3rze czyst\u0105 piel\u0119gnacyjn\u0105 moc natury. Nasz olejek muscadine \u0142\u0105czy antyoksydacyjne dzia\u0142anie rzadkich winogron muscadine z koj\u0105cym ekstraktem z oleju z nasion konopi &#8211; dla widocznie g\u0142adszej, nawil\u017conej i promiennej sk\u00f3ry. \u2714\ufe0f Zapewnia intensywne nawil\u017cenie bez przet\u0142uszczania \u2714\ufe0f Chroni przed wolnymi rodnikami i przedwczesnym starzeniem si\u0119 sk\u00f3ry \u2714\ufe0f Idealny dla sk\u00f3ry wra\u017cliwej, suchej lub [&hellip;]<\/p>\n","protected":false},"featured_media":0,"comment_status":"open","ping_status":"closed","template":"","meta":{"_seopress_robots_primary_cat":"","_seopress_titles_title":"","_seopress_titles_desc":"","_seopress_robots_index":"","googlesitekit_rrm_CAowz76iDA:productID":""},"product_brand":[],"product_cat":[1076],"product_tag":[],"class_list":{"0":"post-14129","1":"product","2":"type-product","3":"status-publish","5":"product_cat-listeo-booking-pl","7":"first","8":"instock","9":"downloadable","10":"virtual","11":"sold-individually","12":"taxable","13":"purchasable","14":"product-type-listing_booking"},"_links":{"self":[{"href":"https:\/\/linkmarkt.eu\/pl\/wp-json\/wp\/v2\/product\/14129","targetHints":{"allow":["GET"]}}],"collection":[{"href":"https:\/\/linkmarkt.eu\/pl\/wp-json\/wp\/v2\/product"}],"about":[{"href":"https:\/\/linkmarkt.eu\/pl\/wp-json\/wp\/v2\/types\/product"}],"replies":[{"embeddable":true,"href":"https:\/\/linkmarkt.eu\/pl\/wp-json\/wp\/v2\/comments?post=14129"}],"version-history":[{"count":0,"href":"https:\/\/linkmarkt.eu\/pl\/wp-json\/wp\/v2\/product\/14129\/revisions"}],"wp:attachment":[{"href":"https:\/\/linkmarkt.eu\/pl\/wp-json\/wp\/v2\/media?parent=14129"}],"wp:term":[{"taxonomy":"product_brand","embeddable":true,"href":"https:\/\/linkmarkt.eu\/pl\/wp-json\/wp\/v2\/product_brand?post=14129"},{"taxonomy":"product_cat","embeddable":true,"href":"https:\/\/linkmarkt.eu\/pl\/wp-json\/wp\/v2\/product_cat?post=14129"},{"taxonomy":"product_tag","embeddable":true,"href":"https:\/\/linkmarkt.eu\/pl\/wp-json\/wp\/v2\/product_tag?post=14129"}],"curies":[{"name":"wp","href":"https:\/\/api.w.org\/{rel}","templated":true}]}}