{"id":14145,"date":"2025-10-05T10:52:45","date_gmt":"2025-10-05T08:52:45","guid":{"rendered":"https:\/\/linkmarkt.eu\/product\/lige-smartwatch-men-women-2024-wyswietlacz-hd-polaczenia-bluetooth-fitness-i-zdrowie\/"},"modified":"2025-10-05T10:52:45","modified_gmt":"2025-10-05T08:52:45","slug":"lige-smartwatch-men-women-2024-wyswietlacz-hd-polaczenia-bluetooth-fitness-i-zdrowie","status":"publish","type":"product","link":"https:\/\/linkmarkt.eu\/pl\/product\/lige-smartwatch-men-women-2024-wyswietlacz-hd-polaczenia-bluetooth-fitness-i-zdrowie\/","title":{"rendered":"LIGE Smartwatch Men &amp; Women 2024 &#8211; wy\u015bwietlacz HD, po\u0142\u0105czenia Bluetooth, fitness i zdrowie"},"content":{"rendered":"<p>Na sprzeda\u017c nowoczesny LIGE Smartwatch m\u0119ski z funkcj\u0105 telefonu &#8211; odpowiedni dla m\u0119\u017cczyzn i kobiet &#8211; z wieloma funkcjami, idealny do fitnessu, zdrowia i codziennego \u017cycia.<\/p>\n<p>Szczeg\u00f3\u0142y i funkcje:<\/p>\n<p>Wy\u015bwietlacz HD &#8211; wyra\u017any wy\u015bwietlacz, \u0142atwy do odczytania<br \/>\nPo\u0142\u0105czenia Bluetooth i sterowanie g\u0142osowe &#8211; wykonuj po\u0142\u0105czenia bezpo\u015brednio z opaski<br \/>\nFunkcje fitness i zdrowotne &#8211; monitor pracy serca, analiza snu, krokomierz itp.<br \/>\nFunkcja latarki &#8211; przydatna w codziennym \u017cyciu<br \/>\nR\u00f3\u017cne tryby sportowe &#8211; bieganie, jazda na rowerze, w\u0119dr\u00f3wki itp.<br \/>\nSolidna konstrukcja &#8211; sportowa i elegancka jednocze\u015bnie<br \/>\nKompatybilny z Android i iOS<\/p>\n<p>Stan<br \/>\nNowy \/ nieu\u017cywany (je\u015bli dotyczy)<\/p>\n<p>Cena<br \/>\nnp. np. 46,19 \u20ac (lub ustalona cena)<\/p>\n<p>Wysy\u0142ka i p\u0142atno\u015b\u0107<br \/>\nWysy\u0142ka na terenie Niemiec \/ UE<br \/>\nMetody p\u0142atno\u015bci: np. PayPal, przelew bankowy itp.<\/p>\n<p>Kontakt<br \/>\nJe\u015bli jeste\u015b zainteresowany lub masz jakie\u015b pytania, po prostu skontaktuj si\u0119 z nami!<\/p>\n","protected":false},"excerpt":{"rendered":"<p>Na sprzeda\u017c nowoczesny LIGE Smartwatch m\u0119ski z funkcj\u0105 telefonu &#8211; odpowiedni dla m\u0119\u017cczyzn i kobiet &#8211; z wieloma funkcjami, idealny do fitnessu, zdrowia i codziennego \u017cycia. Szczeg\u00f3\u0142y i funkcje: Wy\u015bwietlacz HD &#8211; wyra\u017any wy\u015bwietlacz, \u0142atwy do odczytania Po\u0142\u0105czenia Bluetooth i sterowanie g\u0142osowe &#8211; wykonuj po\u0142\u0105czenia bezpo\u015brednio z opaski Funkcje fitness i zdrowotne &#8211; monitor pracy [&hellip;]<\/p>\n","protected":false},"featured_media":0,"comment_status":"open","ping_status":"closed","template":"","meta":{"_seopress_robots_primary_cat":"","_seopress_titles_title":"","_seopress_titles_desc":"","_seopress_robots_index":"","googlesitekit_rrm_CAowz76iDA:productID":""},"product_brand":[],"product_cat":[1076],"product_tag":[],"class_list":{"0":"post-14145","1":"product","2":"type-product","3":"status-publish","5":"product_cat-listeo-booking-pl","7":"first","8":"instock","9":"downloadable","10":"virtual","11":"sold-individually","12":"taxable","13":"purchasable","14":"product-type-listing_booking"},"_links":{"self":[{"href":"https:\/\/linkmarkt.eu\/pl\/wp-json\/wp\/v2\/product\/14145","targetHints":{"allow":["GET"]}}],"collection":[{"href":"https:\/\/linkmarkt.eu\/pl\/wp-json\/wp\/v2\/product"}],"about":[{"href":"https:\/\/linkmarkt.eu\/pl\/wp-json\/wp\/v2\/types\/product"}],"replies":[{"embeddable":true,"href":"https:\/\/linkmarkt.eu\/pl\/wp-json\/wp\/v2\/comments?post=14145"}],"version-history":[{"count":0,"href":"https:\/\/linkmarkt.eu\/pl\/wp-json\/wp\/v2\/product\/14145\/revisions"}],"wp:attachment":[{"href":"https:\/\/linkmarkt.eu\/pl\/wp-json\/wp\/v2\/media?parent=14145"}],"wp:term":[{"taxonomy":"product_brand","embeddable":true,"href":"https:\/\/linkmarkt.eu\/pl\/wp-json\/wp\/v2\/product_brand?post=14145"},{"taxonomy":"product_cat","embeddable":true,"href":"https:\/\/linkmarkt.eu\/pl\/wp-json\/wp\/v2\/product_cat?post=14145"},{"taxonomy":"product_tag","embeddable":true,"href":"https:\/\/linkmarkt.eu\/pl\/wp-json\/wp\/v2\/product_tag?post=14145"}],"curies":[{"name":"wp","href":"https:\/\/api.w.org\/{rel}","templated":true}]}}