{"id":14147,"date":"2025-10-05T10:44:42","date_gmt":"2025-10-05T08:44:42","guid":{"rendered":"https:\/\/linkmarkt.eu\/product\/portfel-meski-joyir-z-naturalnej-skory-dlugi-portfel-vintage-z-zamkiem-blyskawicznym\/"},"modified":"2025-10-05T10:44:42","modified_gmt":"2025-10-05T08:44:42","slug":"portfel-meski-joyir-z-naturalnej-skory-dlugi-portfel-vintage-z-zamkiem-blyskawicznym","status":"publish","type":"product","link":"https:\/\/linkmarkt.eu\/pl\/product\/portfel-meski-joyir-z-naturalnej-skory-dlugi-portfel-vintage-z-zamkiem-blyskawicznym\/","title":{"rendered":"Portfel m\u0119ski JOYIR z naturalnej sk\u00f3ry &#8211; d\u0142ugi portfel vintage z zamkiem b\u0142yskawicznym"},"content":{"rendered":"<p>Elegancki i wysokiej jako\u015bci portfel m\u0119ski JOYIR wykonany z prawdziwej sk\u00f3ry bydl\u0119cej w stylu vintage na sprzeda\u017c. Ten d\u0142ugi portfel \u0142\u0105czy w sobie funkcjonalno\u015b\u0107 i styl &#8211; idealny do codziennego u\u017cytku lub na prezent. <\/p>\n<p>Szczeg\u00f3\u0142y i funkcje:<\/p>\n<p>Materia\u0142: prawdziwa sk\u00f3ra bydl\u0119ca &#8211; wytrzyma\u0142a i pe\u0142na charakteru, z pi\u0119kn\u0105 patyn\u0105<br \/>\nWymiary: ok. 18 \u00d7 9 \u00d7 1,5 cm &#8211; kompaktowy, ale przestronny<br \/>\nPrzegr\u00f3dki: kilka miejsc na karty, przegroda na monety, g\u0142\u00f3wna przegroda z zamkiem b\u0142yskawicznym<br \/>\nDesign: wygl\u0105d vintage, r\u00f3\u017cne kolory (br\u0105zowy, ciemnobr\u0105zowy, niebieski, czarny, zielony)<br \/>\nBezpieczny zamek b\u0142yskawiczny: niezawodnie chroni zawarto\u015b\u0107<br \/>\nMn\u00f3stwo miejsca do przechowywania: idealny na karty, banknoty, monety, dowody osobiste<\/p>\n<p>Stan<br \/>\nNowy \/ nieu\u017cywany (je\u015bli dotyczy)<\/p>\n<p>Cena<br \/>\n25,62 \u20ac (lub ustalona cena)<\/p>\n<p>Wysy\u0142ka i p\u0142atno\u015b\u0107<br \/>\nWysy\u0142ka na terenie Niemiec \/ UE (w zale\u017cno\u015bci od preferencji<br \/>\nKontakt<br \/>\nJe\u015bli jeste\u015b zainteresowany lub masz jakie\u015b pytania, skontaktuj si\u0119 z nami!<\/p>\n","protected":false},"excerpt":{"rendered":"<p>Elegancki i wysokiej jako\u015bci portfel m\u0119ski JOYIR wykonany z prawdziwej sk\u00f3ry bydl\u0119cej w stylu vintage na sprzeda\u017c. Ten d\u0142ugi portfel \u0142\u0105czy w sobie funkcjonalno\u015b\u0107 i styl &#8211; idealny do codziennego u\u017cytku lub na prezent. Szczeg\u00f3\u0142y i funkcje: Materia\u0142: prawdziwa sk\u00f3ra bydl\u0119ca &#8211; wytrzyma\u0142a i pe\u0142na charakteru, z pi\u0119kn\u0105 patyn\u0105 Wymiary: ok. 18 \u00d7 9 \u00d7 [&hellip;]<\/p>\n","protected":false},"featured_media":0,"comment_status":"open","ping_status":"closed","template":"","meta":{"_seopress_robots_primary_cat":"","_seopress_titles_title":"","_seopress_titles_desc":"","_seopress_robots_index":"","googlesitekit_rrm_CAowz76iDA:productID":""},"product_brand":[],"product_cat":[1076],"product_tag":[],"class_list":{"0":"post-14147","1":"product","2":"type-product","3":"status-publish","5":"product_cat-listeo-booking-pl","7":"first","8":"instock","9":"downloadable","10":"virtual","11":"sold-individually","12":"taxable","13":"purchasable","14":"product-type-listing_booking"},"_links":{"self":[{"href":"https:\/\/linkmarkt.eu\/pl\/wp-json\/wp\/v2\/product\/14147","targetHints":{"allow":["GET"]}}],"collection":[{"href":"https:\/\/linkmarkt.eu\/pl\/wp-json\/wp\/v2\/product"}],"about":[{"href":"https:\/\/linkmarkt.eu\/pl\/wp-json\/wp\/v2\/types\/product"}],"replies":[{"embeddable":true,"href":"https:\/\/linkmarkt.eu\/pl\/wp-json\/wp\/v2\/comments?post=14147"}],"version-history":[{"count":0,"href":"https:\/\/linkmarkt.eu\/pl\/wp-json\/wp\/v2\/product\/14147\/revisions"}],"wp:attachment":[{"href":"https:\/\/linkmarkt.eu\/pl\/wp-json\/wp\/v2\/media?parent=14147"}],"wp:term":[{"taxonomy":"product_brand","embeddable":true,"href":"https:\/\/linkmarkt.eu\/pl\/wp-json\/wp\/v2\/product_brand?post=14147"},{"taxonomy":"product_cat","embeddable":true,"href":"https:\/\/linkmarkt.eu\/pl\/wp-json\/wp\/v2\/product_cat?post=14147"},{"taxonomy":"product_tag","embeddable":true,"href":"https:\/\/linkmarkt.eu\/pl\/wp-json\/wp\/v2\/product_tag?post=14147"}],"curies":[{"name":"wp","href":"https:\/\/api.w.org\/{rel}","templated":true}]}}