{"id":14432,"date":"2025-05-25T08:55:58","date_gmt":"2025-05-25T06:55:58","guid":{"rendered":"https:\/\/linkmarkt.eu\/product\/serum-do-pielegnacji-wlosow-z-olejem-arganowym-regenerujace-i-wygladzajace-nawilzajace-nadajace-polysk-i-chroniace-zniszczone-wlosy-moonbiffy-80-ml\/"},"modified":"2025-05-25T08:55:58","modified_gmt":"2025-05-25T06:55:58","slug":"serum-do-pielegnacji-wlosow-z-olejem-arganowym-regenerujace-i-wygladzajace-nawilzajace-nadajace-polysk-i-chroniace-zniszczone-wlosy-moonbiffy-80-ml","status":"publish","type":"product","link":"https:\/\/linkmarkt.eu\/pl\/product\/serum-do-pielegnacji-wlosow-z-olejem-arganowym-regenerujace-i-wygladzajace-nawilzajace-nadajace-polysk-i-chroniace-zniszczone-wlosy-moonbiffy-80-ml\/","title":{"rendered":"Serum Do Piel\u0119gnacji W\u0142os\u00f3w Z OLEJEM ARGANOWYM-regeneruj\u0105ce i wyg\u0142adzaj\u0105ce \/ nawil\u017caj\u0105ce, nadaj\u0105ce po\u0142ysk i chroni\u0105ce zniszczone w\u0142osy-MOONBIFFY 80 ml"},"content":{"rendered":"<p>Serum Do Piel\u0119gnacji W\u0142os\u00f3w Z OLEJEM ARGANOWYM-regeneruje i chroni zniszczone w\u0142osy<br \/>\nPoczuj orze\u017awiaj\u0105c\u0105 moc oleju arganowego! Serum do piel\u0119gnacji w\u0142os\u00f3w MOONBIFFY intensywnie nawil\u017ca, wyg\u0142adza struktur\u0119 w\u0142os\u00f3w i naprawia zniszczone ko\u0144c\u00f3wki. Idealny dla m\u0119\u017cczyzn i kobiet, kt\u00f3rzy potrzebuj\u0105 zdrowych i l\u015bni\u0105cych w\u0142os\u00f3w.<\/p>\n<p>Naturalny olejek arganowy do piel\u0119gnacji w\u0142os\u00f3w suchych i zniszczonych<br \/>\nTo serum kondycjonuj\u0105ce \u0142\u0105czy nawil\u017cenie i kondycjonowanie w jednym uj\u0119ciu. Chroni w\u0142osy przed uszkodzeniem cieplnym przez \u017celazko lub suszark\u0119 do w\u0142os\u00f3w i zwalcza puszenie si\u0119 w\u0142os\u00f3w bez ich obci\u0105\u017cania.<\/p>\n<p>Nawil\u017caj\u0105cy, promienny i ochronny dzi\u0119ki od\u017cywce MOONBIFFY o pojemno\u015bci 80 ml<br \/>\nWysokiej jako\u015bci formu\u0142a z czystym olejem arganowym wzmacnia w\u0142osy od nasady a\u017c po same ko\u0144ce. Zapewnia uczucie jedwabisto\u015bci, naturalnej elastyczno\u015bci i zdrowia sk\u00f3ry g\u0142owy.<\/p>\n","protected":false},"excerpt":{"rendered":"<p>Serum Do Piel\u0119gnacji W\u0142os\u00f3w Z OLEJEM ARGANOWYM-regeneruje i chroni zniszczone w\u0142osy Poczuj orze\u017awiaj\u0105c\u0105 moc oleju arganowego! Serum do piel\u0119gnacji w\u0142os\u00f3w MOONBIFFY intensywnie nawil\u017ca, wyg\u0142adza struktur\u0119 w\u0142os\u00f3w i naprawia zniszczone ko\u0144c\u00f3wki. Idealny dla m\u0119\u017cczyzn i kobiet, kt\u00f3rzy potrzebuj\u0105 zdrowych i l\u015bni\u0105cych w\u0142os\u00f3w. Naturalny olejek arganowy do piel\u0119gnacji w\u0142os\u00f3w suchych i zniszczonych To serum kondycjonuj\u0105ce \u0142\u0105czy nawil\u017cenie [&hellip;]<\/p>\n","protected":false},"featured_media":12509,"comment_status":"open","ping_status":"closed","template":"","meta":{"_seopress_robots_primary_cat":"none","_seopress_titles_title":"MOONBIFFY l\u015bni\u0105ce serum z olejem arganowym do w\u0142os\u00f3w","_seopress_titles_desc":"Kondycjonuj w\u0142osy olejem arganowym MOONBIFFY: napraw uszkodzenia, zmniejsz puszenie si\u0119 i chro\u0144 przed gor\u0105cem. Idealny zar\u00f3wno dla m\u0119\u017cczyzn, jak i kobiet!","_seopress_robots_index":"","googlesitekit_rrm_CAowz76iDA:productID":""},"product_brand":[],"product_cat":[1640],"product_tag":[],"class_list":{"0":"post-14432","1":"product","2":"type-product","3":"status-publish","4":"has-post-thumbnail","6":"product_cat-uroda-i-pielegnacja","8":"first","9":"instock","10":"sale","11":"taxable","12":"shipping-taxable","13":"purchasable","14":"product-type-variable"},"_links":{"self":[{"href":"https:\/\/linkmarkt.eu\/pl\/wp-json\/wp\/v2\/product\/14432","targetHints":{"allow":["GET"]}}],"collection":[{"href":"https:\/\/linkmarkt.eu\/pl\/wp-json\/wp\/v2\/product"}],"about":[{"href":"https:\/\/linkmarkt.eu\/pl\/wp-json\/wp\/v2\/types\/product"}],"replies":[{"embeddable":true,"href":"https:\/\/linkmarkt.eu\/pl\/wp-json\/wp\/v2\/comments?post=14432"}],"version-history":[{"count":0,"href":"https:\/\/linkmarkt.eu\/pl\/wp-json\/wp\/v2\/product\/14432\/revisions"}],"wp:featuredmedia":[{"embeddable":true,"href":"https:\/\/linkmarkt.eu\/pl\/wp-json\/wp\/v2\/media\/12509"}],"wp:attachment":[{"href":"https:\/\/linkmarkt.eu\/pl\/wp-json\/wp\/v2\/media?parent=14432"}],"wp:term":[{"taxonomy":"product_brand","embeddable":true,"href":"https:\/\/linkmarkt.eu\/pl\/wp-json\/wp\/v2\/product_brand?post=14432"},{"taxonomy":"product_cat","embeddable":true,"href":"https:\/\/linkmarkt.eu\/pl\/wp-json\/wp\/v2\/product_cat?post=14432"},{"taxonomy":"product_tag","embeddable":true,"href":"https:\/\/linkmarkt.eu\/pl\/wp-json\/wp\/v2\/product_tag?post=14432"}],"curies":[{"name":"wp","href":"https:\/\/api.w.org\/{rel}","templated":true}]}}