{"id":14491,"date":"2025-10-13T10:25:47","date_gmt":"2025-10-13T08:25:47","guid":{"rendered":"https:\/\/linkmarkt.eu\/product\/nuvialab-flex-natuerliche-pflege-fuer-gesunde-gelenke-in-berlin\/"},"modified":"2025-12-24T22:40:53","modified_gmt":"2025-12-24T21:40:53","slug":"nuvialab-flex-natuerliche-pflege-fuer-gesunde-gelenke-in-berlin","status":"publish","type":"product","link":"https:\/\/linkmarkt.eu\/pl\/product\/nuvialab-flex-natuerliche-pflege-fuer-gesunde-gelenke-in-berlin\/","title":{"rendered":"NuviaLab Flex \u2013 Nat\u00fcrliche Pflege f\u00fcr gesunde Gelenke in Berlin"},"content":{"rendered":"<p>NuviaLab Flex ist ein modernes Nahrungserg\u00e4nzungsmittel, das speziell entwickelt wurde, um <a href=\"https:\/\/nplink.net\/rwu6a0tp\">Gelenke, Knochen und Knorpel zu unterst\u00fctzen.<\/a><br \/>\nSeine sorgf\u00e4ltig ausgew\u00e4hlten Inhaltsstoffe helfen, Entz\u00fcndungen zu reduzieren, die Beweglichkeit zu f\u00f6rdern und die nat\u00fcrliche Elastizit\u00e4t der Gelenke zu erhalten.<\/p>\n<p>Egal ob durch Alter, k\u00f6rperliche Arbeit oder sportliche Belastung \u2013 NuviaLab Flex sorgt f\u00fcr mehr Komfort,<a href=\"https:\/\/nplink.net\/rwu6a0tp\"> Stabilit\u00e4t und Flexibilit\u00e4t im Alltag.<\/a><br \/>\nDie Formel stimuliert zudem die Kollagenproduktion, wodurch die Knorpelstruktur gest\u00e4rkt und die Regeneration gef\u00f6rdert wird.<\/p>\n<p>\u2728 Vorteile von NuviaLab Flex:<\/p>\n<p>Unterst\u00fctzt die Gesundheit von Gelenken und Knochen<br \/>\nF\u00f6rdert Beweglichkeit und Flexibilit\u00e4t<br \/>\nWirkt entz\u00fcndungshemmend auf nat\u00fcrliche Weise<br \/>\nUnterst\u00fctzt die Bildung von Kollagen<br \/>\nIdeal f\u00fcr aktive Menschen, Sportler und Senioren<br \/>\nSp\u00fcren Sie den Unterschied \u2013<a href=\"https:\/\/nplink.net\/rwu6a0tp\"> mit NuviaLab Flex f\u00fcr starke, gesunde und bewegliche Gelenke jeden Tag!<\/a><\/p>\n","protected":false},"excerpt":{"rendered":"<p>NuviaLab Flex ist ein modernes Nahrungserg\u00e4nzungsmittel, das speziell entwickelt wurde, um Gelenke, Knochen und Knorpel zu unterst\u00fctzen. Seine sorgf\u00e4ltig ausgew\u00e4hlten Inhaltsstoffe helfen, Entz\u00fcndungen zu reduzieren, die Beweglichkeit zu f\u00f6rdern und die nat\u00fcrliche Elastizit\u00e4t der Gelenke zu erhalten. Egal ob durch Alter, k\u00f6rperliche Arbeit oder sportliche Belastung \u2013 NuviaLab Flex sorgt f\u00fcr mehr Komfort, Stabilit\u00e4t und [&hellip;]<\/p>\n","protected":false},"featured_media":0,"comment_status":"open","ping_status":"closed","template":"","meta":{"_seopress_robots_primary_cat":"","_seopress_titles_title":"","_seopress_titles_desc":"","_seopress_robots_index":"","googlesitekit_rrm_CAowz76iDA:productID":""},"product_brand":[],"product_cat":[21],"product_tag":[],"class_list":{"0":"post-14491","1":"product","2":"type-product","3":"status-publish","5":"product_cat-listeo-booking","7":"first","8":"instock","9":"virtual","10":"sold-individually","11":"taxable","12":"purchasable","13":"product-type-listing_booking"},"_links":{"self":[{"href":"https:\/\/linkmarkt.eu\/pl\/wp-json\/wp\/v2\/product\/14491","targetHints":{"allow":["GET"]}}],"collection":[{"href":"https:\/\/linkmarkt.eu\/pl\/wp-json\/wp\/v2\/product"}],"about":[{"href":"https:\/\/linkmarkt.eu\/pl\/wp-json\/wp\/v2\/types\/product"}],"replies":[{"embeddable":true,"href":"https:\/\/linkmarkt.eu\/pl\/wp-json\/wp\/v2\/comments?post=14491"}],"version-history":[{"count":1,"href":"https:\/\/linkmarkt.eu\/pl\/wp-json\/wp\/v2\/product\/14491\/revisions"}],"predecessor-version":[{"id":14494,"href":"https:\/\/linkmarkt.eu\/pl\/wp-json\/wp\/v2\/product\/14491\/revisions\/14494"}],"wp:attachment":[{"href":"https:\/\/linkmarkt.eu\/pl\/wp-json\/wp\/v2\/media?parent=14491"}],"wp:term":[{"taxonomy":"product_brand","embeddable":true,"href":"https:\/\/linkmarkt.eu\/pl\/wp-json\/wp\/v2\/product_brand?post=14491"},{"taxonomy":"product_cat","embeddable":true,"href":"https:\/\/linkmarkt.eu\/pl\/wp-json\/wp\/v2\/product_cat?post=14491"},{"taxonomy":"product_tag","embeddable":true,"href":"https:\/\/linkmarkt.eu\/pl\/wp-json\/wp\/v2\/product_tag?post=14491"}],"curies":[{"name":"wp","href":"https:\/\/api.w.org\/{rel}","templated":true}]}}