{"id":14512,"date":"2025-05-18T11:14:57","date_gmt":"2025-05-18T09:14:57","guid":{"rendered":"https:\/\/linkmarkt.eu\/product\/duze-okragle-lustro-lazienkowe-led-z-funkcja-anti-fog-i-smart-touch-jasne-swiatlo-do-makijazu-i-stylowy-wyglad\/"},"modified":"2025-05-18T11:14:57","modified_gmt":"2025-05-18T09:14:57","slug":"duze-okragle-lustro-lazienkowe-led-z-funkcja-anti-fog-i-smart-touch-jasne-swiatlo-do-makijazu-i-stylowy-wyglad","status":"publish","type":"product","link":"https:\/\/linkmarkt.eu\/pl\/product\/duze-okragle-lustro-lazienkowe-led-z-funkcja-anti-fog-i-smart-touch-jasne-swiatlo-do-makijazu-i-stylowy-wyglad\/","title":{"rendered":"Du\u017ce okr\u0105g\u0142e lustro \u0142azienkowe LED z funkcj\u0105 Anti-fog i Smart Touch-jasne \u015bwiat\u0142o do makija\u017cu i stylowy wygl\u0105d"},"content":{"rendered":"<p>Wprowad\u017a nowoczesny design i praktyczn\u0105 elegancj\u0119 do swojej \u0142azienki!<br \/>\nTo du\u017ce okr\u0105g\u0142e lustro \u015bcienne LED charakteryzuje si\u0119 jasnym, jednolitym o\u015bwietleniem, wbudowan\u0105 ochron\u0105 przed zaparowaniem i intuicyjn\u0105 obs\u0142ug\u0105 dotykow\u0105. Idealny do makija\u017cu, golenia lub codziennej piel\u0119gnacji &#8211; Tw\u00f3j nowy asystent zapewnia idealne o\u015bwietlenie o ka\u017cdej porze dnia.<\/p>\n<p>\ud83c\udf1f Najwa\u017cniejsze informacje:<br \/>\n3 jasne kolory-Zimny Bia\u0142y, Ciep\u0142y bia\u0142y i Neutralny Bia\u0142y (3500K-6500K)<\/p>\n<p>Inteligentny Czujnik dotykowy-\u0142atwe w\u0142\u0105czanie i wy\u0142\u0105czanie, przyciemnianie i zmiana koloru<\/p>\n<p>Funkcja przeciwmgielna-wyra\u017any widok nawet po prysznicu<\/p>\n<p>Energooszcz\u0119dne o\u015bwietlenie LED-trwa\u0142e i energooszcz\u0119dne<\/p>\n<p>Wodoodporny (IP44 &#8211; &#8211; bezpieczny w u\u017cyciu w \u0142azience<\/p>\n<p>Rama ze stopu aluminium-trwa\u0142a i nowoczesna<\/p>\n<p>Lustro o wysokiej rozdzielczo\u015bci o wysokiej rozdzielczo\u015bci-zapewniaj\u0105ce dok\u0142adne odbicie bez zniekszta\u0142ce\u0144<\/p>\n<p>\u2699\ufe0f Szczeg\u00f3\u0142y techniczne:<br \/>\nKszta\u0142t: Okr\u0105g\u0142y<\/p>\n<p>Monta\u017c: Monta\u017c Na \u015acianie (Sta\u0142e okablowanie, tylne o\u015bwietlenie)<\/p>\n<p>Materia\u0142: rama aluminiowa + szk\u0142o o wysokiej rozdzielczo\u015bci<\/p>\n<p>Lustro Grubo\u015b\u0107: 5mm<\/p>\n<p>\u0179r\u00f3d\u0142o \u015bwiat\u0142a: Typ LED 2835, 24 W, 12 V \/ 3A<\/p>\n<p>Nat\u0119\u017cenie \u015bwiat\u0142a: 1000-5500 lumen\u00f3w<\/p>\n<p>Cz\u0119stotliwo\u015b\u0107: 50 \/ 60Hz<\/p>\n<p>Stopie\u0144 ochrony przed wod\u0105: IP44 (lustro), IP65 (ta\u015bma LED)<\/p>\n<p>D\u0142ugo\u015b\u0107 kabla: 2.3 m<\/p>\n<p>\ud83d\udccf Opcje rozmiaru:<br \/>\nMa\u0142a:<\/p>\n<p>Rozmiar: \u00d8 60 cm<\/p>\n<p>Waga: 4,65 kg<\/p>\n<p>Wielki:<\/p>\n<p>Rozmiar: \u00d8 80 cm<\/p>\n<p>Waga: 8 kg<\/p>\n<p>\ud83d\udca1 Nadaje si\u0119 do:<br \/>\n\u0141azienka, Toaleta, Toaleta dla go\u015bci lub salon fryzjerski.<\/p>\n<p>\u2728 Nowoczesna atrakcja dla Twojego domu-funkcjonalno\u015b\u0107 \u0142\u0105czy si\u0119 ze stylem!<\/p>\n","protected":false},"excerpt":{"rendered":"<p>Wprowad\u017a nowoczesny design i praktyczn\u0105 elegancj\u0119 do swojej \u0142azienki! To du\u017ce okr\u0105g\u0142e lustro \u015bcienne LED charakteryzuje si\u0119 jasnym, jednolitym o\u015bwietleniem, wbudowan\u0105 ochron\u0105 przed zaparowaniem i intuicyjn\u0105 obs\u0142ug\u0105 dotykow\u0105. Idealny do makija\u017cu, golenia lub codziennej piel\u0119gnacji &#8211; Tw\u00f3j nowy asystent zapewnia idealne o\u015bwietlenie o ka\u017cdej porze dnia. \ud83c\udf1f Najwa\u017cniejsze informacje: 3 jasne kolory-Zimny Bia\u0142y, Ciep\u0142y bia\u0142y [&hellip;]<\/p>\n","protected":false},"featured_media":11476,"comment_status":"open","ping_status":"closed","template":"","meta":{"_seopress_robots_primary_cat":"none","_seopress_titles_title":"","_seopress_titles_desc":"","_seopress_robots_index":"","googlesitekit_rrm_CAowz76iDA:productID":""},"product_brand":[],"product_cat":[905],"product_tag":[],"class_list":{"0":"post-14512","1":"product","2":"type-product","3":"status-publish","4":"has-post-thumbnail","6":"product_cat-bez-kategorii","8":"first","9":"instock","10":"sale","11":"taxable","12":"shipping-taxable","13":"purchasable","14":"product-type-variable"},"_links":{"self":[{"href":"https:\/\/linkmarkt.eu\/pl\/wp-json\/wp\/v2\/product\/14512","targetHints":{"allow":["GET"]}}],"collection":[{"href":"https:\/\/linkmarkt.eu\/pl\/wp-json\/wp\/v2\/product"}],"about":[{"href":"https:\/\/linkmarkt.eu\/pl\/wp-json\/wp\/v2\/types\/product"}],"replies":[{"embeddable":true,"href":"https:\/\/linkmarkt.eu\/pl\/wp-json\/wp\/v2\/comments?post=14512"}],"version-history":[{"count":0,"href":"https:\/\/linkmarkt.eu\/pl\/wp-json\/wp\/v2\/product\/14512\/revisions"}],"wp:featuredmedia":[{"embeddable":true,"href":"https:\/\/linkmarkt.eu\/pl\/wp-json\/wp\/v2\/media\/11476"}],"wp:attachment":[{"href":"https:\/\/linkmarkt.eu\/pl\/wp-json\/wp\/v2\/media?parent=14512"}],"wp:term":[{"taxonomy":"product_brand","embeddable":true,"href":"https:\/\/linkmarkt.eu\/pl\/wp-json\/wp\/v2\/product_brand?post=14512"},{"taxonomy":"product_cat","embeddable":true,"href":"https:\/\/linkmarkt.eu\/pl\/wp-json\/wp\/v2\/product_cat?post=14512"},{"taxonomy":"product_tag","embeddable":true,"href":"https:\/\/linkmarkt.eu\/pl\/wp-json\/wp\/v2\/product_tag?post=14512"}],"curies":[{"name":"wp","href":"https:\/\/api.w.org\/{rel}","templated":true}]}}