{"id":14569,"date":"2025-10-14T09:29:22","date_gmt":"2025-10-14T07:29:22","guid":{"rendered":"https:\/\/linkmarkt.eu\/product\/urocza-poduszka-do-przytulania-kota-na-szczescie-to-miekka-pluszowa-poduszka-do-odpoczynku-pracy-lub-prezentow\/"},"modified":"2025-10-14T10:00:39","modified_gmt":"2025-10-14T08:00:39","slug":"urocza-poduszka-do-przytulania-kota-na-szczescie-to-miekka-pluszowa-poduszka-do-odpoczynku-pracy-lub-prezentow","status":"publish","type":"product","link":"https:\/\/linkmarkt.eu\/pl\/product\/urocza-poduszka-do-przytulania-kota-na-szczescie-to-miekka-pluszowa-poduszka-do-odpoczynku-pracy-lub-prezentow\/","title":{"rendered":"Urocza poduszka do przytulania kota na szcz\u0119\u015bcie to Mi\u0119kka pluszowa Poduszka do odpoczynku, pracy lub prezent\u00f3w."},"content":{"rendered":"<p>Przynie\u015b szcz\u0119\u015bcie i dobry nastr\u00f3j do swojego domu!<br \/>\nTa urocza pluszowa Figurka Lucky Cat to co\u015b wi\u0119cej ni\u017c wypchana zabawka \u2013 b\u0119dzie twoim mi\u0119kkim towarzyszem w pracy, w wolnym czasie i podczas spokojnych przerw.<\/p>\n<p>Wykonany z wysokiej jako\u015bci bawe\u0142ny i wype\u0142niacza PP, jest przyjemny w dotyku i nadal ma stabilny rozmiar. Okr\u0105g\u0142y, przyjemny kszta\u0142t i urocze rysy twarzy natychmiast tworz\u0105 dobry nastr\u00f3j &#8211; czy to w biurze, na kanapie, czy jako prezent.<\/p>\n<p>Idealny jako prezent dla dzieci, przyjaci\u00f3\u0142 lub wsp\u00f3\u0142pracownik\u00f3w na urodziny, \u015bwi\u0119ta lub po prostu jako ma\u0142y prezent w mi\u0119dzyczasie.<\/p>\n<p>Jako\u015b\u0107:<\/p>\n<p>Rozmiar: Oko\u0142o 25 cm<\/p>\n<p>Materia\u0142: mi\u0119kki plusz i PP bawe\u0142na<\/p>\n<p>Grupy wiekowe: od 3 lat<\/p>\n<p>Certyfikat CE<\/p>\n<p>\u0141atwy w piel\u0119gnacji i trwa\u0142y<\/p>\n<p>Dostawa: 1 sztuka w torbie OPP<\/p>\n<p>Zachwy\u0107 siebie lub swoj\u0105 ukochan\u0105 &#8211; z uroczym uroczym szcz\u0119\u015bliwym kotkiem, kt\u00f3ry przynosi szcz\u0119\u015bcie i relaks!<\/p>\n<p data-start=\"515\" data-end=\"716\"><img decoding=\"async\" src=\"https:\/\/ae01.alicdn.com\/kf\/S0201ce2ed0ba49b2802006f6d7eefd176.jpg\" \/><img decoding=\"async\" src=\"https:\/\/ae01.alicdn.com\/kf\/Sed8957954b174ea88937771f147ca985O.jpg\" \/><img decoding=\"async\" src=\"https:\/\/ae01.alicdn.com\/kf\/Sa9238116e5874bd7948521b34e60c872V.jpg\" \/><img decoding=\"async\" src=\"https:\/\/ae01.alicdn.com\/kf\/S33da03d93ff940a293e4b65695357618x.jpg\" \/><\/p>\n","protected":false},"excerpt":{"rendered":"<p>Przynie\u015b szcz\u0119\u015bcie i dobry nastr\u00f3j do swojego domu! Ta urocza pluszowa Figurka Lucky Cat to co\u015b wi\u0119cej ni\u017c wypchana zabawka \u2013 b\u0119dzie twoim mi\u0119kkim towarzyszem w pracy, w wolnym czasie i podczas spokojnych przerw. Wykonany z wysokiej jako\u015bci bawe\u0142ny i wype\u0142niacza PP, jest przyjemny w dotyku i nadal ma stabilny rozmiar. Okr\u0105g\u0142y, przyjemny kszta\u0142t i [&hellip;]<\/p>\n","protected":false},"featured_media":14529,"comment_status":"open","ping_status":"closed","template":"","meta":{"_seopress_robots_primary_cat":"none","_seopress_titles_title":"S\u0142odki szcz\u0119\u015bliwy kot: daj dobry nastr\u00f3j i szcz\u0119\u015bcie!","_seopress_titles_desc":"Przynie\u015b szcz\u0119\u015bcie do domu! Ten uroczy Pluszowy szcz\u0119\u015bliwy kot b\u0119dzie idealnym towarzyszem-idealnym prezentem lub prezentem na dobr\u0105 zabaw\u0119.","_seopress_robots_index":"","googlesitekit_rrm_CAowz76iDA:productID":""},"product_brand":[],"product_cat":[1106,1116],"product_tag":[],"class_list":{"0":"post-14569","1":"product","2":"type-product","3":"status-publish","4":"has-post-thumbnail","6":"product_cat-dzieci-i-niemowleta","7":"product_cat-zabawki","9":"first","10":"instock","11":"sale","12":"taxable","13":"shipping-taxable","14":"purchasable","15":"product-type-variable"},"_links":{"self":[{"href":"https:\/\/linkmarkt.eu\/pl\/wp-json\/wp\/v2\/product\/14569","targetHints":{"allow":["GET"]}}],"collection":[{"href":"https:\/\/linkmarkt.eu\/pl\/wp-json\/wp\/v2\/product"}],"about":[{"href":"https:\/\/linkmarkt.eu\/pl\/wp-json\/wp\/v2\/types\/product"}],"replies":[{"embeddable":true,"href":"https:\/\/linkmarkt.eu\/pl\/wp-json\/wp\/v2\/comments?post=14569"}],"version-history":[{"count":1,"href":"https:\/\/linkmarkt.eu\/pl\/wp-json\/wp\/v2\/product\/14569\/revisions"}],"predecessor-version":[{"id":14574,"href":"https:\/\/linkmarkt.eu\/pl\/wp-json\/wp\/v2\/product\/14569\/revisions\/14574"}],"wp:featuredmedia":[{"embeddable":true,"href":"https:\/\/linkmarkt.eu\/pl\/wp-json\/wp\/v2\/media\/14529"}],"wp:attachment":[{"href":"https:\/\/linkmarkt.eu\/pl\/wp-json\/wp\/v2\/media?parent=14569"}],"wp:term":[{"taxonomy":"product_brand","embeddable":true,"href":"https:\/\/linkmarkt.eu\/pl\/wp-json\/wp\/v2\/product_brand?post=14569"},{"taxonomy":"product_cat","embeddable":true,"href":"https:\/\/linkmarkt.eu\/pl\/wp-json\/wp\/v2\/product_cat?post=14569"},{"taxonomy":"product_tag","embeddable":true,"href":"https:\/\/linkmarkt.eu\/pl\/wp-json\/wp\/v2\/product_tag?post=14569"}],"curies":[{"name":"wp","href":"https:\/\/api.w.org\/{rel}","templated":true}]}}