{"id":14789,"date":"2025-10-15T09:37:50","date_gmt":"2025-10-15T07:37:50","guid":{"rendered":"https:\/\/linkmarkt.eu\/product\/dres-meski-2024-ciepla-bluza-z-kapturem-i-spodnie-dresowe-z-podwojnym-zamkiem\/"},"modified":"2025-10-15T10:03:29","modified_gmt":"2025-10-15T08:03:29","slug":"dres-meski-2024-ciepla-bluza-z-kapturem-i-spodnie-dresowe-z-podwojnym-zamkiem","status":"publish","type":"product","link":"https:\/\/linkmarkt.eu\/pl\/product\/dres-meski-2024-ciepla-bluza-z-kapturem-i-spodnie-dresowe-z-podwojnym-zamkiem\/","title":{"rendered":"Dres m\u0119ski 2024-Ciep\u0142a Bluza z kapturem i spodnie dresowe z podw\u00f3jnym zamkiem."},"content":{"rendered":"<p>Zachowaj ciep\u0142o i styl tej jesieni i zimy!<br \/>\nNasz dwucz\u0119\u015bciowy m\u0119ski dres jest wykonany z wysokiej jako\u015bci mieszanki poliestru i jest idealny do noszenia na co dzie\u0144, uprawiania sportu i noszenia na co dzie\u0144.<br \/>\nDzi\u0119ki kurtce z podw\u00f3jnym zamkiem b\u0142yskawicznym i elastycznym spodniom sportowym ze sznurkiem, nowoczesny design \u0142\u0105czy w sobie funkcjonalno\u015b\u0107 i mod\u0119 na najwy\u017cszym poziomie.<br \/>\nIdealny na jogging, zaj\u0119cia fitness, odzie\u017c uliczn\u0105 lub relaksuj\u0105cy weekend.<\/p>\n<p>Jako\u015b\u0107:<\/p>\n<p>\ud83d\udc55 Dwucz\u0119\u015bciowy garnitur m\u0119ski-kurtka i spodnie w zestawie<\/p>\n<p>\ud83d\udd25 Ciep\u0142e i wygodne-idealne na jesie\u0144, zim\u0119 i wiosn\u0119<\/p>\n<p>\ud83e\uddf5 Materia\u0142: 100% Poliester-Mi\u0119kki, Oddychaj\u0105cy, trwa\u0142y<\/p>\n<p>\u26a1 Podw\u00f3jny zamek b\u0142yskawiczny dla sportowego wygl\u0105du<\/p>\n<p>\ud83c\udfbd Elastyczny pas i sznurek-optymalne dopasowanie<\/p>\n<p>\ud83e\udde5 Boczne kieszenie na klucze, telefon kom\u00f3rkowy lub portfel<\/p>\n<p>\ud83d\udcaa Sport styl: na co dzie\u0144, streetwear, fitness, jogging<\/p>\n<p>\ud83c\udf0d Dost\u0119pne rozmiary M-3XL<\/p>\n<p>Instrukcja piel\u0119gnacji:<br \/>\nMo\u017cna pra\u0107 w pralce w temperaturze 30 \u00b0C. Nie u\u017cywaj wybielacza. Powiesi\u0107 do wyschni\u0119cia.<\/p>\n<p data-start=\"500\" data-end=\"964\"><img decoding=\"async\" style=\"font-size: 15px;\" src=\"https:\/\/ae01.alicdn.com\/kf\/Sc65a7a49cb1645249aeb0650094cd208C.jpg\" \/> <img decoding=\"async\" style=\"font-size: 15px;\" src=\"https:\/\/ae01.alicdn.com\/kf\/S8b98320353904d4cbb7e88e7de4b46fdr.jpg\" \/> <img decoding=\"async\" style=\"font-size: 15px;\" src=\"https:\/\/ae01.alicdn.com\/kf\/Scf2ab08d9e3943e4bd4afcc414accf6c1.jpg\" \/> <img decoding=\"async\" style=\"font-size: 15px;\" src=\"https:\/\/ae01.alicdn.com\/kf\/S991966c0740a4f86b8ad80308c98fb8ae.jpg\" \/> <img decoding=\"async\" style=\"font-size: 15px;\" src=\"https:\/\/ae01.alicdn.com\/kf\/S2eb56bed9f6a479497e61c4e61b1d84ca.jpg\" \/> <img decoding=\"async\" style=\"font-size: 15px;\" src=\"https:\/\/ae01.alicdn.com\/kf\/S1529198807e84175a26b14ab7ab06f1aP.jpg\" \/> <img decoding=\"async\" style=\"font-size: 15px;\" src=\"https:\/\/ae01.alicdn.com\/kf\/Sa802eb3feceb49e194a9657e28de176aE.jpg\" \/> <img decoding=\"async\" style=\"font-size: 15px;\" src=\"https:\/\/ae01.alicdn.com\/kf\/Sc8c9f059e47a4908a3362545d091fc4dT.jpg\" \/> <img decoding=\"async\" style=\"font-size: 15px;\" src=\"https:\/\/ae01.alicdn.com\/kf\/Sb41cc91129ae44769896dc02da8e8b5dX.jpg\" \/> <img decoding=\"async\" style=\"font-size: 15px;\" src=\"https:\/\/ae01.alicdn.com\/kf\/S46994c5f59624d60bba0ba779ddbee62c.jpg\" \/> <img decoding=\"async\" style=\"font-size: 15px;\" src=\"https:\/\/ae01.alicdn.com\/kf\/See88c45e14bb445c825f4013a4c9552fr.jpg\" \/> <img decoding=\"async\" style=\"font-size: 15px;\" src=\"https:\/\/ae01.alicdn.com\/kf\/S3d9fef71b88f40309dfcc71a6a9ab4465.jpg\" \/><\/p>\n<div class=\"detailmodule_html\">\n<div class=\"detail-desc-decorate-richtext\">\n<div><\/div>\n<\/div>\n<\/div>\n<p>&nbsp;<\/p>\n","protected":false},"excerpt":{"rendered":"<p>Zachowaj ciep\u0142o i styl tej jesieni i zimy! Nasz dwucz\u0119\u015bciowy m\u0119ski dres jest wykonany z wysokiej jako\u015bci mieszanki poliestru i jest idealny do noszenia na co dzie\u0144, uprawiania sportu i noszenia na co dzie\u0144. Dzi\u0119ki kurtce z podw\u00f3jnym zamkiem b\u0142yskawicznym i elastycznym spodniom sportowym ze sznurkiem, nowoczesny design \u0142\u0105czy w sobie funkcjonalno\u015b\u0107 i mod\u0119 na [&hellip;]<\/p>\n","protected":false},"featured_media":14624,"comment_status":"open","ping_status":"closed","template":"","meta":{"_seopress_robots_primary_cat":"none","_seopress_titles_title":"Dres m\u0119ski 2024-Ciep\u0142a Bluza z kapturem i spodnie dresowe","_seopress_titles_desc":"Odkryj ciep\u0142y m\u0119ski dres z podw\u00f3jnym zamkiem b\u0142yskawicznym. Idealny na jesie\u0144 i zim\u0119-komfort, styl i funkcjonalno\u015b\u0107 w jednym!","_seopress_robots_index":"","googlesitekit_rrm_CAowz76iDA:productID":""},"product_brand":[],"product_cat":[1176,1180],"product_tag":[],"class_list":{"0":"post-14789","1":"product","2":"type-product","3":"status-publish","4":"has-post-thumbnail","6":"product_cat-moda-i-akcesoria","7":"product_cat-odziez-meska","9":"first","10":"instock","11":"sale","12":"taxable","13":"shipping-taxable","14":"purchasable","15":"product-type-variable"},"_links":{"self":[{"href":"https:\/\/linkmarkt.eu\/pl\/wp-json\/wp\/v2\/product\/14789","targetHints":{"allow":["GET"]}}],"collection":[{"href":"https:\/\/linkmarkt.eu\/pl\/wp-json\/wp\/v2\/product"}],"about":[{"href":"https:\/\/linkmarkt.eu\/pl\/wp-json\/wp\/v2\/types\/product"}],"replies":[{"embeddable":true,"href":"https:\/\/linkmarkt.eu\/pl\/wp-json\/wp\/v2\/comments?post=14789"}],"version-history":[{"count":1,"href":"https:\/\/linkmarkt.eu\/pl\/wp-json\/wp\/v2\/product\/14789\/revisions"}],"predecessor-version":[{"id":14835,"href":"https:\/\/linkmarkt.eu\/pl\/wp-json\/wp\/v2\/product\/14789\/revisions\/14835"}],"wp:featuredmedia":[{"embeddable":true,"href":"https:\/\/linkmarkt.eu\/pl\/wp-json\/wp\/v2\/media\/14624"}],"wp:attachment":[{"href":"https:\/\/linkmarkt.eu\/pl\/wp-json\/wp\/v2\/media?parent=14789"}],"wp:term":[{"taxonomy":"product_brand","embeddable":true,"href":"https:\/\/linkmarkt.eu\/pl\/wp-json\/wp\/v2\/product_brand?post=14789"},{"taxonomy":"product_cat","embeddable":true,"href":"https:\/\/linkmarkt.eu\/pl\/wp-json\/wp\/v2\/product_cat?post=14789"},{"taxonomy":"product_tag","embeddable":true,"href":"https:\/\/linkmarkt.eu\/pl\/wp-json\/wp\/v2\/product_tag?post=14789"}],"curies":[{"name":"wp","href":"https:\/\/api.w.org\/{rel}","templated":true}]}}