{"id":14886,"date":"2025-10-15T23:03:47","date_gmt":"2025-10-15T21:03:47","guid":{"rendered":"https:\/\/linkmarkt.eu\/?post_type=product&#038;p=14886"},"modified":"2025-12-24T22:40:53","modified_gmt":"2025-12-24T21:40:53","slug":"025-herren-sportbekleidung-fruehling-sommer-trainingsanzug-2-teiliges-set-jacke-hose","status":"publish","type":"product","link":"https:\/\/linkmarkt.eu\/pl\/product\/025-herren-sportbekleidung-fruehling-sommer-trainingsanzug-2-teiliges-set-jacke-hose\/","title":{"rendered":"025 Herren Sportbekleidung Fr\u00fchling &#038; Sommer Trainingsanzug \u2013 2-teiliges Set (Jacke + Hose)"},"content":{"rendered":"<p data-start=\"263\" data-end=\"597\">Leichter und stylischer Trainingsanzug f\u00fcr M\u00e4nner \u2013 ideal f\u00fcr Fr\u00fchling und Sommer. Das Set besteht aus einer atmungsaktiven Sonnenjacke und einer bequemen Jogginghose. Perfekt geeignet f\u00fcr Fitness, Laufen, Freizeit oder den t\u00e4glichen Gebrauch. Der d\u00fcnne Stoff sorgt f\u00fcr optimalen Komfort, auch bei w\u00e4rmerem Wetter.<\/p>\n<p data-start=\"599\" data-end=\"620\"><strong data-start=\"599\" data-end=\"618\">Produktdetails:<\/strong><\/p>\n<ul data-start=\"621\" data-end=\"1121\">\n<li data-start=\"621\" data-end=\"667\">\n<p data-start=\"623\" data-end=\"667\">\ud83d\udc55 <strong data-start=\"626\" data-end=\"637\">Anlass:<\/strong> Freizeit \/ Sport \/ Training<\/p>\n<\/li>\n<li data-start=\"668\" data-end=\"705\">\n<p data-start=\"670\" data-end=\"705\">\ud83c\udf24\ufe0f <strong data-start=\"674\" data-end=\"685\">Saison:<\/strong> Fr\u00fchling &amp; Sommer<\/p>\n<\/li>\n<li data-start=\"706\" data-end=\"774\">\n<p data-start=\"708\" data-end=\"774\">\ud83e\uddf5 <strong data-start=\"711\" data-end=\"724\">Material:<\/strong> 100 % Polyester \u2013 atmungsaktiv und pflegeleicht<\/p>\n<\/li>\n<li data-start=\"775\" data-end=\"811\">\n<p data-start=\"777\" data-end=\"811\">\ud83c\udde8\ud83c\uddf3 <strong data-start=\"782\" data-end=\"795\">Herkunft:<\/strong> Fujian, China<\/p>\n<\/li>\n<li data-start=\"812\" data-end=\"851\">\n<p data-start=\"814\" data-end=\"851\">\u26a1 <strong data-start=\"816\" data-end=\"834\">Verschlussart:<\/strong> Rei\u00dfverschluss<\/p>\n<\/li>\n<li data-start=\"852\" data-end=\"883\">\n<p data-start=\"854\" data-end=\"883\">\ud83e\ude73 <strong data-start=\"857\" data-end=\"871\">Hosenbund:<\/strong> Elastisch<\/p>\n<\/li>\n<li data-start=\"884\" data-end=\"911\">\n<p data-start=\"886\" data-end=\"911\">\ud83c\udfa8 <strong data-start=\"889\" data-end=\"900\">Muster:<\/strong> Bedruckt<\/p>\n<\/li>\n<li data-start=\"912\" data-end=\"954\">\n<p data-start=\"914\" data-end=\"954\">\ud83d\udc54 <strong data-start=\"917\" data-end=\"928\">Webart:<\/strong> Tatting (feines Gewebe)<\/p>\n<\/li>\n<li data-start=\"955\" data-end=\"1029\">\n<p data-start=\"957\" data-end=\"1029\">\ud83d\udca1 <strong data-start=\"960\" data-end=\"979\">Besonderheiten:<\/strong> Applikationen, leichtes Material, volle \u00d6ffnung<\/p>\n<\/li>\n<li data-start=\"1030\" data-end=\"1088\">\n<p data-start=\"1032\" data-end=\"1088\">\u2702\ufe0f <strong data-start=\"1035\" data-end=\"1048\">Passform:<\/strong> Normale Passform, 9\/10-L\u00e4nge der Hose<\/p>\n<\/li>\n<li data-start=\"1089\" data-end=\"1121\">\n<p data-start=\"1091\" data-end=\"1121\">\ud83e\uddcd\u200d\u2642\ufe0f <strong data-start=\"1097\" data-end=\"1112\">Zielgruppe:<\/strong> Herren<\/p>\n<\/li>\n<\/ul>\n<p data-start=\"1123\" data-end=\"1235\"><strong data-start=\"1123\" data-end=\"1132\">Stil:<\/strong> Sportlich, modern und funktional \u2013 perfekt f\u00fcr aktive M\u00e4nner, die Wert auf Komfort und Design legen.<\/p>\n<h1><img decoding=\"async\" style=\"font-size: 16px; color: #707070;\" src=\"https:\/\/ae01.alicdn.com\/kf\/S250e593f8d7f4f128c174d94eca48469h.jpg?width=750&amp;height=972&amp;hash=1722\" data-id=\"ckeditor_img55\" data-index=\"img0\" \/><img decoding=\"async\" style=\"font-size: 16px; color: #707070;\" src=\"https:\/\/ae01.alicdn.com\/kf\/S4625705f10c146ed99d8648f145c1f18x.jpg?width=750&amp;height=953&amp;hash=1703\" data-id=\"ckeditor_img56\" data-index=\"img0\" \/><img decoding=\"async\" style=\"font-size: 16px; color: #707070;\" src=\"https:\/\/ae01.alicdn.com\/kf\/S3eee6cc7721c4370a4956bac8be09a4c0.jpg?width=790&amp;height=745&amp;hash=1535\" data-id=\"ckeditor_img57\" \/><img decoding=\"async\" style=\"font-size: 16px; color: #707070;\" src=\"https:\/\/ae01.alicdn.com\/kf\/S182443264211460abedffae79fb3cbccV.jpg?width=676&amp;height=563&amp;hash=1239\" data-id=\"ckeditor_img55\" \/><img decoding=\"async\" style=\"font-size: 16px; color: #707070;\" src=\"https:\/\/ae01.alicdn.com\/kf\/Sfbde760b5ca445eb9931919c5870c700C.jpg?width=750&amp;height=1162&amp;hash=1912\" data-id=\"ckeditor_img58\" data-index=\"img0\" \/><img decoding=\"async\" style=\"font-size: 16px; color: #707070;\" src=\"https:\/\/ae01.alicdn.com\/kf\/S2c980ea115494bafa85b7763e46ce2dbf.jpg?width=1464&amp;height=600&amp;hash=2064\" data-id=\"ckeditor_img92\" \/><img decoding=\"async\" style=\"font-size: 16px; color: #707070;\" src=\"https:\/\/ae01.alicdn.com\/kf\/S774235c0eafe4983ac00e0a2643f5c6fH.jpg?width=750&amp;height=601&amp;hash=1351\" data-id=\"ckeditor_img60\" data-index=\"img0\" \/><img decoding=\"async\" style=\"font-size: 16px; color: #707070;\" src=\"https:\/\/ae01.alicdn.com\/kf\/S92f8afcd61af4bc886dc9e2158ab11dbz.jpg?width=750&amp;height=792&amp;hash=1542\" data-id=\"ckeditor_img61\" data-index=\"img0\" \/><img decoding=\"async\" style=\"font-size: 16px; color: #707070;\" src=\"https:\/\/ae01.alicdn.com\/kf\/Sa483335f8ec14d5cb0da8111c28d2317d.jpg?width=750&amp;height=603&amp;hash=1353\" data-id=\"ckeditor_img62\" data-index=\"img0\" \/><img decoding=\"async\" style=\"font-size: 16px; color: #707070;\" src=\"https:\/\/ae01.alicdn.com\/kf\/S7a1ec68307b24b35b96ec67a8db6a7b8k.jpg?width=750&amp;height=667&amp;hash=1417\" data-id=\"ckeditor_img63\" data-index=\"img0\" \/><img decoding=\"async\" style=\"font-size: 16px; color: #707070;\" src=\"https:\/\/ae01.alicdn.com\/kf\/Sb233542fe97c40d59b01b37f5c82755d0.jpg?width=750&amp;height=1101&amp;hash=1851\" data-id=\"ckeditor_img64\" data-index=\"img0\" \/><img decoding=\"async\" style=\"font-size: 16px; color: #707070;\" src=\"https:\/\/ae01.alicdn.com\/kf\/S660d845cd4cd4cf19403863f7a2e9983F.jpg?width=750&amp;height=555&amp;hash=1305\" data-id=\"ckeditor_img65\" \/><img decoding=\"async\" style=\"font-size: 16px; color: #707070;\" src=\"https:\/\/ae01.alicdn.com\/kf\/S34d54c863d014fe78cf090c448197cfe6.jpg?width=750&amp;height=938&amp;hash=1688\" data-id=\"ckeditor_img66\" \/><img decoding=\"async\" style=\"font-size: 16px; color: #707070;\" src=\"https:\/\/ae01.alicdn.com\/kf\/S9697b4b4f5734a46a36366dff48961fcH.jpg?width=750&amp;height=928&amp;hash=1678\" data-id=\"ckeditor_img67\" \/><img decoding=\"async\" style=\"font-size: 16px; color: #707070;\" src=\"https:\/\/ae01.alicdn.com\/kf\/S5e4d763df50c41728d0847b2b54b0220Z.jpg?width=750&amp;height=937&amp;hash=1687\" data-id=\"ckeditor_img68\" \/><img decoding=\"async\" style=\"font-size: 16px; color: #707070;\" src=\"https:\/\/ae01.alicdn.com\/kf\/S75880d475c1946d8be7af36ede694c4e7.jpg?width=750&amp;height=957&amp;hash=1707\" data-id=\"ckeditor_img69\" \/><img decoding=\"async\" style=\"width: 790px; height: 1297px;\" src=\"https:\/\/ae01.alicdn.com\/kf\/Sc1c284dc835f4307b1edf6b99e169a7ed.jpg?width=790&amp;height=1297&amp;hash=2087\" data-id=\"ckeditor_img93\" \/><img decoding=\"async\" style=\"width: 790px; height: 1104px;\" src=\"https:\/\/ae01.alicdn.com\/kf\/S9802695df0fe40af8a281eaa8888e7230.jpg?width=790&amp;height=1104&amp;hash=1894\" data-id=\"ckeditor_img94\" \/><img decoding=\"async\" style=\"width: 790px; height: 1102px;\" src=\"https:\/\/ae01.alicdn.com\/kf\/S19cfe6fab5ab4a7b8fe399232a7b33d1C.jpg?width=790&amp;height=1102&amp;hash=1892\" data-id=\"ckeditor_img95\" \/><img decoding=\"async\" style=\"font-size: 16px; color: #707070;\" src=\"https:\/\/ae01.alicdn.com\/kf\/S15bffa606a954463a2600aec9df36c24i.jpg?width=790&amp;height=1097&amp;hash=1887\" data-id=\"ckeditor_img96\" \/><img decoding=\"async\" style=\"font-size: 16px; color: #707070;\" src=\"https:\/\/ae01.alicdn.com\/kf\/Sde7959e17b784128b856920698a1e3a0p.jpg?width=790&amp;height=968&amp;hash=1758\" data-id=\"ckeditor_img97\" \/><img decoding=\"async\" style=\"font-size: 16px; color: #707070;\" src=\"https:\/\/ae01.alicdn.com\/kf\/S8c9d6b8230b241fdb3876c861ab5a7cbG.jpg?width=790&amp;height=972&amp;hash=1762\" data-id=\"ckeditor_img98\" \/><img decoding=\"async\" style=\"font-size: 16px; color: #707070;\" src=\"https:\/\/ae01.alicdn.com\/kf\/S869fb1f7662740829b8fdb1cef9ee893P.jpg?width=790&amp;height=974&amp;hash=1764\" data-id=\"ckeditor_img99\" \/><img decoding=\"async\" style=\"font-size: 16px; color: #707070;\" src=\"https:\/\/ae01.alicdn.com\/kf\/S0951cff84864440a88a12d58bfe24844j.jpg?width=790&amp;height=975&amp;hash=1765\" data-id=\"ckeditor_img100\" \/><img decoding=\"async\" style=\"font-size: 16px; color: #707070;\" src=\"https:\/\/ae01.alicdn.com\/kf\/S4056c8c92de94cb291c4e839ef7ac541o.jpg?width=750&amp;height=1270&amp;hash=2020\" data-id=\"ckeditor_img70\" data-index=\"img0\" \/><img decoding=\"async\" style=\"font-size: 16px; color: #707070;\" src=\"https:\/\/ae01.alicdn.com\/kf\/Sf1679826e9a748119026dedb587b07f9y.jpg?width=750&amp;height=1094&amp;hash=1844\" data-id=\"ckeditor_img71\" data-index=\"img0\" \/><img decoding=\"async\" style=\"font-size: 16px; color: #707070;\" src=\"https:\/\/ae01.alicdn.com\/kf\/S93d40ad936fb46878e79aafa1b31d1f6I.jpg?width=750&amp;height=573&amp;hash=1323\" data-id=\"ckeditor_img72\" data-index=\"img0\" \/><\/h1>\n","protected":false},"excerpt":{"rendered":"<p>Leichter und stylischer Trainingsanzug f\u00fcr M\u00e4nner \u2013 ideal f\u00fcr Fr\u00fchling und Sommer. Das Set besteht aus einer atmungsaktiven Sonnenjacke und einer bequemen Jogginghose. Perfekt geeignet f\u00fcr Fitness, Laufen, Freizeit oder den t\u00e4glichen Gebrauch. Der d\u00fcnne Stoff sorgt f\u00fcr optimalen Komfort, auch bei w\u00e4rmerem Wetter. Produktdetails: \ud83d\udc55 Anlass: Freizeit \/ Sport \/ Training \ud83c\udf24\ufe0f Saison: Fr\u00fchling [&hellip;]<\/p>\n","protected":false},"featured_media":14838,"comment_status":"open","ping_status":"closed","template":"","meta":{"_seopress_robots_primary_cat":"none","_seopress_titles_title":"","_seopress_titles_desc":"","_seopress_robots_index":"","googlesitekit_rrm_CAowz76iDA:productID":""},"product_brand":[],"product_cat":[292],"product_tag":[],"class_list":{"0":"post-14886","1":"product","2":"type-product","3":"status-publish","4":"has-post-thumbnail","6":"product_cat-store-packages","8":"first","9":"instock","10":"sale","11":"taxable","12":"shipping-taxable","13":"purchasable","14":"product-type-variable"},"_links":{"self":[{"href":"https:\/\/linkmarkt.eu\/pl\/wp-json\/wp\/v2\/product\/14886","targetHints":{"allow":["GET"]}}],"collection":[{"href":"https:\/\/linkmarkt.eu\/pl\/wp-json\/wp\/v2\/product"}],"about":[{"href":"https:\/\/linkmarkt.eu\/pl\/wp-json\/wp\/v2\/types\/product"}],"replies":[{"embeddable":true,"href":"https:\/\/linkmarkt.eu\/pl\/wp-json\/wp\/v2\/comments?post=14886"}],"version-history":[{"count":1,"href":"https:\/\/linkmarkt.eu\/pl\/wp-json\/wp\/v2\/product\/14886\/revisions"}],"predecessor-version":[{"id":15030,"href":"https:\/\/linkmarkt.eu\/pl\/wp-json\/wp\/v2\/product\/14886\/revisions\/15030"}],"wp:featuredmedia":[{"embeddable":true,"href":"https:\/\/linkmarkt.eu\/pl\/wp-json\/wp\/v2\/media\/14838"}],"wp:attachment":[{"href":"https:\/\/linkmarkt.eu\/pl\/wp-json\/wp\/v2\/media?parent=14886"}],"wp:term":[{"taxonomy":"product_brand","embeddable":true,"href":"https:\/\/linkmarkt.eu\/pl\/wp-json\/wp\/v2\/product_brand?post=14886"},{"taxonomy":"product_cat","embeddable":true,"href":"https:\/\/linkmarkt.eu\/pl\/wp-json\/wp\/v2\/product_cat?post=14886"},{"taxonomy":"product_tag","embeddable":true,"href":"https:\/\/linkmarkt.eu\/pl\/wp-json\/wp\/v2\/product_tag?post=14886"}],"curies":[{"name":"wp","href":"https:\/\/api.w.org\/{rel}","templated":true}]}}