{"id":15070,"date":"2025-10-16T08:09:47","date_gmt":"2025-10-16T06:09:47","guid":{"rendered":"https:\/\/linkmarkt.eu\/?post_type=product&#038;p=15070"},"modified":"2025-12-24T22:40:54","modified_gmt":"2025-12-24T21:40:54","slug":"2025-herren-trainingsanzug-fruehling-herbst-stylisches-jogging-set-mit-reissverschluss-jacke-hose-sportlich-laessig-attraktiv","status":"publish","type":"product","link":"https:\/\/linkmarkt.eu\/pl\/product\/2025-herren-trainingsanzug-fruehling-herbst-stylisches-jogging-set-mit-reissverschluss-jacke-hose-sportlich-laessig-attraktiv\/","title":{"rendered":"2025 Herren Trainingsanzug Fr\u00fchling &#038; Herbst \u2013 Stylisches Jogging Set mit Rei\u00dfverschluss Jacke &#038; Hose | Sportlich, L\u00e4ssig &#038; Attraktiv"},"content":{"rendered":"<p data-start=\"408\" data-end=\"666\">Bringe Stil, Energie und Selbstbewusstsein in deine Trainingsroutine! \ud83d\udca5<br data-start=\"480\" data-end=\"483\" \/>Dieser <strong data-start=\"490\" data-end=\"527\">zweiteilige Herren-Trainingsanzug<\/strong> ist die perfekte Kombination aus <strong data-start=\"561\" data-end=\"600\">Komfort und maskuliner Ausstrahlung<\/strong> \u2013 ideal f\u00fcr Reisen, Fitness, Freizeit oder einfach zum Chillen.<\/p>\n<p data-start=\"668\" data-end=\"1068\">Das leichte, atmungsaktive <strong data-start=\"695\" data-end=\"717\">Polyester-Material<\/strong> sorgt f\u00fcr ein angenehmes Tragegef\u00fchl bei Fr\u00fchlingstemperaturen, w\u00e4hrend das <strong data-start=\"794\" data-end=\"827\">flauschige Fleece-Innenfutter<\/strong> dich angenehm warm h\u00e4lt.<br data-start=\"852\" data-end=\"855\" \/>Die <strong data-start=\"859\" data-end=\"882\">Rei\u00dfverschlussjacke<\/strong> mit modernem Print-Design und die sportliche Hose mit elastischem Bund formen eine <strong data-start=\"966\" data-end=\"998\">l\u00e4ssig-sportliche Silhouette<\/strong>, die sowohl beim Training als auch beim Stadtbummel Eindruck macht.<\/p>\n<p data-start=\"1070\" data-end=\"1104\">\u2728 <strong data-start=\"1072\" data-end=\"1102\">Warum du ihn lieben wirst:<\/strong><\/p>\n<ul data-start=\"1105\" data-end=\"1365\">\n<li data-start=\"1105\" data-end=\"1148\">\n<p data-start=\"1107\" data-end=\"1148\">\ud83d\udd25 Stylischer Look f\u00fcr Alltag &amp; Fitness<\/p>\n<\/li>\n<li data-start=\"1149\" data-end=\"1200\">\n<p data-start=\"1151\" data-end=\"1200\">\ud83d\udcaa Angenehmer Tragekomfort durch weiches Fleece<\/p>\n<\/li>\n<li data-start=\"1201\" data-end=\"1258\">\n<p data-start=\"1203\" data-end=\"1258\">\ud83d\udc55 Vollst\u00e4ndiger Rei\u00dfverschluss f\u00fcr flexibles Styling<\/p>\n<\/li>\n<li data-start=\"1259\" data-end=\"1316\">\n<p data-start=\"1261\" data-end=\"1316\">\ud83c\udf0d Perfekt f\u00fcr Reisen, Freizeit &amp; Outdoor-Aktivit\u00e4ten<\/p>\n<\/li>\n<li data-start=\"1317\" data-end=\"1365\">\n<p data-start=\"1319\" data-end=\"1365\">\ud83d\udda4 Zeigt Stil, Energie und Selbstbewusstsein<\/p>\n<\/li>\n<\/ul>\n<p data-start=\"1367\" data-end=\"1464\">Mach jeden Tag zu deinem Runway \u2013 mit einem Look, der Sport und Stil perfekt verbindet. \ud83c\udfc3\u200d\u2642\ufe0f\ud83d\udcab<\/p>\n<div class=\"detailmodule_html\">\n<div class=\"detail-desc-decorate-richtext\">\n<div style=\"display: mangofig;\">\n<div style=\"height: 0; overflow: hidden;\">modname=images&amp;cols=1&amp;colspace=10&amp;rowspace=10&amp;align=center<\/div>\n<div>\n<div style=\"display: flex;\">\n<div style=\"width: 100%; flex: 1 1 0px; text-align: center;\"><img decoding=\"async\" src=\"https:\/\/ae01.alicdn.com\/kf\/S9e1313ca72a74fd3ba34049e379a6b89s.jpg\" \/><\/div>\n<\/div>\n<\/div>\n<\/div>\n<div style=\"display: mangofig;\">\n<div style=\"height: 0; overflow: hidden;\">modname=images&amp;cols=1&amp;colspace=10&amp;rowspace=10&amp;align=center<\/div>\n<div>\n<div style=\"display: flex;\">\n<div style=\"width: 100%; flex: 1 1 0px; text-align: center;\"><img decoding=\"async\" src=\"https:\/\/ae01.alicdn.com\/kf\/Sd14b509909fb4be9b258ec82f6487a35Z.jpg\" \/><\/div>\n<\/div>\n<div style=\"display: flex; margin-top: 10px;\">\n<div style=\"width: 100%; flex: 1 1 0px; text-align: center;\"><img decoding=\"async\" src=\"https:\/\/ae01.alicdn.com\/kf\/S6bb9e0dcbbd548baa7f330e73ae82e4dG.jpg\" \/><\/div>\n<\/div>\n<div style=\"display: flex; margin-top: 10px;\">\n<div style=\"width: 100%; flex: 1 1 0px; text-align: center;\"><img decoding=\"async\" src=\"https:\/\/ae01.alicdn.com\/kf\/S6c2988ea274b46d793d0ba5dd9772755g.jpg\" \/><\/div>\n<\/div>\n<div style=\"display: flex; margin-top: 10px;\">\n<div style=\"width: 100%; flex: 1 1 0px; text-align: center;\"><img decoding=\"async\" src=\"https:\/\/ae01.alicdn.com\/kf\/S95d6d90c6324422db40d2a795c344d4eN.jpg\" \/><\/div>\n<\/div>\n<div style=\"display: flex; margin-top: 10px;\">\n<div style=\"width: 100%; flex: 1 1 0px; text-align: center;\"><img decoding=\"async\" src=\"https:\/\/ae01.alicdn.com\/kf\/Sb755237b7b6c49369b45089962cf8d52C.jpg\" \/><\/div>\n<\/div>\n<div style=\"display: flex; margin-top: 10px;\">\n<div style=\"width: 100%; flex: 1 1 0px; text-align: center;\"><img decoding=\"async\" src=\"https:\/\/ae01.alicdn.com\/kf\/S0d424a89715b4a309fe9804d363b6a1bt.jpg\" \/><\/div>\n<\/div>\n<\/div>\n<\/div>\n<div style=\"display: mangofig;\">\n<div style=\"height: 0; overflow: hidden;\">modname=images&amp;cols=1&amp;colspace=10&amp;rowspace=10&amp;align=center<\/div>\n<div>\n<div style=\"display: flex;\">\n<div style=\"width: 100%; flex: 1 1 0px; text-align: center;\"><img decoding=\"async\" src=\"https:\/\/ae01.alicdn.com\/kf\/S7cb993e72b2a43f8ab0fc76cf93b73588.jpg\" \/><\/div>\n<\/div>\n<\/div>\n<\/div>\n<\/div>\n<\/div>\n","protected":false},"excerpt":{"rendered":"<p>Bringe Stil, Energie und Selbstbewusstsein in deine Trainingsroutine! \ud83d\udca5Dieser zweiteilige Herren-Trainingsanzug ist die perfekte Kombination aus Komfort und maskuliner Ausstrahlung \u2013 ideal f\u00fcr Reisen, Fitness, Freizeit oder einfach zum Chillen. Das leichte, atmungsaktive Polyester-Material sorgt f\u00fcr ein angenehmes Tragegef\u00fchl bei Fr\u00fchlingstemperaturen, w\u00e4hrend das flauschige Fleece-Innenfutter dich angenehm warm h\u00e4lt.Die Rei\u00dfverschlussjacke mit modernem Print-Design und die [&hellip;]<\/p>\n","protected":false},"featured_media":15031,"comment_status":"open","ping_status":"closed","template":"","meta":{"_seopress_robots_primary_cat":"none","_seopress_titles_title":"2025 Herren Trainingsanzug Fr\u00fchling & Herbst \u2013 Stylisches Jogging Set mit Jacke & Hose | Sportlich & Komfortabel","_seopress_titles_desc":"Entdecke den 2025 Herren Trainingsanzug \u2013 sportlich, l\u00e4ssig & maskulin. Rei\u00dfverschlussjacke + Sporthose mit Fleece f\u00fcr Komfort & Stil. Ideal f\u00fcr Fr\u00fchling & Herbst! \ud83c\udfc3\u200d\u2642\ufe0f","_seopress_robots_index":"","googlesitekit_rrm_CAowz76iDA:productID":""},"product_brand":[],"product_cat":[1641],"product_tag":[],"class_list":{"0":"post-15070","1":"product","2":"type-product","3":"status-publish","4":"has-post-thumbnail","6":"product_cat-mode-accessoires","8":"first","9":"instock","10":"taxable","11":"shipping-taxable","12":"product-type-variable"},"_links":{"self":[{"href":"https:\/\/linkmarkt.eu\/pl\/wp-json\/wp\/v2\/product\/15070","targetHints":{"allow":["GET"]}}],"collection":[{"href":"https:\/\/linkmarkt.eu\/pl\/wp-json\/wp\/v2\/product"}],"about":[{"href":"https:\/\/linkmarkt.eu\/pl\/wp-json\/wp\/v2\/types\/product"}],"replies":[{"embeddable":true,"href":"https:\/\/linkmarkt.eu\/pl\/wp-json\/wp\/v2\/comments?post=15070"}],"version-history":[{"count":1,"href":"https:\/\/linkmarkt.eu\/pl\/wp-json\/wp\/v2\/product\/15070\/revisions"}],"predecessor-version":[{"id":15088,"href":"https:\/\/linkmarkt.eu\/pl\/wp-json\/wp\/v2\/product\/15070\/revisions\/15088"}],"wp:featuredmedia":[{"embeddable":true,"href":"https:\/\/linkmarkt.eu\/pl\/wp-json\/wp\/v2\/media\/15031"}],"wp:attachment":[{"href":"https:\/\/linkmarkt.eu\/pl\/wp-json\/wp\/v2\/media?parent=15070"}],"wp:term":[{"taxonomy":"product_brand","embeddable":true,"href":"https:\/\/linkmarkt.eu\/pl\/wp-json\/wp\/v2\/product_brand?post=15070"},{"taxonomy":"product_cat","embeddable":true,"href":"https:\/\/linkmarkt.eu\/pl\/wp-json\/wp\/v2\/product_cat?post=15070"},{"taxonomy":"product_tag","embeddable":true,"href":"https:\/\/linkmarkt.eu\/pl\/wp-json\/wp\/v2\/product_tag?post=15070"}],"curies":[{"name":"wp","href":"https:\/\/api.w.org\/{rel}","templated":true}]}}