{"id":15280,"date":"2025-10-16T11:38:31","date_gmt":"2025-10-16T09:38:31","guid":{"rendered":"https:\/\/linkmarkt.eu\/?post_type=product&#038;p=15280"},"modified":"2025-12-24T22:40:54","modified_gmt":"2025-12-24T21:40:54","slug":"bioaqua-centella-hautpflege-set-6-teilig-feuchtigkeitsspendend-anti-falten-pflege-fuer-gesicht","status":"publish","type":"product","link":"https:\/\/linkmarkt.eu\/pl\/product\/bioaqua-centella-hautpflege-set-6-teilig-feuchtigkeitsspendend-anti-falten-pflege-fuer-gesicht\/","title":{"rendered":"BIOAQUA Centella Hautpflege-Set 6-teilig \u2013 Feuchtigkeitsspendend &#038; Anti-Falten Pflege f\u00fcr Gesicht"},"content":{"rendered":"<p data-start=\"299\" data-end=\"591\">Das <strong data-start=\"303\" data-end=\"349\">BIOAQUA Centella Hautpflege-Set (6-teilig)<\/strong> bietet eine komplette Gesichtsbehandlung f\u00fcr alle Hauttypen.<br data-start=\"410\" data-end=\"413\" \/>Mit wertvollen <strong data-start=\"428\" data-end=\"450\">Centella-Extrakten<\/strong> unterst\u00fctzt es die nat\u00fcrliche Regeneration der Haut, spendet intensiv <strong data-start=\"521\" data-end=\"537\">Feuchtigkeit<\/strong> und reduziert sichtbar <strong data-start=\"561\" data-end=\"588\">Falten und feine Linien<\/strong>.<\/p>\n<p data-start=\"593\" data-end=\"775\">Das Set enth\u00e4lt alles, was Sie f\u00fcr eine t\u00e4gliche Pflege ben\u00f6tigen: <strong data-start=\"660\" data-end=\"711\">Reinigungscreme, Toner, Serum und Gesichtscreme<\/strong> \u2013 f\u00fcr eine glatte, strahlende und jugendlich aussehende Haut.<\/p>\n<p data-start=\"777\" data-end=\"794\">\u2728 <strong data-start=\"779\" data-end=\"792\">Vorteile:<\/strong><\/p>\n<ul data-start=\"795\" data-end=\"1012\">\n<li data-start=\"795\" data-end=\"846\">\n<p data-start=\"797\" data-end=\"846\">Reduziert Falten und Anzeichen der Hautalterung<\/p>\n<\/li>\n<li data-start=\"847\" data-end=\"885\">\n<p data-start=\"849\" data-end=\"885\">Spendet tiefenwirksam Feuchtigkeit<\/p>\n<\/li>\n<li data-start=\"886\" data-end=\"916\">\n<p data-start=\"888\" data-end=\"916\">Beruhigt empfindliche Haut<\/p>\n<\/li>\n<li data-start=\"917\" data-end=\"961\">\n<p data-start=\"919\" data-end=\"961\">Verbessert die Elastizit\u00e4t und den Teint<\/p>\n<\/li>\n<li data-start=\"962\" data-end=\"1012\">\n<p data-start=\"964\" data-end=\"1012\">Ideal als Geschenk oder f\u00fcr t\u00e4gliche Anwendung<\/p>\n<\/li>\n<\/ul>\n<p data-start=\"1014\" data-end=\"1123\"><strong data-start=\"1014\" data-end=\"1028\">Anwendung:<\/strong><br data-start=\"1028\" data-end=\"1031\" \/>Morgens und abends nach der Reinigung anwenden. F\u00fcr beste Ergebnisse regelm\u00e4\u00dfig verwenden.<\/p>\n<p data-start=\"1125\" data-end=\"1210\"><strong data-start=\"1125\" data-end=\"1141\">Haltbarkeit:<\/strong> 3 Jahre<br data-start=\"1149\" data-end=\"1152\" \/><strong data-start=\"1152\" data-end=\"1165\">Herkunft:<\/strong> China (Mainland)<br data-start=\"1182\" data-end=\"1185\" \/><strong data-start=\"1185\" data-end=\"1202\">Geeignet f\u00fcr:<\/strong> Damen<\/p>\n<h1><img decoding=\"async\" style=\"font-size: 16px; color: #707070;\" src=\"https:\/\/ae01.alicdn.com\/kf\/S4be3e58800714bc6af086eb6f7cf4303l.jpg?width=790&amp;height=2547&amp;hash=3337\" \/><\/h1>\n<div class=\"detailmodule_html\">\n<div class=\"detail-desc-decorate-richtext\">\n<div>\n<div>\n<p><img decoding=\"async\" src=\"https:\/\/ae01.alicdn.com\/kf\/Se0a5f7977e404ca5a055d43e5c910e9c9.jpg?width=790&amp;height=2547&amp;hash=3337\" \/><br \/>\n<img decoding=\"async\" src=\"https:\/\/ae01.alicdn.com\/kf\/Sbf3668649a5641c39b5a17380a7d1389x.jpg?width=790&amp;height=2548&amp;hash=3338\" \/><br \/>\n<img decoding=\"async\" src=\"https:\/\/ae01.alicdn.com\/kf\/S86ad23aa45774e0786a19dcaf737c350r.jpg?width=790&amp;height=2547&amp;hash=3337\" \/><br \/>\n<img decoding=\"async\" src=\"https:\/\/ae01.alicdn.com\/kf\/Sc897b3aa2ac34f3e9b459912eb1dda4ds.jpg?width=790&amp;height=2547&amp;hash=3337\" \/><\/p>\n<p><img decoding=\"async\" src=\"https:\/\/ae01.alicdn.com\/kf\/Sc4c825e5ffb745fb93367c33aa802fcdT.jpg?width=790&amp;height=2547&amp;hash=3337\" \/><\/p>\n<\/div>\n<\/div>\n<\/div>\n<\/div>\n<p>&nbsp;<\/p>\n","protected":false},"excerpt":{"rendered":"<p>Das BIOAQUA Centella Hautpflege-Set (6-teilig) bietet eine komplette Gesichtsbehandlung f\u00fcr alle Hauttypen.Mit wertvollen Centella-Extrakten unterst\u00fctzt es die nat\u00fcrliche Regeneration der Haut, spendet intensiv Feuchtigkeit und reduziert sichtbar Falten und feine Linien. Das Set enth\u00e4lt alles, was Sie f\u00fcr eine t\u00e4gliche Pflege ben\u00f6tigen: Reinigungscreme, Toner, Serum und Gesichtscreme \u2013 f\u00fcr eine glatte, strahlende und jugendlich aussehende [&hellip;]<\/p>\n","protected":false},"featured_media":15265,"comment_status":"open","ping_status":"closed","template":"","meta":{"_seopress_robots_primary_cat":"none","_seopress_titles_title":"BIOAQUA Centella Hautpflege Set 6-teilig | Feuchtigkeit & Anti-Falten Pflege","_seopress_titles_desc":"Pflegen Sie Ihre Haut mit dem BIOAQUA Centella Hautpflege-Set. 6-teiliges Anti-Aging Set mit Serum, Creme und Toner f\u00fcr glatte, hydratisierte Haut.","_seopress_robots_index":"","googlesitekit_rrm_CAowz76iDA:productID":""},"product_brand":[],"product_cat":[2332],"product_tag":[],"class_list":{"0":"post-15280","1":"product","2":"type-product","3":"status-publish","4":"has-post-thumbnail","6":"product_cat-kosmetik-koerperpflege","8":"first","9":"instock","10":"sale","11":"taxable","12":"shipping-taxable","13":"purchasable","14":"product-type-simple"},"_links":{"self":[{"href":"https:\/\/linkmarkt.eu\/pl\/wp-json\/wp\/v2\/product\/15280","targetHints":{"allow":["GET"]}}],"collection":[{"href":"https:\/\/linkmarkt.eu\/pl\/wp-json\/wp\/v2\/product"}],"about":[{"href":"https:\/\/linkmarkt.eu\/pl\/wp-json\/wp\/v2\/types\/product"}],"replies":[{"embeddable":true,"href":"https:\/\/linkmarkt.eu\/pl\/wp-json\/wp\/v2\/comments?post=15280"}],"version-history":[{"count":2,"href":"https:\/\/linkmarkt.eu\/pl\/wp-json\/wp\/v2\/product\/15280\/revisions"}],"predecessor-version":[{"id":15282,"href":"https:\/\/linkmarkt.eu\/pl\/wp-json\/wp\/v2\/product\/15280\/revisions\/15282"}],"wp:featuredmedia":[{"embeddable":true,"href":"https:\/\/linkmarkt.eu\/pl\/wp-json\/wp\/v2\/media\/15265"}],"wp:attachment":[{"href":"https:\/\/linkmarkt.eu\/pl\/wp-json\/wp\/v2\/media?parent=15280"}],"wp:term":[{"taxonomy":"product_brand","embeddable":true,"href":"https:\/\/linkmarkt.eu\/pl\/wp-json\/wp\/v2\/product_brand?post=15280"},{"taxonomy":"product_cat","embeddable":true,"href":"https:\/\/linkmarkt.eu\/pl\/wp-json\/wp\/v2\/product_cat?post=15280"},{"taxonomy":"product_tag","embeddable":true,"href":"https:\/\/linkmarkt.eu\/pl\/wp-json\/wp\/v2\/product_tag?post=15280"}],"curies":[{"name":"wp","href":"https:\/\/api.w.org\/{rel}","templated":true}]}}