{"id":15576,"date":"2025-10-21T08:55:40","date_gmt":"2025-10-21T06:55:40","guid":{"rendered":"https:\/\/linkmarkt.eu\/product\/dres-meski-2025-dla-ruchu-energii-i-stylu\/"},"modified":"2025-10-21T13:09:53","modified_gmt":"2025-10-21T11:09:53","slug":"dres-meski-2025-dla-ruchu-energii-i-stylu","status":"publish","type":"product","link":"https:\/\/linkmarkt.eu\/pl\/product\/dres-meski-2025-dla-ruchu-energii-i-stylu\/","title":{"rendered":"Dres m\u0119ski 2025 &#8211; dla ruchu, energii i stylu"},"content":{"rendered":"<p>B\u0105d\u017a aktywny-dzi\u0119ki nowemu m\u0119skiemu dresowi 2025!<br \/>\nTen Dwucz\u0119\u015bciowy Dres jest przeznaczony dla m\u0119\u017cczyzn, kt\u00f3rzy szukaj\u0105 komfortu i wydajno\u015bci w jednym.<\/p>\n<p>Elastyczny elastyczny materia\u0142 dostosowuje si\u0119 do ka\u017cdego ruchu, niezale\u017cnie od tego, czy chodzi o bieganie, trening, czy po prostu swobodne poruszanie si\u0119.<br \/>\nKurtka zapinana na zamek zapewnia lekko\u015b\u0107 i wentylacj\u0119, a spodnie zapewniaj\u0105 maksymaln\u0105 swobod\u0119 ruch\u00f3w.<\/p>\n<p>Niezale\u017cnie od tego, czy biegasz w parku, na si\u0142owni czy na \u015bwie\u017cym powietrzu, ten dres b\u0119dzie Ci towarzyszy\u0142 przy ka\u017cdej okazji.<br \/>\nLekki, oddychaj\u0105cy i stylowy \u2013 idealny towarzysz na aktywne dni.<\/p>\n<p>\u2705 Elastyczny i oddychaj\u0105cy materia\u0142<br \/>\n\u2705 Idealny do uprawiania sportu, joggingu i fitnessu<br \/>\n\u2705 Dynamiczny design dla wsp\u00f3\u0142czesnych m\u0119\u017cczyzn<br \/>\n\u2705 Szybko schnie i nie wymaga specjalnej piel\u0119gnacji<\/p>\n<p>\ud83d\udc49 Zam\u00f3w teraz lub dowiedz si\u0119 wi\u0119cej:<br \/>\nKliknij tutaj, aby dowiedzie\u0107 si\u0119 o produkcie<\/p>\n","protected":false},"excerpt":{"rendered":"<p>B\u0105d\u017a aktywny-dzi\u0119ki nowemu m\u0119skiemu dresowi 2025! Ten Dwucz\u0119\u015bciowy Dres jest przeznaczony dla m\u0119\u017cczyzn, kt\u00f3rzy szukaj\u0105 komfortu i wydajno\u015bci w jednym. Elastyczny elastyczny materia\u0142 dostosowuje si\u0119 do ka\u017cdego ruchu, niezale\u017cnie od tego, czy chodzi o bieganie, trening, czy po prostu swobodne poruszanie si\u0119. Kurtka zapinana na zamek zapewnia lekko\u015b\u0107 i wentylacj\u0119, a spodnie zapewniaj\u0105 maksymaln\u0105 swobod\u0119 [&hellip;]<\/p>\n","protected":false},"featured_media":0,"comment_status":"open","ping_status":"closed","template":"","meta":{"_seopress_robots_primary_cat":"","_seopress_titles_title":"","_seopress_titles_desc":"","_seopress_robots_index":"","googlesitekit_rrm_CAowz76iDA:productID":""},"product_brand":[],"product_cat":[292],"product_tag":[],"class_list":{"0":"post-15576","1":"product","2":"type-product","3":"status-publish","5":"product_cat-store-packages","7":"first","8":"instock","9":"downloadable","10":"virtual","11":"sold-individually","12":"taxable","13":"purchasable","14":"product-type-listing_booking"},"_links":{"self":[{"href":"https:\/\/linkmarkt.eu\/pl\/wp-json\/wp\/v2\/product\/15576","targetHints":{"allow":["GET"]}}],"collection":[{"href":"https:\/\/linkmarkt.eu\/pl\/wp-json\/wp\/v2\/product"}],"about":[{"href":"https:\/\/linkmarkt.eu\/pl\/wp-json\/wp\/v2\/types\/product"}],"replies":[{"embeddable":true,"href":"https:\/\/linkmarkt.eu\/pl\/wp-json\/wp\/v2\/comments?post=15576"}],"version-history":[{"count":1,"href":"https:\/\/linkmarkt.eu\/pl\/wp-json\/wp\/v2\/product\/15576\/revisions"}],"predecessor-version":[{"id":15577,"href":"https:\/\/linkmarkt.eu\/pl\/wp-json\/wp\/v2\/product\/15576\/revisions\/15577"}],"wp:attachment":[{"href":"https:\/\/linkmarkt.eu\/pl\/wp-json\/wp\/v2\/media?parent=15576"}],"wp:term":[{"taxonomy":"product_brand","embeddable":true,"href":"https:\/\/linkmarkt.eu\/pl\/wp-json\/wp\/v2\/product_brand?post=15576"},{"taxonomy":"product_cat","embeddable":true,"href":"https:\/\/linkmarkt.eu\/pl\/wp-json\/wp\/v2\/product_cat?post=15576"},{"taxonomy":"product_tag","embeddable":true,"href":"https:\/\/linkmarkt.eu\/pl\/wp-json\/wp\/v2\/product_tag?post=15576"}],"curies":[{"name":"wp","href":"https:\/\/api.w.org\/{rel}","templated":true}]}}