{"id":15580,"date":"2025-10-21T08:47:07","date_gmt":"2025-10-21T06:47:07","guid":{"rendered":"https:\/\/linkmarkt.eu\/product\/nowoczesny-meski-dres-2025-styl-wygoda-i-wolnosc-w-jednym\/"},"modified":"2025-10-21T13:14:24","modified_gmt":"2025-10-21T11:14:24","slug":"nowoczesny-meski-dres-2025-styl-wygoda-i-wolnosc-w-jednym","status":"publish","type":"product","link":"https:\/\/linkmarkt.eu\/pl\/product\/nowoczesny-meski-dres-2025-styl-wygoda-i-wolnosc-w-jednym\/","title":{"rendered":"Nowoczesny m\u0119ski dres 2025-styl, wygoda i wolno\u015b\u0107 w jednym"},"content":{"rendered":"<p>Nowy m\u0119ski dres 2025 \u0142\u0105czy w sobie nowoczesny styl i maksymalny komfort.<br \/>\nNiezale\u017cnie od tego, czy podczas uprawiania sportu, podr\u00f3\u017cy, czy po prostu codziennego \u017cycia, ten str\u00f3j idealnie pasuje i zawsze wygl\u0105da dobrze.<\/p>\n<p>Zestaw sk\u0142ada si\u0119 z eleganckiej kurtki zapinanej na zamek i wygodnych spodni z elastycznym pasem.<br \/>\nWysokiej jako\u015bci materia\u0142 jest mi\u0119kki, Oddychaj\u0105cy i elastyczny \u2013 idealny do \u0107wicze\u0144, treningu lub relaksu.<\/p>\n<p>Nowoczesne dopasowanie zapewnia swobod\u0119 poruszania si\u0119 bez po\u015bwi\u0119cania stylu.<br \/>\nTen garnitur to co\u015b wi\u0119cej ni\u017c tylko odzie\u017c sportowa, to wyraz pewno\u015bci siebie i komfortu.<\/p>\n<p>\u2705 Stylowy design ze sportowym akcentem<br \/>\n\u2705 Idealny do codziennego \u017cycia, relaksu i fitnessu<br \/>\n\u2705 Mi\u0119kki, przyjazny dla sk\u00f3ry materia\u0142<br \/>\n\u2705 \u0141atwa w piel\u0119gnacji i trwa\u0142a<\/p>\n<p>\ud83d\udc49 Dowiedz si\u0119 wi\u0119cej teraz lub ogl\u0105daj bezpo\u015brednio:<br \/>\nPrzejd\u017a do produktu<\/p>\n","protected":false},"excerpt":{"rendered":"<p>Nowy m\u0119ski dres 2025 \u0142\u0105czy w sobie nowoczesny styl i maksymalny komfort. Niezale\u017cnie od tego, czy podczas uprawiania sportu, podr\u00f3\u017cy, czy po prostu codziennego \u017cycia, ten str\u00f3j idealnie pasuje i zawsze wygl\u0105da dobrze. Zestaw sk\u0142ada si\u0119 z eleganckiej kurtki zapinanej na zamek i wygodnych spodni z elastycznym pasem. Wysokiej jako\u015bci materia\u0142 jest mi\u0119kki, Oddychaj\u0105cy i [&hellip;]<\/p>\n","protected":false},"featured_media":0,"comment_status":"open","ping_status":"closed","template":"","meta":{"_seopress_robots_primary_cat":"","_seopress_titles_title":"","_seopress_titles_desc":"","_seopress_robots_index":"","googlesitekit_rrm_CAowz76iDA:productID":""},"product_brand":[],"product_cat":[1076],"product_tag":[],"class_list":{"0":"post-15580","1":"product","2":"type-product","3":"status-publish","5":"product_cat-listeo-booking-pl","7":"first","8":"instock","9":"downloadable","10":"virtual","11":"sold-individually","12":"taxable","13":"purchasable","14":"product-type-listing_booking"},"_links":{"self":[{"href":"https:\/\/linkmarkt.eu\/pl\/wp-json\/wp\/v2\/product\/15580","targetHints":{"allow":["GET"]}}],"collection":[{"href":"https:\/\/linkmarkt.eu\/pl\/wp-json\/wp\/v2\/product"}],"about":[{"href":"https:\/\/linkmarkt.eu\/pl\/wp-json\/wp\/v2\/types\/product"}],"replies":[{"embeddable":true,"href":"https:\/\/linkmarkt.eu\/pl\/wp-json\/wp\/v2\/comments?post=15580"}],"version-history":[{"count":1,"href":"https:\/\/linkmarkt.eu\/pl\/wp-json\/wp\/v2\/product\/15580\/revisions"}],"predecessor-version":[{"id":15581,"href":"https:\/\/linkmarkt.eu\/pl\/wp-json\/wp\/v2\/product\/15580\/revisions\/15581"}],"wp:attachment":[{"href":"https:\/\/linkmarkt.eu\/pl\/wp-json\/wp\/v2\/media?parent=15580"}],"wp:term":[{"taxonomy":"product_brand","embeddable":true,"href":"https:\/\/linkmarkt.eu\/pl\/wp-json\/wp\/v2\/product_brand?post=15580"},{"taxonomy":"product_cat","embeddable":true,"href":"https:\/\/linkmarkt.eu\/pl\/wp-json\/wp\/v2\/product_cat?post=15580"},{"taxonomy":"product_tag","embeddable":true,"href":"https:\/\/linkmarkt.eu\/pl\/wp-json\/wp\/v2\/product_tag?post=15580"}],"curies":[{"name":"wp","href":"https:\/\/api.w.org\/{rel}","templated":true}]}}