{"id":15591,"date":"2025-10-19T11:55:19","date_gmt":"2025-10-19T09:55:19","guid":{"rendered":"https:\/\/linkmarkt.eu\/product\/sadoer-zestaw-do-pielegnacji-skory-dla-mezczyzn-nawilzajacy-krem-do-twarzy-krem-oczyszczajacy-maska-i-krem-do-opalania-dla-mezczyzn\/"},"modified":"2025-10-21T13:29:02","modified_gmt":"2025-10-21T11:29:02","slug":"sadoer-zestaw-do-pielegnacji-skory-dla-mezczyzn-nawilzajacy-krem-do-twarzy-krem-oczyszczajacy-maska-i-krem-do-opalania-dla-mezczyzn","status":"publish","type":"product","link":"https:\/\/linkmarkt.eu\/pl\/product\/sadoer-zestaw-do-pielegnacji-skory-dla-mezczyzn-nawilzajacy-krem-do-twarzy-krem-oczyszczajacy-maska-i-krem-do-opalania-dla-mezczyzn\/","title":{"rendered":"SADOER zestaw do piel\u0119gnacji sk\u00f3ry dla m\u0119\u017cczyzn-nawil\u017caj\u0105cy krem do Twarzy, krem oczyszczaj\u0105cy, maska i krem do opalania dla m\u0119\u017cczyzn"},"content":{"rendered":"<p>m\u0119ski zestaw do piel\u0119gnacji sk\u00f3ry as SADOER oferuje wszystko, czego potrzebuje m\u0119ska sk\u00f3ra na co dzie\u0144.<br \/>\nPo\u0142\u0105czenie kremu do twarzy, mleczka oczyszczaj\u0105cego, maski, balsamu do ust, kremu pod oczy i kremu przeciws\u0142onecznego zapewnia od\u017cywion\u0105, nawil\u017con\u0105 i \u015bwie\u017c\u0105 sk\u00f3r\u0119.<br \/>\nFormu\u0142a z naturalnymi sk\u0142adnikami nawil\u017ca, zmniejsza sucho\u015b\u0107 i chroni sk\u00f3r\u0119 przed wp\u0142ywami \u015brodowiska. Idealny do ka\u017cdej sk\u00f3ry, zw\u0142aszcza po goleniu.<\/p>\n<p>\ud83c\udf3f Zaleta:<\/p>\n<p>Kompletny zestaw do piel\u0119gnacji m\u0119\u017cczyzn 6 W 1<\/p>\n<p>Intensywnie nawil\u017ca<\/p>\n<p>Oczyszcza, od\u017cywia i chroni sk\u00f3r\u0119<\/p>\n<p>Zmniejsza zm\u0119czenie i sucho\u015b\u0107<\/p>\n<p>\u015awie\u017ca, zadbana cera<\/p>\n","protected":false},"excerpt":{"rendered":"<p>m\u0119ski zestaw do piel\u0119gnacji sk\u00f3ry as SADOER oferuje wszystko, czego potrzebuje m\u0119ska sk\u00f3ra na co dzie\u0144. Po\u0142\u0105czenie kremu do twarzy, mleczka oczyszczaj\u0105cego, maski, balsamu do ust, kremu pod oczy i kremu przeciws\u0142onecznego zapewnia od\u017cywion\u0105, nawil\u017con\u0105 i \u015bwie\u017c\u0105 sk\u00f3r\u0119. Formu\u0142a z naturalnymi sk\u0142adnikami nawil\u017ca, zmniejsza sucho\u015b\u0107 i chroni sk\u00f3r\u0119 przed wp\u0142ywami \u015brodowiska. Idealny do ka\u017cdej sk\u00f3ry, [&hellip;]<\/p>\n","protected":false},"featured_media":15485,"comment_status":"open","ping_status":"closed","template":"","meta":{"_seopress_robots_primary_cat":"none","_seopress_titles_title":"SADOER m\u0119ski zestaw do piel\u0119gnacji sk\u00f3ry-nawil\u017caj\u0105cy, oczyszczaj\u0105cy i przeciws\u0142oneczny do zadbanej sk\u00f3ry m\u0119skiej","_seopress_titles_desc":"Zadbaj o swoj\u0105 sk\u00f3r\u0119 za pomoc\u0105 m\u0119skiego zestawu do piel\u0119gnacji sk\u00f3ry SADOER. Zawiera krem do twarzy, \u015brodek czyszcz\u0105cy, mask\u0119, balsam do ust, krem pod oczy i krem przeciws\u0142oneczny \u2013 dla nawil\u017conej, \u015bwie\u017cej i zadbanej m\u0119skiej sk\u00f3ry ka\u017cdego dnia.","_seopress_robots_index":"","googlesitekit_rrm_CAowz76iDA:productID":""},"product_brand":[],"product_cat":[2377],"product_tag":[],"class_list":{"0":"post-15591","1":"product","2":"type-product","3":"status-publish","4":"has-post-thumbnail","6":"product_cat-drogeria-i-kosmetyki","8":"first","9":"instock","10":"sale","11":"taxable","12":"shipping-taxable","13":"purchasable","14":"product-type-variable"},"_links":{"self":[{"href":"https:\/\/linkmarkt.eu\/pl\/wp-json\/wp\/v2\/product\/15591","targetHints":{"allow":["GET"]}}],"collection":[{"href":"https:\/\/linkmarkt.eu\/pl\/wp-json\/wp\/v2\/product"}],"about":[{"href":"https:\/\/linkmarkt.eu\/pl\/wp-json\/wp\/v2\/types\/product"}],"replies":[{"embeddable":true,"href":"https:\/\/linkmarkt.eu\/pl\/wp-json\/wp\/v2\/comments?post=15591"}],"version-history":[{"count":1,"href":"https:\/\/linkmarkt.eu\/pl\/wp-json\/wp\/v2\/product\/15591\/revisions"}],"predecessor-version":[{"id":15599,"href":"https:\/\/linkmarkt.eu\/pl\/wp-json\/wp\/v2\/product\/15591\/revisions\/15599"}],"wp:featuredmedia":[{"embeddable":true,"href":"https:\/\/linkmarkt.eu\/pl\/wp-json\/wp\/v2\/media\/15485"}],"wp:attachment":[{"href":"https:\/\/linkmarkt.eu\/pl\/wp-json\/wp\/v2\/media?parent=15591"}],"wp:term":[{"taxonomy":"product_brand","embeddable":true,"href":"https:\/\/linkmarkt.eu\/pl\/wp-json\/wp\/v2\/product_brand?post=15591"},{"taxonomy":"product_cat","embeddable":true,"href":"https:\/\/linkmarkt.eu\/pl\/wp-json\/wp\/v2\/product_cat?post=15591"},{"taxonomy":"product_tag","embeddable":true,"href":"https:\/\/linkmarkt.eu\/pl\/wp-json\/wp\/v2\/product_tag?post=15591"}],"curies":[{"name":"wp","href":"https:\/\/api.w.org\/{rel}","templated":true}]}}