{"id":15609,"date":"2025-10-21T08:41:07","date_gmt":"2025-10-21T06:41:07","guid":{"rendered":"https:\/\/linkmarkt.eu\/product\/dres-meski-2025-komfort-styl-i-swoboda-ruchow\/"},"modified":"2025-10-22T11:00:14","modified_gmt":"2025-10-22T09:00:14","slug":"dres-meski-2025-komfort-styl-i-swoboda-ruchow","status":"publish","type":"product","link":"https:\/\/linkmarkt.eu\/pl\/product\/dres-meski-2025-komfort-styl-i-swoboda-ruchow\/","title":{"rendered":"Dres m\u0119ski 2025-komfort, styl i swoboda ruch\u00f3w"},"content":{"rendered":"<p>Nowy m\u0119ski dres 2025 zosta\u0142 stworzony dla m\u0119\u017cczyzn, kt\u00f3rzy lubi\u0105 uprawia\u0107 sport-bieganie, fitness lub po prostu codzienne \u017cycie.<br \/>\nZestaw sk\u0142ada si\u0119 z lekkiej kurtki zapinanej na zamek i wygodnych spodni z elastycznym pasem.<br \/>\nTkanina jest oddychaj\u0105ca, mi\u0119kka w sk\u00f3rze i szybkoschn\u0105ca-idealna do uprawiania sportu, rekreacji i podr\u00f3\u017cy.<\/p>\n<p>Dzi\u0119ki elastycznemu dopasowaniu kombinezon zapewnia pe\u0142n\u0105 swobod\u0119 ruch\u00f3w bez \u017cadnych ogranicze\u0144.<br \/>\nNiezale\u017cnie od tego, czy biegasz w parku, spacerujesz, czy odpoczywasz w domu, zawsze czujesz si\u0119 komfortowo i dobrze wygl\u0105dasz.<\/p>\n<p>\u2705 Nowoczesny sportowy design<br \/>\n\u2705 Idealny na wiosn\u0119 i jesie\u0144<br \/>\n\u2705 Elastyczny materia\u0142 o elastycznym komforcie<br \/>\n\u2705 \u0141atwa w piel\u0119gnacji i trwa\u0142a<\/p>\n<p>\ud83d\udc49 Dowiedz si\u0119 wi\u0119cej teraz lub zam\u00f3w bezpo\u015brednio:<br \/>\nZobacz produkt<\/p>\n","protected":false},"excerpt":{"rendered":"<p>Nowy m\u0119ski dres 2025 zosta\u0142 stworzony dla m\u0119\u017cczyzn, kt\u00f3rzy lubi\u0105 uprawia\u0107 sport-bieganie, fitness lub po prostu codzienne \u017cycie. Zestaw sk\u0142ada si\u0119 z lekkiej kurtki zapinanej na zamek i wygodnych spodni z elastycznym pasem. Tkanina jest oddychaj\u0105ca, mi\u0119kka w sk\u00f3rze i szybkoschn\u0105ca-idealna do uprawiania sportu, rekreacji i podr\u00f3\u017cy. Dzi\u0119ki elastycznemu dopasowaniu kombinezon zapewnia pe\u0142n\u0105 swobod\u0119 ruch\u00f3w [&hellip;]<\/p>\n","protected":false},"featured_media":0,"comment_status":"open","ping_status":"closed","template":"","meta":{"_seopress_robots_primary_cat":"","_seopress_titles_title":"","_seopress_titles_desc":"","_seopress_robots_index":"","googlesitekit_rrm_CAowz76iDA:productID":""},"product_brand":[],"product_cat":[1076],"product_tag":[],"class_list":{"0":"post-15609","1":"product","2":"type-product","3":"status-publish","5":"product_cat-listeo-booking-pl","7":"first","8":"instock","9":"downloadable","10":"virtual","11":"sold-individually","12":"taxable","13":"purchasable","14":"product-type-listing_booking"},"_links":{"self":[{"href":"https:\/\/linkmarkt.eu\/pl\/wp-json\/wp\/v2\/product\/15609","targetHints":{"allow":["GET"]}}],"collection":[{"href":"https:\/\/linkmarkt.eu\/pl\/wp-json\/wp\/v2\/product"}],"about":[{"href":"https:\/\/linkmarkt.eu\/pl\/wp-json\/wp\/v2\/types\/product"}],"replies":[{"embeddable":true,"href":"https:\/\/linkmarkt.eu\/pl\/wp-json\/wp\/v2\/comments?post=15609"}],"version-history":[{"count":1,"href":"https:\/\/linkmarkt.eu\/pl\/wp-json\/wp\/v2\/product\/15609\/revisions"}],"predecessor-version":[{"id":15610,"href":"https:\/\/linkmarkt.eu\/pl\/wp-json\/wp\/v2\/product\/15609\/revisions\/15610"}],"wp:attachment":[{"href":"https:\/\/linkmarkt.eu\/pl\/wp-json\/wp\/v2\/media?parent=15609"}],"wp:term":[{"taxonomy":"product_brand","embeddable":true,"href":"https:\/\/linkmarkt.eu\/pl\/wp-json\/wp\/v2\/product_brand?post=15609"},{"taxonomy":"product_cat","embeddable":true,"href":"https:\/\/linkmarkt.eu\/pl\/wp-json\/wp\/v2\/product_cat?post=15609"},{"taxonomy":"product_tag","embeddable":true,"href":"https:\/\/linkmarkt.eu\/pl\/wp-json\/wp\/v2\/product_tag?post=15609"}],"curies":[{"name":"wp","href":"https:\/\/api.w.org\/{rel}","templated":true}]}}