{"id":15613,"date":"2025-10-19T11:38:14","date_gmt":"2025-10-19T09:38:14","guid":{"rendered":"https:\/\/linkmarkt.eu\/product\/24k-zloty-zestaw-do-pielegnacji-skory-z-tonikiem-kremem-do-twarzy-i-esencja-do-nawilzania-oczyszczania-porow-i-kontroli-oleju\/"},"modified":"2025-10-22T11:04:14","modified_gmt":"2025-10-22T09:04:14","slug":"24k-zloty-zestaw-do-pielegnacji-skory-z-tonikiem-kremem-do-twarzy-i-esencja-do-nawilzania-oczyszczania-porow-i-kontroli-oleju","status":"publish","type":"product","link":"https:\/\/linkmarkt.eu\/pl\/product\/24k-zloty-zestaw-do-pielegnacji-skory-z-tonikiem-kremem-do-twarzy-i-esencja-do-nawilzania-oczyszczania-porow-i-kontroli-oleju\/","title":{"rendered":"24K z\u0142oty zestaw do piel\u0119gnacji sk\u00f3ry z tonikiem, kremem do twarzy i esencj\u0105 do nawil\u017cania, oczyszczania por\u00f3w i kontroli oleju"},"content":{"rendered":"<p>Luksusowy zestaw do piel\u0119gnacji sk\u00f3ry z 24-karatowego z\u0142ota zapewnia intensywn\u0105 piel\u0119gnacj\u0119 i widoczne rezultaty. Po\u0142\u0105czenie 24-karatowego z\u0142ota, esencji nawil\u017caj\u0105cej, toniku, emulsji i kremu do twarzy pomaga odblokowa\u0107 pory, pozby\u0107 si\u0119 nadmiaru oleju i nada\u0107 sk\u00f3rze promienny, zdrowy blask. Idealny dla wszystkich rodzaj\u00f3w sk\u00f3ry, szczeg\u00f3lnie dojrza\u0142ej lub zm\u0119czonej. Poczuj \u015bwie\u017co\u015b\u0107 m\u0142odo\u015bci i luksusow\u0105 piel\u0119gnacj\u0119 w jednym zestawie.<\/p>\n","protected":false},"excerpt":{"rendered":"<p>Luksusowy zestaw do piel\u0119gnacji sk\u00f3ry z 24-karatowego z\u0142ota zapewnia intensywn\u0105 piel\u0119gnacj\u0119 i widoczne rezultaty. Po\u0142\u0105czenie 24-karatowego z\u0142ota, esencji nawil\u017caj\u0105cej, toniku, emulsji i kremu do twarzy pomaga odblokowa\u0107 pory, pozby\u0107 si\u0119 nadmiaru oleju i nada\u0107 sk\u00f3rze promienny, zdrowy blask. Idealny dla wszystkich rodzaj\u00f3w sk\u00f3ry, szczeg\u00f3lnie dojrza\u0142ej lub zm\u0119czonej. Poczuj \u015bwie\u017co\u015b\u0107 m\u0142odo\u015bci i luksusow\u0105 piel\u0119gnacj\u0119 w jednym [&hellip;]<\/p>\n","protected":false},"featured_media":15376,"comment_status":"open","ping_status":"closed","template":"","meta":{"_seopress_robots_primary_cat":"none","_seopress_titles_title":"Zestaw do piel\u0119gnacji sk\u00f3ry z 24-karatowego z\u0142ota - luksusowa piel\u0119gnacja sk\u00f3ry, kt\u00f3ra nawil\u017ca, poprawia pory i kontroluje po\u0142ysk","_seopress_titles_desc":"Zadbaj o swoj\u0105 sk\u00f3r\u0119 luksusowo dzi\u0119ki zestawowi do piel\u0119gnacji sk\u00f3ry wykonanemu z 24-karatowego z\u0142ota. Tonik, krem i esencja nawil\u017caj\u0105, oczyszczaj\u0105 pory i zmniejszaj\u0105 po\u0142ysk oleju. Dla g\u0142adkiej, promiennej i m\u0142odzie\u0144czej sk\u00f3ry.","_seopress_robots_index":"","googlesitekit_rrm_CAowz76iDA:productID":""},"product_brand":[],"product_cat":[2338,1640],"product_tag":[],"class_list":{"0":"post-15613","1":"product","2":"type-product","3":"status-publish","4":"has-post-thumbnail","6":"product_cat-kosmetyki-i-pielegnacja-ciala","7":"product_cat-uroda-i-pielegnacja","9":"first","10":"instock","11":"sale","12":"taxable","13":"shipping-taxable","14":"purchasable","15":"product-type-simple"},"_links":{"self":[{"href":"https:\/\/linkmarkt.eu\/pl\/wp-json\/wp\/v2\/product\/15613","targetHints":{"allow":["GET"]}}],"collection":[{"href":"https:\/\/linkmarkt.eu\/pl\/wp-json\/wp\/v2\/product"}],"about":[{"href":"https:\/\/linkmarkt.eu\/pl\/wp-json\/wp\/v2\/types\/product"}],"replies":[{"embeddable":true,"href":"https:\/\/linkmarkt.eu\/pl\/wp-json\/wp\/v2\/comments?post=15613"}],"version-history":[{"count":1,"href":"https:\/\/linkmarkt.eu\/pl\/wp-json\/wp\/v2\/product\/15613\/revisions"}],"predecessor-version":[{"id":15614,"href":"https:\/\/linkmarkt.eu\/pl\/wp-json\/wp\/v2\/product\/15613\/revisions\/15614"}],"wp:featuredmedia":[{"embeddable":true,"href":"https:\/\/linkmarkt.eu\/pl\/wp-json\/wp\/v2\/media\/15376"}],"wp:attachment":[{"href":"https:\/\/linkmarkt.eu\/pl\/wp-json\/wp\/v2\/media?parent=15613"}],"wp:term":[{"taxonomy":"product_brand","embeddable":true,"href":"https:\/\/linkmarkt.eu\/pl\/wp-json\/wp\/v2\/product_brand?post=15613"},{"taxonomy":"product_cat","embeddable":true,"href":"https:\/\/linkmarkt.eu\/pl\/wp-json\/wp\/v2\/product_cat?post=15613"},{"taxonomy":"product_tag","embeddable":true,"href":"https:\/\/linkmarkt.eu\/pl\/wp-json\/wp\/v2\/product_tag?post=15613"}],"curies":[{"name":"wp","href":"https:\/\/api.w.org\/{rel}","templated":true}]}}