{"id":15617,"date":"2025-10-19T11:31:34","date_gmt":"2025-10-19T09:31:34","guid":{"rendered":"https:\/\/linkmarkt.eu\/product\/zestaw-do-pielegnacji-skory-z-zielona-herbata-viareline-nawilzajacy-tonik-z-kontrola-polysku-i-oczaru-wirginijskiego-dla-czystej-zrownowazonej-skory\/"},"modified":"2025-10-19T11:31:34","modified_gmt":"2025-10-19T09:31:34","slug":"zestaw-do-pielegnacji-skory-z-zielona-herbata-viareline-nawilzajacy-tonik-z-kontrola-polysku-i-oczaru-wirginijskiego-dla-czystej-zrownowazonej-skory","status":"publish","type":"product","link":"https:\/\/linkmarkt.eu\/pl\/product\/zestaw-do-pielegnacji-skory-z-zielona-herbata-viareline-nawilzajacy-tonik-z-kontrola-polysku-i-oczaru-wirginijskiego-dla-czystej-zrownowazonej-skory\/","title":{"rendered":"Zestaw do piel\u0119gnacji sk\u00f3ry z zielon\u0105 herbat\u0105 Viareline &#8211; nawil\u017caj\u0105cy tonik z kontrol\u0105 po\u0142ysku i oczaru wirginijskiego dla czystej, zr\u00f3wnowa\u017conej sk\u00f3ry"},"content":{"rendered":"<p>Zestaw Do Piel\u0119gnacji Sk\u00f3ry Viareline Green Tea zapewnia \u015bwie\u017c\u0105, promienn\u0105 i zr\u00f3wnowa\u017con\u0105 sk\u00f3r\u0119. Nawil\u017caj\u0105cy tonik z ekstraktem z zielonej herbaty i oczaru wirginijskiego pomaga regulowa\u0107 nadmiar sebum, odblokowuje pory i przywraca sk\u00f3rze naturalny blask \u2013 bez przet\u0142uszczania si\u0119. Idealny do codziennej piel\u0119gnacji, szczeg\u00f3lnie dla sk\u00f3ry mieszanej i t\u0142ustej.<br \/>\nPoczuj uczucie czysto\u015bci, r\u00f3wnowagi i naturalnej \u015bwie\u017co\u015bci \u2013 ka\u017cdego dnia.<\/p>\n<p>Tonik nawil\u017caj\u0105cy Viareline Green Tea to najwy\u017cszej jako\u015bci produkt do piel\u0119gnacji sk\u00f3ry przeznaczony do oczyszczania, wyr\u00f3wnywania i nawil\u017cania sk\u00f3ry. Ten tonik zawieraj\u0105cy kwas salicylowy i drzewo herbaciane skutecznie zw\u0119\u017ca pory, rozja\u015bnia koloryt sk\u00f3ry i kontroluje produkcj\u0119 sebum.<\/p>\n<p>G\u0142\u00f3wne cechy:<\/p>\n<p>Ten tonik o pojemno\u015bci 100 ml zapewnia g\u0142\u0119bokie od\u017cywienie, poprawia nawil\u017cenie sk\u00f3ry i promuje r\u00f3wnomiern\u0105 cer\u0119. Zawiera naturalne ekstrakty z zielonej herbaty, kt\u00f3re rozja\u015bniaj\u0105 og\u00f3lny koloryt sk\u00f3ry i poprawiaj\u0105 jako\u015b\u0107 sk\u00f3ry poprzez wielowarstwow\u0105 kontrol\u0119 sebum.<\/p>\n<p>Powody zakupu:<\/p>\n<p>Wybierz Viareline ze wzgl\u0119du na zaanga\u017cowanie w wysokiej jako\u015bci sk\u0142adniki i skuteczne wyniki. Opr\u00f3cz rozwi\u0105zywania typowych problem\u00f3w sk\u00f3rnych, ten tonik ma dzia\u0142anie od\u015bwie\u017caj\u0105ce i regeneruj\u0105ce, dzi\u0119ki czemu jest niezb\u0119dnym dodatkiem do codziennej piel\u0119gnacji sk\u00f3ry.<\/p>\n","protected":false},"excerpt":{"rendered":"<p>Zestaw Do Piel\u0119gnacji Sk\u00f3ry Viareline Green Tea zapewnia \u015bwie\u017c\u0105, promienn\u0105 i zr\u00f3wnowa\u017con\u0105 sk\u00f3r\u0119. Nawil\u017caj\u0105cy tonik z ekstraktem z zielonej herbaty i oczaru wirginijskiego pomaga regulowa\u0107 nadmiar sebum, odblokowuje pory i przywraca sk\u00f3rze naturalny blask \u2013 bez przet\u0142uszczania si\u0119. Idealny do codziennej piel\u0119gnacji, szczeg\u00f3lnie dla sk\u00f3ry mieszanej i t\u0142ustej. Poczuj uczucie czysto\u015bci, r\u00f3wnowagi i naturalnej \u015bwie\u017co\u015bci [&hellip;]<\/p>\n","protected":false},"featured_media":15364,"comment_status":"open","ping_status":"closed","template":"","meta":{"_seopress_robots_primary_cat":"none","_seopress_titles_title":"Promienna sk\u00f3ra z tonikiem z zielonej herbaty Viareline","_seopress_titles_desc":"Rozja\u015bnij sk\u00f3r\u0119 dzi\u0119ki naszemu tonikowi z zielonej herbaty: reguluje przet\u0142uszczanie si\u0119, odblokowuje pory i poprawia koloryt sk\u00f3ry. Idealny dla sk\u00f3ry mieszanej i t\u0142ustej!","_seopress_robots_index":"","googlesitekit_rrm_CAowz76iDA:productID":""},"product_brand":[],"product_cat":[2338,2339],"product_tag":[],"class_list":{"0":"post-15617","1":"product","2":"type-product","3":"status-publish","4":"has-post-thumbnail","6":"product_cat-kosmetyki-i-pielegnacja-ciala","7":"product_cat-oczyszczanie-twarzy","9":"first","10":"instock","11":"taxable","12":"shipping-taxable","13":"purchasable","14":"product-type-variable"},"_links":{"self":[{"href":"https:\/\/linkmarkt.eu\/pl\/wp-json\/wp\/v2\/product\/15617","targetHints":{"allow":["GET"]}}],"collection":[{"href":"https:\/\/linkmarkt.eu\/pl\/wp-json\/wp\/v2\/product"}],"about":[{"href":"https:\/\/linkmarkt.eu\/pl\/wp-json\/wp\/v2\/types\/product"}],"replies":[{"embeddable":true,"href":"https:\/\/linkmarkt.eu\/pl\/wp-json\/wp\/v2\/comments?post=15617"}],"version-history":[{"count":0,"href":"https:\/\/linkmarkt.eu\/pl\/wp-json\/wp\/v2\/product\/15617\/revisions"}],"wp:featuredmedia":[{"embeddable":true,"href":"https:\/\/linkmarkt.eu\/pl\/wp-json\/wp\/v2\/media\/15364"}],"wp:attachment":[{"href":"https:\/\/linkmarkt.eu\/pl\/wp-json\/wp\/v2\/media?parent=15617"}],"wp:term":[{"taxonomy":"product_brand","embeddable":true,"href":"https:\/\/linkmarkt.eu\/pl\/wp-json\/wp\/v2\/product_brand?post=15617"},{"taxonomy":"product_cat","embeddable":true,"href":"https:\/\/linkmarkt.eu\/pl\/wp-json\/wp\/v2\/product_cat?post=15617"},{"taxonomy":"product_tag","embeddable":true,"href":"https:\/\/linkmarkt.eu\/pl\/wp-json\/wp\/v2\/product_tag?post=15617"}],"curies":[{"name":"wp","href":"https:\/\/api.w.org\/{rel}","templated":true}]}}