{"id":15635,"date":"2025-10-23T08:35:18","date_gmt":"2025-10-23T06:35:18","guid":{"rendered":"https:\/\/linkmarkt.eu\/?post_type=product&#038;p=15635"},"modified":"2026-01-26T21:54:34","modified_gmt":"2026-01-26T20:54:34","slug":"gesichtspflege-set-zur-aufhellung-der-haut-koreanische-hautpflegebox-mit-creme-serum-toner-lotion","status":"publish","type":"product","link":"https:\/\/linkmarkt.eu\/pl\/product\/gesichtspflege-set-zur-aufhellung-der-haut-koreanische-hautpflegebox-mit-creme-serum-toner-lotion\/","title":{"rendered":"Gesichtspflege-Set zur Aufhellung der Haut \u2013 Koreanische Hautpflegebox mit Creme, Serum, Toner &#038; Lotion"},"content":{"rendered":"<p data-start=\"455\" data-end=\"819\">Entdecke die Kraft koreanischer Hautpflege mit diesem luxuri\u00f6sen Gesichtspflege-Set zur Aufhellung und Pflege der Haut.<br data-start=\"574\" data-end=\"577\" \/>Das Set enth\u00e4lt eine <strong data-start=\"598\" data-end=\"669\">Feuchtigkeitscreme, Serum, Gesichtslotion, Toner und Make-up-Wasser<\/strong>, die zusammen helfen, <strong data-start=\"692\" data-end=\"717\">Melanin zu reduzieren<\/strong>, <strong data-start=\"719\" data-end=\"748\">den Hautton zu verbessern<\/strong> und der Haut ein <strong data-start=\"766\" data-end=\"803\">strahlendes, ebenm\u00e4\u00dfiges Aussehen<\/strong> zu verleihen.<\/p>\n<p data-start=\"821\" data-end=\"975\">Ideal f\u00fcr t\u00e4gliche Anwendung \u2013 spendet Feuchtigkeit, verfeinert die Poren und sorgt f\u00fcr ein frisches, glattes Hautgef\u00fchl.<br data-start=\"942\" data-end=\"945\" \/>Geeignet f\u00fcr alle Hauttypen.<\/p>\n<p data-start=\"977\" data-end=\"995\">\ud83c\udf3f <strong data-start=\"980\" data-end=\"993\">Vorteile:<\/strong><\/p>\n<ul data-start=\"996\" data-end=\"1152\">\n<li data-start=\"996\" data-end=\"1052\">\n<p data-start=\"998\" data-end=\"1052\">Reduziert Pigmentflecken und ungleichm\u00e4\u00dfigen Hautton<\/p>\n<\/li>\n<li data-start=\"1053\" data-end=\"1087\">\n<p data-start=\"1055\" data-end=\"1087\">Spendet intensive Feuchtigkeit<\/p>\n<\/li>\n<li data-start=\"1088\" data-end=\"1119\">\n<p data-start=\"1090\" data-end=\"1119\">Hellt die Haut sichtbar auf<\/p>\n<\/li>\n<li data-start=\"1120\" data-end=\"1152\">\n<p data-start=\"1122\" data-end=\"1152\">F\u00fcr strahlende, gesunde Haut<\/p>\n<\/li>\n<\/ul>\n<p><img decoding=\"async\" src=\"https:\/\/ae01.alicdn.com\/kf\/Sc934062572f0440db80786fa752f3a52k.jpg\" \/><img decoding=\"async\" src=\"https:\/\/ae01.alicdn.com\/kf\/S0482e33e93044872ab8a7f0b54dc4b26t.jpg\" \/><img decoding=\"async\" src=\"https:\/\/ae01.alicdn.com\/kf\/Sdb282f80abc04cbba7053fe4d255c790C.jpg\" \/><img decoding=\"async\" src=\"https:\/\/ae01.alicdn.com\/kf\/S2054a1685a9641ae9a43c22e51c39921G.jpg\" \/><img decoding=\"async\" src=\"https:\/\/ae01.alicdn.com\/kf\/S94425b11a4d0487ebfe3f86130955b83E.jpg\" \/><img decoding=\"async\" src=\"https:\/\/ae01.alicdn.com\/kf\/S6a75abe2e01b4b78801ac55460e07b8df.jpg\" \/><img decoding=\"async\" src=\"https:\/\/ae01.alicdn.com\/kf\/S9b8c0d899470453dba9b16b968e7bebcw.jpg\" \/><img decoding=\"async\" src=\"https:\/\/ae01.alicdn.com\/kf\/S5cbb92c489bf42dfbd8984197f2ba160c.jpg\" \/><img decoding=\"async\" src=\"https:\/\/ae01.alicdn.com\/kf\/Saa3088a3d7a54c6e8daae6224dc90fd0A.jpg\" \/><img decoding=\"async\" src=\"https:\/\/ae01.alicdn.com\/kf\/Sbb2379dcf6ea40e084fcbfb980c50be6v.jpg\" \/><img decoding=\"async\" src=\"https:\/\/ae01.alicdn.com\/kf\/S91e60fddb8ca4587ba869fdf1db164fbs.jpg\" \/><img decoding=\"async\" src=\"https:\/\/ae01.alicdn.com\/kf\/S22f1e720ce114ac09370dc15f4b4db36S.jpg\" \/><img decoding=\"async\" src=\"https:\/\/ae01.alicdn.com\/kf\/Sd4d5c72dc97f410188c0b3b671b06040p.jpg\" \/><img decoding=\"async\" src=\"https:\/\/ae01.alicdn.com\/kf\/Sd473ec2ac0d346128d64b5318e8889aas.jpg\" \/><img decoding=\"async\" src=\"https:\/\/ae01.alicdn.com\/kf\/S48b8e28252ab42288e32fab4bc240fd8J.jpg\" \/><img decoding=\"async\" src=\"https:\/\/ae01.alicdn.com\/kf\/S59d866c5d619428d87e0f976535ba5beb.jpg\" \/><img decoding=\"async\" src=\"https:\/\/ae01.alicdn.com\/kf\/Sbe544d0286564e99b29f3ead8a0b8ba1h.jpg\" \/><img decoding=\"async\" src=\"https:\/\/ae01.alicdn.com\/kf\/Sf943ca65c4af4747b2d2f2e51822e1ba3.jpg\" \/><img decoding=\"async\" src=\"https:\/\/ae01.alicdn.com\/kf\/S62a6b7a15a2448228f53abbaf76fc025f.jpg\" \/><img decoding=\"async\" src=\"https:\/\/ae01.alicdn.com\/kf\/S0c4102bd551249f6a7ca49474f7d256dN.jpg\" \/><img decoding=\"async\" src=\"https:\/\/ae01.alicdn.com\/kf\/Sf5900d6db810459fa6c865eb2c541ff0a.jpg\" \/><img decoding=\"async\" src=\"https:\/\/ae01.alicdn.com\/kf\/S1222855cb51c43f8a0f71abf7124537bo.jpg\" \/><img decoding=\"async\" src=\"https:\/\/ae01.alicdn.com\/kf\/Sb1472e3b9a4d447d8c709c31ce0dd2a0O.jpg\" \/><img decoding=\"async\" src=\"https:\/\/ae01.alicdn.com\/kf\/Sce5bd5103c4f43c6ae01600eb1e6e7c0z.jpg\" \/><img decoding=\"async\" src=\"https:\/\/ae01.alicdn.com\/kf\/S08f4670ed1374cc694336f59468a4a36A.jpg\" \/><img decoding=\"async\" src=\"https:\/\/ae01.alicdn.com\/kf\/S61712076cf384351bfbe33c007b048b67.jpg\" \/><img decoding=\"async\" src=\"https:\/\/ae01.alicdn.com\/kf\/S0fa5e26c37cd4ebe87f8a7c6e630e140P.jpg\" \/><img decoding=\"async\" src=\"https:\/\/ae01.alicdn.com\/kf\/S400dc3bc143e4e60a89e07a0652bb927c.jpg\" \/><img decoding=\"async\" src=\"https:\/\/ae01.alicdn.com\/kf\/S5a67f3c983e244ccb4a1c32b1450acddr.jpg\" \/><img decoding=\"async\" src=\"https:\/\/ae01.alicdn.com\/kf\/Sa63b6eeb895e4814adeb92522695bbf3J.jpg\" \/><img decoding=\"async\" src=\"https:\/\/ae01.alicdn.com\/kf\/Sc8492aeddeb6497f843d76e3c3133d12A.jpg\" \/><img decoding=\"async\" src=\"https:\/\/ae01.alicdn.com\/kf\/S6f9a479cb071427e9a575a7b03e8a0071.jpg\" \/><img decoding=\"async\" src=\"https:\/\/ae01.alicdn.com\/kf\/S44075a7c11b745b0bd558c0b6acd58a7f.jpg\" \/><img decoding=\"async\" src=\"https:\/\/ae01.alicdn.com\/kf\/S320031e51f384f8ba0d1f5d60a1071c9v.jpg\" \/><img fetchpriority=\"high\" decoding=\"async\" src=\"https:\/\/ae01.alicdn.com\/kf\/Sf226d8638f47430e8faf68b55762edb4P.jpg?width=930&amp;height=1723&amp;hash=2653\" width=\"944\" height=\"1749\" \/><\/p>\n","protected":false},"excerpt":{"rendered":"<p>Entdecke die Kraft koreanischer Hautpflege mit diesem luxuri\u00f6sen Gesichtspflege-Set zur Aufhellung und Pflege der Haut.Das Set enth\u00e4lt eine Feuchtigkeitscreme, Serum, Gesichtslotion, Toner und Make-up-Wasser, die zusammen helfen, Melanin zu reduzieren, den Hautton zu verbessern und der Haut ein strahlendes, ebenm\u00e4\u00dfiges Aussehen zu verleihen. Ideal f\u00fcr t\u00e4gliche Anwendung \u2013 spendet Feuchtigkeit, verfeinert die Poren und sorgt [&hellip;]<\/p>\n","protected":false},"featured_media":15619,"comment_status":"open","ping_status":"closed","template":"","meta":{"_seopress_robots_primary_cat":"none","_seopress_titles_title":"Koreanisches Gesichtspflege-Set \u2013 Aufhellende Hautpflege","_seopress_titles_desc":"Luxuri\u00f6ses Gesichtspflege-Set aus Korea zur Reduzierung von Melanin, Aufhellung der Haut und intensiven Feuchtigkeitspflege. F\u00fcr alle Hauttypen geeignet.","_seopress_robots_index":"","googlesitekit_rrm_CAowz76iDA:productID":""},"product_brand":[],"product_cat":[347,1638],"product_tag":[],"class_list":{"0":"post-15635","1":"product","2":"type-product","3":"status-publish","4":"has-post-thumbnail","6":"product_cat-kosmetik","7":"product_cat-schoenheit-pflege","9":"first","10":"instock","11":"sale","12":"taxable","13":"shipping-taxable","14":"purchasable","15":"product-type-variable"},"_links":{"self":[{"href":"https:\/\/linkmarkt.eu\/pl\/wp-json\/wp\/v2\/product\/15635","targetHints":{"allow":["GET"]}}],"collection":[{"href":"https:\/\/linkmarkt.eu\/pl\/wp-json\/wp\/v2\/product"}],"about":[{"href":"https:\/\/linkmarkt.eu\/pl\/wp-json\/wp\/v2\/types\/product"}],"replies":[{"embeddable":true,"href":"https:\/\/linkmarkt.eu\/pl\/wp-json\/wp\/v2\/comments?post=15635"}],"version-history":[{"count":2,"href":"https:\/\/linkmarkt.eu\/pl\/wp-json\/wp\/v2\/product\/15635\/revisions"}],"predecessor-version":[{"id":15751,"href":"https:\/\/linkmarkt.eu\/pl\/wp-json\/wp\/v2\/product\/15635\/revisions\/15751"}],"wp:featuredmedia":[{"embeddable":true,"href":"https:\/\/linkmarkt.eu\/pl\/wp-json\/wp\/v2\/media\/15619"}],"wp:attachment":[{"href":"https:\/\/linkmarkt.eu\/pl\/wp-json\/wp\/v2\/media?parent=15635"}],"wp:term":[{"taxonomy":"product_brand","embeddable":true,"href":"https:\/\/linkmarkt.eu\/pl\/wp-json\/wp\/v2\/product_brand?post=15635"},{"taxonomy":"product_cat","embeddable":true,"href":"https:\/\/linkmarkt.eu\/pl\/wp-json\/wp\/v2\/product_cat?post=15635"},{"taxonomy":"product_tag","embeddable":true,"href":"https:\/\/linkmarkt.eu\/pl\/wp-json\/wp\/v2\/product_tag?post=15635"}],"curies":[{"name":"wp","href":"https:\/\/api.w.org\/{rel}","templated":true}]}}