{"id":15865,"date":"2025-10-28T07:47:41","date_gmt":"2025-10-28T06:47:41","guid":{"rendered":"https:\/\/linkmarkt.eu\/product\/meska-kurtka-zimowa-z-kapturem-jest-szybkoschnaca-ciepla-i-wygodna\/"},"modified":"2025-10-28T11:02:41","modified_gmt":"2025-10-28T10:02:41","slug":"meska-kurtka-zimowa-z-kapturem-jest-szybkoschnaca-ciepla-i-wygodna","status":"publish","type":"product","link":"https:\/\/linkmarkt.eu\/pl\/product\/meska-kurtka-zimowa-z-kapturem-jest-szybkoschnaca-ciepla-i-wygodna\/","title":{"rendered":"M\u0119ska Kurtka Zimowa z kapturem jest szybkoschn\u0105ca, ciep\u0142a i wygodna."},"content":{"rendered":"<div class=\"detailmodule_html\">\n<div class=\"detail-desc-decorate-richtext\">\n<div id=\"J_DivItemDesc\" class=\"item_b_main clearfix\">\n<div style=\"text-align: center; margin: 0px auto 0px auto; width: 750px;\" align=\"center\">\n<p>Diese Winterjacke f\u00fcr M\u00e4nner ist ideal f\u00fcr Herbst und Winter. Das schnell trocknende Polyester-Gewebe mit dicken Borsten sorgt auch bei kaltem Wetter f\u00fcr zuverl\u00e4ssige W\u00e4rme und Komfort. Ein loser, gro\u00dfer Schnitt sorgt f\u00fcr maximale Bewegungsfreiheit, w\u00e4hrend ein abnehmbarer Kapuzenkragen und ein robuster Rei\u00dfverschluss vor Wind und K\u00e4lte sch\u00fctzen.<\/p>\n<p>Dank der Schwei\u00dfableitungstechnologie bleibt das Material atmungsaktiv -ideal f\u00fcr Reisen, Spazierg\u00e4nge oder Outdoor-Aktivit\u00e4ten.<br \/>\nErh\u00e4ltlich in den Gr\u00f6\u00dfen L bis 8XL, ist diese Jacke die perfekte Wahl f\u00fcr M\u00e4nner, die Komfort, Funktionalit\u00e4t und Stil sch\u00e4tzen.<\/p>\n<p>\u2705 Trocknet schnell und erfordert keine besondere Pflege<br \/>\n\u2705 Dickes Futter-perfekt f\u00fcr Herbst und Winter<br \/>\n\u2705 L\u00e4ssiger, \u00fcbergro\u00dfer Look<br \/>\n\u2705 Abnehmbare Kapuze<br \/>\n\u2705 Gro\u00dfe Gr\u00f6\u00dfe (bis zu 8XL)<br \/>\n\u2705 Material: 100% Polyester<\/p>\n<p style=\"margin: 0px; display: block; width: 100%;\"><img decoding=\"async\" src=\"https:\/\/ae01.alicdn.com\/kf\/S3e400fe502b9496aa1b8f154b0a1cb1cV.jpg?width=384&amp;height=428&amp;hash=812\" \/><img decoding=\"async\" src=\"https:\/\/ae01.alicdn.com\/kf\/S07b78a5f5e464231ba03c6ca1561db74l.jpg?width=1419&amp;height=970&amp;hash=2389\" \/><\/p>\n<div><img decoding=\"async\" class=\"lazy\" style=\"display: block; min-height: 200px; width: 100%;\" src=\"https:\/\/ae01.alicdn.com\/kf\/S2d8b98ff8c7947c2baaf916e964adeb35.jpg?width=750&amp;height=750&amp;hash=1500\" width=\"100%\" \/><img decoding=\"async\" class=\"lazy\" style=\"display: block; min-height: 200px; width: 100%;\" src=\"https:\/\/ae01.alicdn.com\/kf\/S7484763170844b4885a48f4aa7500c89T.jpg?width=750&amp;height=750&amp;hash=1500\" width=\"100%\" \/><img decoding=\"async\" class=\"lazy\" style=\"display: block; min-height: 200px; width: 100%;\" src=\"https:\/\/ae01.alicdn.com\/kf\/S795132690a084664ae874f68cd5f23657.jpg?width=750&amp;height=750&amp;hash=1500\" width=\"100%\" \/><img decoding=\"async\" class=\"lazy\" style=\"display: block; min-height: 200px; width: 100%;\" src=\"https:\/\/ae01.alicdn.com\/kf\/Sff004edcd0344b9d964a141b3d1872cfS.jpg?width=750&amp;height=750&amp;hash=1500\" width=\"100%\" \/><img decoding=\"async\" class=\"lazy\" style=\"display: block; min-height: 200px; width: 100%;\" src=\"https:\/\/ae01.alicdn.com\/kf\/Sf4c97a410611495aadcd53b409519671S.jpg?width=750&amp;height=750&amp;hash=1500\" width=\"100%\" \/><img decoding=\"async\" class=\"lazy\" style=\"display: block; min-height: 200px; width: 100%;\" src=\"https:\/\/ae01.alicdn.com\/kf\/S4e1ab1dc7c994c51b69697cb2d9a723aj.jpg?width=750&amp;height=750&amp;hash=1500\" width=\"100%\" \/><img decoding=\"async\" class=\"lazy\" style=\"display: block; min-height: 200px; width: 100%;\" src=\"https:\/\/ae01.alicdn.com\/kf\/S50ed5a3cf5434377acb6e7ad7fed4b9dm.jpg?width=750&amp;height=750&amp;hash=1500\" width=\"100%\" \/><img decoding=\"async\" class=\"lazy\" style=\"display: block; min-height: 200px; width: 100%;\" src=\"https:\/\/ae01.alicdn.com\/kf\/S1c4f5b8ec1644e28a29ed2baceba1edaM.jpg?width=750&amp;height=750&amp;hash=1500\" width=\"100%\" \/><img decoding=\"async\" class=\"lazy\" style=\"display: block; min-height: 200px; width: 100%;\" src=\"https:\/\/ae01.alicdn.com\/kf\/S07cc93bc9d2c4d1fb31b3f1538c5e1110.jpg?width=750&amp;height=750&amp;hash=1500\" width=\"100%\" \/><img decoding=\"async\" class=\"lazy\" style=\"display: block; min-height: 200px; width: 100%;\" src=\"https:\/\/ae01.alicdn.com\/kf\/S5dcee3135e9546909080fd509524285bw.jpg?width=750&amp;height=750&amp;hash=1500\" width=\"100%\" \/><\/div>\n<\/div>\n<\/div>\n<\/div>\n<\/div>\n<p>&nbsp;<\/p>\n","protected":false},"excerpt":{"rendered":"<p>Diese Winterjacke f\u00fcr M\u00e4nner ist ideal f\u00fcr Herbst und Winter. Das schnell trocknende Polyester-Gewebe mit dicken Borsten sorgt auch bei kaltem Wetter f\u00fcr zuverl\u00e4ssige W\u00e4rme und Komfort. Ein loser, gro\u00dfer Schnitt sorgt f\u00fcr maximale Bewegungsfreiheit, w\u00e4hrend ein abnehmbarer Kapuzenkragen und ein robuster Rei\u00dfverschluss vor Wind und K\u00e4lte sch\u00fctzen. Dank der Schwei\u00dfableitungstechnologie bleibt das Material atmungsaktiv [&hellip;]<\/p>\n","protected":false},"featured_media":15860,"comment_status":"open","ping_status":"closed","template":"","meta":{"_seopress_robots_primary_cat":"none","_seopress_titles_title":"M\u0119ska Kurtka Zimowa Z Kapturem-Szybkoschn\u0105ca, ciep\u0142a i wygodna","_seopress_titles_desc":"Odkryj now\u0105 m\u0119sk\u0105 kurtk\u0119 zimow\u0105 z ciep\u0142\u0105 podszewk\u0105, szybkoschn\u0105c\u0105, z odpinanym kapturem. Idealny na podr\u00f3\u017ce, wakacje i ch\u0142odne dni.","_seopress_robots_index":"","googlesitekit_rrm_CAowz76iDA:productID":""},"product_brand":[],"product_cat":[2666],"product_tag":[],"class_list":{"0":"post-15865","1":"product","2":"type-product","3":"status-publish","4":"has-post-thumbnail","6":"product_cat-kurtki-meskie","8":"first","9":"instock","10":"sale","11":"taxable","12":"shipping-taxable","13":"purchasable","14":"product-type-variable"},"_links":{"self":[{"href":"https:\/\/linkmarkt.eu\/pl\/wp-json\/wp\/v2\/product\/15865","targetHints":{"allow":["GET"]}}],"collection":[{"href":"https:\/\/linkmarkt.eu\/pl\/wp-json\/wp\/v2\/product"}],"about":[{"href":"https:\/\/linkmarkt.eu\/pl\/wp-json\/wp\/v2\/types\/product"}],"replies":[{"embeddable":true,"href":"https:\/\/linkmarkt.eu\/pl\/wp-json\/wp\/v2\/comments?post=15865"}],"version-history":[{"count":1,"href":"https:\/\/linkmarkt.eu\/pl\/wp-json\/wp\/v2\/product\/15865\/revisions"}],"predecessor-version":[{"id":15906,"href":"https:\/\/linkmarkt.eu\/pl\/wp-json\/wp\/v2\/product\/15865\/revisions\/15906"}],"wp:featuredmedia":[{"embeddable":true,"href":"https:\/\/linkmarkt.eu\/pl\/wp-json\/wp\/v2\/media\/15860"}],"wp:attachment":[{"href":"https:\/\/linkmarkt.eu\/pl\/wp-json\/wp\/v2\/media?parent=15865"}],"wp:term":[{"taxonomy":"product_brand","embeddable":true,"href":"https:\/\/linkmarkt.eu\/pl\/wp-json\/wp\/v2\/product_brand?post=15865"},{"taxonomy":"product_cat","embeddable":true,"href":"https:\/\/linkmarkt.eu\/pl\/wp-json\/wp\/v2\/product_cat?post=15865"},{"taxonomy":"product_tag","embeddable":true,"href":"https:\/\/linkmarkt.eu\/pl\/wp-json\/wp\/v2\/product_tag?post=15865"}],"curies":[{"name":"wp","href":"https:\/\/api.w.org\/{rel}","templated":true}]}}