{"id":15914,"date":"2025-05-25T08:38:34","date_gmt":"2025-05-25T06:38:34","guid":{"rendered":"https:\/\/linkmarkt.eu\/product\/zestaw-do-zabawy-dla-dzieci-dla-lekarzy-udawaj-ze-bawisz-sie-lekarzami-i-pielegniarkami-zabawki-edukacyjne-z-akcesoriami-dla-chlopcow-i-dziewczat-3-12-lat\/"},"modified":"2025-10-28T11:49:19","modified_gmt":"2025-10-28T10:49:19","slug":"zestaw-do-zabawy-dla-dzieci-dla-lekarzy-udawaj-ze-bawisz-sie-lekarzami-i-pielegniarkami-zabawki-edukacyjne-z-akcesoriami-dla-chlopcow-i-dziewczat-3-12-lat","status":"publish","type":"product","link":"https:\/\/linkmarkt.eu\/pl\/product\/zestaw-do-zabawy-dla-dzieci-dla-lekarzy-udawaj-ze-bawisz-sie-lekarzami-i-pielegniarkami-zabawki-edukacyjne-z-akcesoriami-dla-chlopcow-i-dziewczat-3-12-lat\/","title":{"rendered":"Zestaw do zabawy dla dzieci dla lekarzy-udawaj, \u017ce bawisz si\u0119 lekarzami i piel\u0119gniarkami \/ Zabawki Edukacyjne z akcesoriami dla ch\u0142opc\u00f3w i dziewcz\u0105t (3-12 lat)"},"content":{"rendered":"<p>Zestaw do gry w lekarza to idealna edukacyjna i zabawna zabawka dla ma\u0142ych odkrywc\u00f3w, kt\u00f3rzy marz\u0105 o zostaniu lekarzem lub piel\u0119gniark\u0105!<br \/>\nTen zestaw rozwija kreatywno\u015b\u0107, empati\u0119 i umiej\u0119tno\u015bci spo\u0142eczne \u2013 idealny dla dzieci, kt\u00f3re lubi\u0105 odgrywa\u0107 role i uczy\u0107 si\u0119 nowych rzeczy.<\/p>\n<p>Kompletny zestaw lekarzy-zawiera wszystkie niezb\u0119dne narz\u0119dzia, dzi\u0119ki kt\u00f3rym dzieci mog\u0105 odtwarza\u0107 realistyczne sceny Medyczne.<br \/>\nBezpieczny materia\u0142-wykonany z wysokiej jako\u015bci wytrzyma\u0142ego tworzywa sztucznego PE, kt\u00f3ry nie zawiera szkodliwych chemikali\u00f3w.<br \/>\nDla ch\u0142opc\u00f3w i dziewcz\u0105t \u2013 Unisex design sprawia, \u017ce jest to idealny prezent dla ka\u017cdego dziecka.<br \/>\nWci\u0105gaj\u0105ca nauka-w zabawny spos\u00f3b wspiera rozw\u00f3j umiej\u0119tno\u015bci motorycznych i komunikacyjnych.<br \/>\nZalecany wiek: 3-12 lat-idealny dla dzieci w wieku przedszkolnym i podstawowym.<\/p>\n<p>\u015awietny prezent! Idealny na urodziny, \u015bwi\u0119ta lub jako ma\u0142a niespodzianka w mi\u0119dzyczasie \u2013 prezent, kt\u00f3ry pokochaj\u0105 dzieci.<\/p>\n<p>DANE TECHNICZNE:<\/p>\n<p>Materia\u0142: tworzywo sztuczne (polietylen)<\/p>\n<p>Certyfikacja: CE<\/p>\n<p>Zalecany wiek: 3-12 lat<\/p>\n<p>Pochodzenie: Chiny<\/p>\n<p>Model: 3C<\/p>\n<p data-start=\"245\" data-end=\"533\"><img decoding=\"async\" src=\"https:\/\/ae01.alicdn.com\/kf\/S3a870578fa1a416482d9922145653576G.jpg\" \/><img decoding=\"async\" src=\"https:\/\/ae01.alicdn.com\/kf\/S193d84c3534b4eada997b69a2574f152R.jpg\" \/><img decoding=\"async\" src=\"https:\/\/ae01.alicdn.com\/kf\/S2210950649fd4cc39d8c93fc32a4ad0bH.jpg\" \/><img decoding=\"async\" src=\"https:\/\/ae01.alicdn.com\/kf\/S5e4de8500df7414fa567e46746046b44h.jpg\" \/><img decoding=\"async\" src=\"https:\/\/ae01.alicdn.com\/kf\/S7387d622847c41159e2e9182e487caeac.jpg\" \/><img decoding=\"async\" src=\"https:\/\/ae01.alicdn.com\/kf\/S042d09614378452b9f86a5a2ed086e829.jpg\" \/><img decoding=\"async\" src=\"https:\/\/ae01.alicdn.com\/kf\/S4361b8fe38d24197824a587ba5236fe3j.jpg\" \/><img decoding=\"async\" src=\"https:\/\/ae01.alicdn.com\/kf\/S625a2c24c77b476882e2ebe9c84db7eac.jpg\" \/><img decoding=\"async\" src=\"https:\/\/ae01.alicdn.com\/kf\/Sa3936408eb7148a1be8dfbf67f7c297fw.jpg\" \/><img decoding=\"async\" src=\"https:\/\/ae01.alicdn.com\/kf\/S5b0339b37fbb4e65b033ad43333512c7A.jpg\" \/><img decoding=\"async\" src=\"https:\/\/ae01.alicdn.com\/kf\/S47c29466248d4e70b4fe023356f11b9eG.jpg\" \/><img decoding=\"async\" src=\"https:\/\/ae01.alicdn.com\/kf\/S2eb96f0f6b96415dbf97c174397f162b1.jpg\" \/><img decoding=\"async\" src=\"https:\/\/ae01.alicdn.com\/kf\/Sdad024516abe4d948419aa9b70fa2814i.jpg\" \/><img decoding=\"async\" src=\"https:\/\/ae01.alicdn.com\/kf\/S46dcca2f86254fd8b17108615f3697c2R.jpg\" \/><img decoding=\"async\" src=\"https:\/\/ae01.alicdn.com\/kf\/S967e94d058ef471cb1e689c89f1d86afQ.jpg\" \/><\/p>\n<p>&nbsp;<\/p>\n","protected":false},"excerpt":{"rendered":"<p>Zestaw do gry w lekarza to idealna edukacyjna i zabawna zabawka dla ma\u0142ych odkrywc\u00f3w, kt\u00f3rzy marz\u0105 o zostaniu lekarzem lub piel\u0119gniark\u0105! Ten zestaw rozwija kreatywno\u015b\u0107, empati\u0119 i umiej\u0119tno\u015bci spo\u0142eczne \u2013 idealny dla dzieci, kt\u00f3re lubi\u0105 odgrywa\u0107 role i uczy\u0107 si\u0119 nowych rzeczy. Kompletny zestaw lekarzy-zawiera wszystkie niezb\u0119dne narz\u0119dzia, dzi\u0119ki kt\u00f3rym dzieci mog\u0105 odtwarza\u0107 realistyczne sceny [&hellip;]<\/p>\n","protected":false},"featured_media":12013,"comment_status":"open","ping_status":"closed","template":"","meta":{"_seopress_robots_primary_cat":"none","_seopress_titles_title":"Zestaw do zabawy dla dzieci dla lekarzy-zabawki edukacyjne z akcesoriami dla ch\u0142opc\u00f3w i dziewcz\u0105t | udawaj, \u017ce bawisz si\u0119 lekarzami i piel\u0119gniarkami - 2025","_seopress_titles_desc":"Odkryj zestaw do zabawy \"lekarz dzieci\u0119cy\" - pe\u0142noprawna zabawka edukacyjna z akcesoriami dla ch\u0142opc\u00f3w i dziewcz\u0105t. Zach\u0119ca do kreatywno\u015bci, empatii i sprawia, \u017ce nauka jest przyjemna! Idealny prezent dla dzieci w wieku 3 lat i starszych.","_seopress_robots_index":"","googlesitekit_rrm_CAowz76iDA:productID":""},"product_brand":[],"product_cat":[2699],"product_tag":[2703,2704,2707,2711,2714,2713,2701,2710,2708,2706,2705,2709,2700,2702,2712],"class_list":{"0":"post-15914","1":"product","2":"type-product","3":"status-publish","4":"has-post-thumbnail","6":"product_cat-zabawki-edukacyjne-i-gry-fabularne","7":"product_tag-dziecieca-walizka-doktorska","8":"product_tag-dziewczyna-zabawka-lekarz","9":"product_tag-odgrywanie-rol-lekarz","10":"product_tag-prezent-dla-dzieci-od-3-lat","11":"product_tag-walizka-zabawkowego-lekarza","12":"product_tag-zabawka-edukacyjna","13":"product_tag-zabawki-dla-dzieci-dla-lekarzy","14":"product_tag-zabawki-dla-dzieci-leki","15":"product_tag-zabawki-dla-pediatry","16":"product_tag-zabawki-edukacyjne-dla-dzieci","17":"product_tag-zabawkowy-chlopiec-lekarz","18":"product_tag-zestaw-do-zabawy-dla-pielegniarki","19":"product_tag-zestaw-zabaw-dla-dzieci-dla-lekarzy","20":"product_tag-zestaw-zabaw-dla-lekarza","21":"product_tag-zestaw-zabawek-dla-lekarzy","23":"first","24":"instock","25":"sale","26":"taxable","27":"shipping-taxable","28":"purchasable","29":"product-type-variable"},"_links":{"self":[{"href":"https:\/\/linkmarkt.eu\/pl\/wp-json\/wp\/v2\/product\/15914","targetHints":{"allow":["GET"]}}],"collection":[{"href":"https:\/\/linkmarkt.eu\/pl\/wp-json\/wp\/v2\/product"}],"about":[{"href":"https:\/\/linkmarkt.eu\/pl\/wp-json\/wp\/v2\/types\/product"}],"replies":[{"embeddable":true,"href":"https:\/\/linkmarkt.eu\/pl\/wp-json\/wp\/v2\/comments?post=15914"}],"version-history":[{"count":1,"href":"https:\/\/linkmarkt.eu\/pl\/wp-json\/wp\/v2\/product\/15914\/revisions"}],"predecessor-version":[{"id":15918,"href":"https:\/\/linkmarkt.eu\/pl\/wp-json\/wp\/v2\/product\/15914\/revisions\/15918"}],"wp:featuredmedia":[{"embeddable":true,"href":"https:\/\/linkmarkt.eu\/pl\/wp-json\/wp\/v2\/media\/12013"}],"wp:attachment":[{"href":"https:\/\/linkmarkt.eu\/pl\/wp-json\/wp\/v2\/media?parent=15914"}],"wp:term":[{"taxonomy":"product_brand","embeddable":true,"href":"https:\/\/linkmarkt.eu\/pl\/wp-json\/wp\/v2\/product_brand?post=15914"},{"taxonomy":"product_cat","embeddable":true,"href":"https:\/\/linkmarkt.eu\/pl\/wp-json\/wp\/v2\/product_cat?post=15914"},{"taxonomy":"product_tag","embeddable":true,"href":"https:\/\/linkmarkt.eu\/pl\/wp-json\/wp\/v2\/product_tag?post=15914"}],"curies":[{"name":"wp","href":"https:\/\/api.w.org\/{rel}","templated":true}]}}