{"id":15981,"date":"2025-10-31T10:03:24","date_gmt":"2025-10-31T09:03:24","guid":{"rendered":"https:\/\/linkmarkt.eu\/product\/olejek-do-twarzy-i-ciala-z-winogronami-muszkatolowymi-odzywczy-dla-promiennej-skory\/"},"modified":"2025-11-01T23:19:53","modified_gmt":"2025-11-01T22:19:53","slug":"olejek-do-twarzy-i-ciala-z-winogronami-muszkatolowymi-odzywczy-dla-promiennej-skory","status":"publish","type":"product","link":"https:\/\/linkmarkt.eu\/pl\/product\/olejek-do-twarzy-i-ciala-z-winogronami-muszkatolowymi-odzywczy-dla-promiennej-skory\/","title":{"rendered":"Olejek do twarzy i cia\u0142a z winogronami muszkato\u0142owymi-od\u017cywczy dla promiennej sk\u00f3ry"},"content":{"rendered":"<p data-start=\"440\" data-end=\"888\">Dieses hochwertige Gesichts- und K\u00f6rper\u00f6l basiert auf der seltenen Muscadine-Traube, die reich an nat\u00fcrlichen Antioxidantien und Vitaminen ist.<br data-start=\"603\" data-end=\"606\" \/>Die wertvolle Kombination aus den Vitaminen A, C und E sowie pflanzlichen Fetts\u00e4uren unterst\u00fctzt die Hautregeneration und sch\u00fctzt vor vorzeitiger Hautalterung.<br data-start=\"765\" data-end=\"768\" \/>Das \u00d6l pflegt intensiv, verleiht ein seidiges Hautgef\u00fchl und l\u00e4sst den Teint sichtbar glatter und frischer erscheinen.<\/p>\n<p data-start=\"890\" data-end=\"1046\">Dank seiner leichten Textur zieht es schnell ein, ohne zu fetten oder die Poren zu verstopfen. Ideal f\u00fcr die t\u00e4gliche Anwendung im Gesicht oder am K\u00f6rper.<\/p>\n<p data-start=\"1048\" data-end=\"1201\"><strong data-start=\"1048\" data-end=\"1062\">Anwendung:<\/strong><br data-start=\"1062\" data-end=\"1065\" \/>Einige Tropfen auf die gereinigte Haut geben und sanft einmassieren.<br data-start=\"1133\" data-end=\"1136\" \/>Abends vor dem Schlafengehen anwenden, bei Bedarf auch morgens.<\/p>\n<p data-start=\"1203\" data-end=\"1218\"><strong data-start=\"1203\" data-end=\"1216\">Vorteile:<\/strong><\/p>\n<ul data-start=\"1219\" data-end=\"1458\">\n<li data-start=\"1219\" data-end=\"1272\">\n<p data-start=\"1221\" data-end=\"1272\">Reich an nat\u00fcrlichen Antioxidantien und Vitaminen<\/p>\n<\/li>\n<li data-start=\"1273\" data-end=\"1325\">\n<p data-start=\"1275\" data-end=\"1325\">Unterst\u00fctzt die Regeneration und Hautelastizit\u00e4t<\/p>\n<\/li>\n<li data-start=\"1326\" data-end=\"1379\">\n<p data-start=\"1328\" data-end=\"1379\">Sch\u00fctzt vor freien Radikalen und Umwelteinfl\u00fcssen<\/p>\n<\/li>\n<li data-start=\"1380\" data-end=\"1426\">\n<p data-start=\"1382\" data-end=\"1426\">Schnell einziehende, nicht fettende Formel<\/p>\n<\/li>\n<li data-start=\"1427\" data-end=\"1458\">\n<p data-start=\"1429\" data-end=\"1458\">F\u00fcr alle Hauttypen geeignet<\/p>\n<\/li>\n<\/ul>\n","protected":false},"excerpt":{"rendered":"<p>Dieses hochwertige Gesichts- und K\u00f6rper\u00f6l basiert auf der seltenen Muscadine-Traube, die reich an nat\u00fcrlichen Antioxidantien und Vitaminen ist.Die wertvolle Kombination aus den Vitaminen A, C und E sowie pflanzlichen Fetts\u00e4uren unterst\u00fctzt die Hautregeneration und sch\u00fctzt vor vorzeitiger Hautalterung.Das \u00d6l pflegt intensiv, verleiht ein seidiges Hautgef\u00fchl und l\u00e4sst den Teint sichtbar glatter und frischer erscheinen. Dank [&hellip;]<\/p>\n","protected":false},"featured_media":15980,"comment_status":"open","ping_status":"closed","template":"","meta":{"_seopress_robots_primary_cat":"none","_seopress_titles_title":"Olejek do twarzy i cia\u0142a z winogronami muszkato\u0142owymi \/ od\u017cywcza piel\u0119gnacja i Ochrona pi\u0119knej sk\u00f3ry","_seopress_titles_desc":"Naturalny olej z ekstraktem z winogron muszkato\u0142owych oraz witaminami A, C i E. intensywnie od\u017cywia, uj\u0119drnia sk\u00f3r\u0119 i nadaje twarzy zdrow\u0105, promienn\u0105 cer\u0119. Idealny do twarzy i cia\u0142a.","_seopress_robots_index":"","googlesitekit_rrm_CAowz76iDA:productID":""},"product_brand":[],"product_cat":[1088,2360],"product_tag":[2792,1066,2788,2789,2786,2787,2791,1042,2785,2790],"class_list":{"0":"post-15981","1":"product","2":"type-product","3":"status-publish","4":"has-post-thumbnail","6":"product_cat-kosmetyk","7":"product_cat-uroda-i-pielegnacja-pl","8":"product_tag-gladka-skora","9":"product_tag-krem-przeciwstarzeniowy","10":"product_tag-maslo-do-ciala","11":"product_tag-maslo-muszkatolowe","12":"product_tag-naturalna-pielegnacja","13":"product_tag-olejek-do-twarzy","14":"product_tag-olejek-regenerujacy","15":"product_tag-pielegnacja-skory","16":"product_tag-pielegnacja-witamin","17":"product_tag-przeciwutleniacz","19":"first","20":"instock","21":"taxable","22":"shipping-taxable","23":"purchasable","24":"product-type-simple"},"_links":{"self":[{"href":"https:\/\/linkmarkt.eu\/pl\/wp-json\/wp\/v2\/product\/15981","targetHints":{"allow":["GET"]}}],"collection":[{"href":"https:\/\/linkmarkt.eu\/pl\/wp-json\/wp\/v2\/product"}],"about":[{"href":"https:\/\/linkmarkt.eu\/pl\/wp-json\/wp\/v2\/types\/product"}],"replies":[{"embeddable":true,"href":"https:\/\/linkmarkt.eu\/pl\/wp-json\/wp\/v2\/comments?post=15981"}],"version-history":[{"count":1,"href":"https:\/\/linkmarkt.eu\/pl\/wp-json\/wp\/v2\/product\/15981\/revisions"}],"predecessor-version":[{"id":15982,"href":"https:\/\/linkmarkt.eu\/pl\/wp-json\/wp\/v2\/product\/15981\/revisions\/15982"}],"wp:featuredmedia":[{"embeddable":true,"href":"https:\/\/linkmarkt.eu\/pl\/wp-json\/wp\/v2\/media\/15980"}],"wp:attachment":[{"href":"https:\/\/linkmarkt.eu\/pl\/wp-json\/wp\/v2\/media?parent=15981"}],"wp:term":[{"taxonomy":"product_brand","embeddable":true,"href":"https:\/\/linkmarkt.eu\/pl\/wp-json\/wp\/v2\/product_brand?post=15981"},{"taxonomy":"product_cat","embeddable":true,"href":"https:\/\/linkmarkt.eu\/pl\/wp-json\/wp\/v2\/product_cat?post=15981"},{"taxonomy":"product_tag","embeddable":true,"href":"https:\/\/linkmarkt.eu\/pl\/wp-json\/wp\/v2\/product_tag?post=15981"}],"curies":[{"name":"wp","href":"https:\/\/api.w.org\/{rel}","templated":true}]}}