{"id":16086,"date":"2025-11-15T14:12:43","date_gmt":"2025-11-15T13:12:43","guid":{"rendered":"https:\/\/linkmarkt.eu\/product\/pakiet-premium-na-7-dni-reklama-premium-kampania-reklamowa-google-10-euro-dziennie\/"},"modified":"2025-11-15T14:33:38","modified_gmt":"2025-11-15T13:33:38","slug":"pakiet-premium-na-7-dni-reklama-premium-kampania-reklamowa-google-10-euro-dziennie","status":"publish","type":"product","link":"https:\/\/linkmarkt.eu\/pl\/product\/pakiet-premium-na-7-dni-reklama-premium-kampania-reklamowa-google-10-euro-dziennie\/","title":{"rendered":"Pakiet Premium na 7 dni-Reklama Premium + kampania reklamowa Google (10 euro dziennie)"},"content":{"rendered":"<p>Pakiet Premium na 7 dni Zawiera dedykowan\u0105 reklam\u0119 Premium na LinkMarkt.eu z profesjonaln\u0105 kampani\u0105 reklamow\u0105 Google (10 euro dziennie).<br \/>\nTwoja reklama zostanie dostarczona dok\u0142adnie do po\u017c\u0105danych klient\u00f3w-lokalnych, regionalnych lub og\u00f3lnokrajowych we w\u0142a\u015bciwej niszy (np. rzemie\u015blnicy, kosmetyki, transport, Elektronika, Us\u0142ugi, towary itp.).<\/p>\n<p>\ud83d\udd25 Co jest zawarte w pakiecie?<br \/>\n\u2714 Tworzenie i publikowanie reklam Premium na LinkMarkt.eu<br \/>\n\u2714 Wyr\u00f3\u017cnianie i promocja reklamy w ci\u0105gu 7 dni<br \/>\n\u2714 Kampania reklamowa Google w ci\u0105gu 7 dni<br \/>\n\u2714 Dzienny bud\u017cet reklamowy: 10 euro dziennie (\u0142\u0105cznie 70 Euro)<br \/>\n\u2714 Dok\u0142adne kierowanie (lokalne, regionalne lub og\u00f3lnokrajowe)<br \/>\n\u2714 Konfiguracja, monitorowanie i optymalizacja kampanii<br \/>\n\u2714 Raport ko\u0144cowy: wy\u015bwietlenia, klikni\u0119cia, CTR, regiony<\/p>\n<p>\ud83d\udfe6 Idealny do:<br \/>\n&#8211; Firma rzemie\u015blniczo-budowlana<br \/>\n&#8211; Us\u0142ugi wszelkiego rodzaju<br \/>\n-Sklepy i artyku\u0142y internetowe<br \/>\n&#8211; Lokalne firmy<br \/>\n&#8211; Przedsi\u0119biorcy i samozatrudnieni<br \/>\n&#8211; Og\u0142oszenia prywatne i komercyjne<\/p>\n<p>\u23f1 Czas przetwarzania<br \/>\nAktywacja i publikowanie w ci\u0105gu 24-48 godzin.<\/p>\n","protected":false},"excerpt":{"rendered":"<p>Pakiet Premium na 7 dni Zawiera dedykowan\u0105 reklam\u0119 Premium na LinkMarkt.eu z profesjonaln\u0105 kampani\u0105 reklamow\u0105 Google (10 euro dziennie). Twoja reklama zostanie dostarczona dok\u0142adnie do po\u017c\u0105danych klient\u00f3w-lokalnych, regionalnych lub og\u00f3lnokrajowych we w\u0142a\u015bciwej niszy (np. rzemie\u015blnicy, kosmetyki, transport, Elektronika, Us\u0142ugi, towary itp.). \ud83d\udd25 Co jest zawarte w pakiecie? \u2714 Tworzenie i publikowanie reklam Premium na LinkMarkt.eu [&hellip;]<\/p>\n","protected":false},"featured_media":16090,"comment_status":"open","ping_status":"closed","template":"","meta":{"_seopress_robots_primary_cat":"","_seopress_titles_title":"Pakiet Premium 7 dni-reklama + reklama Google Display (10 euro dziennie) | LinkMarkt.eu","_seopress_titles_desc":"7-dniowy pakiet Premium: profesjonalne ogl\u0105danie na LinkMarkt.eu + kampania reklamowa Google za 10 euro dziennie. Pozyskuj nowych klient\u00f3w na poziomie lokalnym lub og\u00f3lnokrajowym. Teraz zwi\u0119ksz widoczno\u015b\u0107 i otrzymuj wi\u0119cej zapyta\u0144!","_seopress_robots_index":"","googlesitekit_rrm_CAowz76iDA:productID":""},"product_brand":[],"product_cat":[2893],"product_tag":[2907,2895,2909,2908,2896,2897,2903,2905,2901,2902,2894,2899,2904,2906,2898,2900],"class_list":{"0":"post-16086","1":"product","2":"type-product","3":"status-publish","4":"has-post-thumbnail","6":"product_cat-reklama-w-internecie","7":"product_tag-google-ads-display","8":"product_tag-google-display-kampagne","9":"product_tag-optymalizacja-reklamy","10":"product_tag-pakiet-marketingowy","11":"product_tag-pakiet-promocyjny","12":"product_tag-pokaz-promocje","13":"product_tag-premium-linkmarkt","14":"product_tag-reklama-kosmetykow","15":"product_tag-reklama-lokalna","16":"product_tag-reklama-ogolnopolska","17":"product_tag-reklama-premium","18":"product_tag-reklama-produktow","19":"product_tag-reklama-rzemieslnika","20":"product_tag-reklama-sklepu-internetowego","21":"product_tag-uslugi-reklama","22":"product_tag-zwieksz-zasieg","24":"first","25":"instock","26":"taxable","27":"shipping-taxable","28":"purchasable","29":"product-type-simple"},"_links":{"self":[{"href":"https:\/\/linkmarkt.eu\/pl\/wp-json\/wp\/v2\/product\/16086","targetHints":{"allow":["GET"]}}],"collection":[{"href":"https:\/\/linkmarkt.eu\/pl\/wp-json\/wp\/v2\/product"}],"about":[{"href":"https:\/\/linkmarkt.eu\/pl\/wp-json\/wp\/v2\/types\/product"}],"replies":[{"embeddable":true,"href":"https:\/\/linkmarkt.eu\/pl\/wp-json\/wp\/v2\/comments?post=16086"}],"version-history":[{"count":1,"href":"https:\/\/linkmarkt.eu\/pl\/wp-json\/wp\/v2\/product\/16086\/revisions"}],"predecessor-version":[{"id":16087,"href":"https:\/\/linkmarkt.eu\/pl\/wp-json\/wp\/v2\/product\/16086\/revisions\/16087"}],"wp:featuredmedia":[{"embeddable":true,"href":"https:\/\/linkmarkt.eu\/pl\/wp-json\/wp\/v2\/media\/16090"}],"wp:attachment":[{"href":"https:\/\/linkmarkt.eu\/pl\/wp-json\/wp\/v2\/media?parent=16086"}],"wp:term":[{"taxonomy":"product_brand","embeddable":true,"href":"https:\/\/linkmarkt.eu\/pl\/wp-json\/wp\/v2\/product_brand?post=16086"},{"taxonomy":"product_cat","embeddable":true,"href":"https:\/\/linkmarkt.eu\/pl\/wp-json\/wp\/v2\/product_cat?post=16086"},{"taxonomy":"product_tag","embeddable":true,"href":"https:\/\/linkmarkt.eu\/pl\/wp-json\/wp\/v2\/product_tag?post=16086"}],"curies":[{"name":"wp","href":"https:\/\/api.w.org\/{rel}","templated":true}]}}