{"id":2628,"date":"2025-02-27T08:40:36","date_gmt":"2025-02-27T07:40:36","guid":{"rendered":"https:\/\/linkmarkt.eu\/product\/hydra-global-nawilzajaca-maska\/"},"modified":"2025-04-01T16:49:15","modified_gmt":"2025-04-01T14:49:15","slug":"hydra-global-nawilzajaca-maska","status":"publish","type":"product","link":"https:\/\/linkmarkt.eu\/pl\/product\/hydra-global-nawilzajaca-maska\/","title":{"rendered":"Hydra Global \u2013 Nawil\u017caj\u0105ca Maska"},"content":{"rendered":"<h3 class=\"\" data-start=\"77\" data-end=\"125\"><strong data-start=\"81\" data-end=\"125\">Hydra Global \u2013 Aktywna Maska Nawil\u017caj\u0105ca<\/strong><\/h3>\n<p class=\"\" data-start=\"127\" data-end=\"471\"><strong data-start=\"127\" data-end=\"157\">Hydra Global Aktywna Maska<\/strong> to intensywnie nawil\u017caj\u0105ca maska-krem, kt\u00f3ra pomaga sk\u00f3rze przywr\u00f3ci\u0107 naturaln\u0105 r\u00f3wnowag\u0119 nawil\u017cenia. Dzi\u0119ki silnie dzia\u0142aj\u0105cym sk\u0142adnikom aktywnym zapewnia natychmiastowe od\u015bwie\u017cenie i mi\u0119kko\u015b\u0107. Widocznie zwalcza oznaki sucho\u015bci sk\u00f3ry i wspomaga jej regeneracj\u0119 po codziennym kontakcie z czynnikami zewn\u0119trznymi.<\/p>\n<p class=\"\" data-start=\"473\" data-end=\"691\">Maska Hydra Global g\u0142\u0119boko wnika w sk\u00f3r\u0119 i dostarcza d\u0142ugotrwa\u0142e, intensywne nawil\u017cenie. Pozostawia sk\u00f3r\u0119 g\u0142adk\u0105, od\u015bwie\u017con\u0105 i zrewitalizowan\u0105, jednocze\u015bnie tworz\u0105c ochronn\u0105 barier\u0119 przed szkodliwym wp\u0142ywem \u015brodowiska.<\/p>\n<hr class=\"\" data-start=\"693\" data-end=\"696\" \/>\n<h3 class=\"\" data-start=\"698\" data-end=\"729\"><strong data-start=\"702\" data-end=\"729\">W\u0142a\u015bciwo\u015bci i korzy\u015bci:<\/strong><\/h3>\n<p class=\"\" data-start=\"730\" data-end=\"1197\">\u2714 <strong data-start=\"732\" data-end=\"755\">G\u0142\u0119bokie nawil\u017cenie<\/strong> \u2013 przenika w g\u0142\u0105b sk\u00f3ry i zapewnia d\u0142ugotrwa\u0142e nawodnienie.<br data-start=\"815\" data-end=\"818\" \/>\u2714 <strong data-start=\"820\" data-end=\"847\">Ochrona przed sucho\u015bci\u0105<\/strong> \u2013 skutecznie przeciwdzia\u0142a oznakom suchej i szorstkiej sk\u00f3ry.<br data-start=\"909\" data-end=\"912\" \/>\u2714 <strong data-start=\"914\" data-end=\"937\">\u015awie\u017co\u015b\u0107 i mi\u0119kko\u015b\u0107<\/strong> \u2013 ju\u017c po jednym u\u017cyciu sk\u00f3ra staje si\u0119 mi\u0119kka i promienna.<br data-start=\"996\" data-end=\"999\" \/>\u2714 <strong data-start=\"1001\" data-end=\"1030\">Dla ka\u017cdego rodzaju sk\u00f3ry<\/strong> \u2013 idealna do codziennej piel\u0119gnacji, szczeg\u00f3lnie przy sk\u00f3rze suchej lub odwodnionej.<br data-start=\"1115\" data-end=\"1118\" \/>\u2714 <strong data-start=\"1120\" data-end=\"1141\">Efekt od\u015bwie\u017cenia<\/strong> \u2013 natychmiastowe uczucie \u015bwie\u017co\u015bci i regeneracji sk\u00f3ry.<\/p>\n<hr class=\"\" data-start=\"1199\" data-end=\"1202\" \/>\n<h3 class=\"\" data-start=\"1204\" data-end=\"1226\"><strong data-start=\"1208\" data-end=\"1226\">Spos\u00f3b u\u017cycia:<\/strong><\/h3>\n<p class=\"\" data-start=\"1227\" data-end=\"1434\">\ud83d\udd39 Na\u0142\u00f3\u017c mask\u0119 obficie na oczyszczon\u0105 sk\u00f3r\u0119 twarzy i szyi.<br data-start=\"1285\" data-end=\"1288\" \/>\ud83d\udd39 Pozostaw na 10\u201315 minut, a nast\u0119pnie zmyj letni\u0105 wod\u0105.<br data-start=\"1345\" data-end=\"1348\" \/>\ud83d\udd39 Stosuj 1\u20132 razy w tygodniu lub wed\u0142ug potrzeb, aby zapewni\u0107 intensywn\u0105 piel\u0119gnacj\u0119.<\/p>\n<hr class=\"\" data-start=\"1436\" data-end=\"1439\" \/>\n<p class=\"\" data-start=\"1441\" data-end=\"1621\">Dzi\u0119ki <strong data-start=\"1448\" data-end=\"1479\">Hydra Global Aktywnej Masce<\/strong> otrzymujesz piel\u0119gnacj\u0119, kt\u00f3ra dog\u0142\u0119bnie nawil\u017ca sk\u00f3r\u0119 i przywraca jej \u015bwie\u017co\u015b\u0107 ju\u017c w kilka minut. Idealna, aby nada\u0107 sk\u00f3rze naturalny blask!<\/p>\n","protected":false},"excerpt":{"rendered":"<p>Aktywna Maska do Twarzy Hydra Global \u2013 Intensywne Nawil\u017cenie i Regeneracja Sk\u00f3ry<\/p>\n","protected":false},"featured_media":2402,"comment_status":"open","ping_status":"closed","template":"","meta":{"_seopress_robots_primary_cat":"none","_seopress_titles_title":"Hydra Global Maska Nawil\u017caj\u0105ca \u2013 Aktywna Piel\u0119gnacja dla Twojej Sk\u00f3ry","_seopress_titles_desc":"Hydra Global \u2013 Maska dla G\u0142adkiej i \u015awie\u017cej Sk\u00f3ry","_seopress_robots_index":"","googlesitekit_rrm_CAowz76iDA:productID":""},"product_brand":[],"product_cat":[292],"product_tag":[],"class_list":{"0":"post-2628","1":"product","2":"type-product","3":"status-publish","4":"has-post-thumbnail","6":"product_cat-store-packages","8":"first","9":"instock","10":"taxable","11":"shipping-taxable","12":"purchasable","13":"product-type-simple"},"_links":{"self":[{"href":"https:\/\/linkmarkt.eu\/pl\/wp-json\/wp\/v2\/product\/2628","targetHints":{"allow":["GET"]}}],"collection":[{"href":"https:\/\/linkmarkt.eu\/pl\/wp-json\/wp\/v2\/product"}],"about":[{"href":"https:\/\/linkmarkt.eu\/pl\/wp-json\/wp\/v2\/types\/product"}],"replies":[{"embeddable":true,"href":"https:\/\/linkmarkt.eu\/pl\/wp-json\/wp\/v2\/comments?post=2628"}],"version-history":[{"count":1,"href":"https:\/\/linkmarkt.eu\/pl\/wp-json\/wp\/v2\/product\/2628\/revisions"}],"predecessor-version":[{"id":2629,"href":"https:\/\/linkmarkt.eu\/pl\/wp-json\/wp\/v2\/product\/2628\/revisions\/2629"}],"wp:featuredmedia":[{"embeddable":true,"href":"https:\/\/linkmarkt.eu\/pl\/wp-json\/wp\/v2\/media\/2402"}],"wp:attachment":[{"href":"https:\/\/linkmarkt.eu\/pl\/wp-json\/wp\/v2\/media?parent=2628"}],"wp:term":[{"taxonomy":"product_brand","embeddable":true,"href":"https:\/\/linkmarkt.eu\/pl\/wp-json\/wp\/v2\/product_brand?post=2628"},{"taxonomy":"product_cat","embeddable":true,"href":"https:\/\/linkmarkt.eu\/pl\/wp-json\/wp\/v2\/product_cat?post=2628"},{"taxonomy":"product_tag","embeddable":true,"href":"https:\/\/linkmarkt.eu\/pl\/wp-json\/wp\/v2\/product_tag?post=2628"}],"curies":[{"name":"wp","href":"https:\/\/api.w.org\/{rel}","templated":true}]}}