{"id":2632,"date":"2025-02-27T08:18:38","date_gmt":"2025-02-27T07:18:38","guid":{"rendered":"https:\/\/linkmarkt.eu\/product\/aktywny-krem-na-dzien-hydra-global\/"},"modified":"2025-04-01T18:54:00","modified_gmt":"2025-04-01T16:54:00","slug":"aktywny-krem-na-dzien-hydra-global","status":"publish","type":"product","link":"https:\/\/linkmarkt.eu\/pl\/product\/aktywny-krem-na-dzien-hydra-global\/","title":{"rendered":"Aktywny Krem na Dzie\u0144 Hydra-Global"},"content":{"rendered":"<p class=\"\" data-start=\"57\" data-end=\"410\"><strong data-start=\"57\" data-end=\"95\">Hydra-Global Aktywny Krem na Dzie\u0144<\/strong> to nawil\u017caj\u0105ca piel\u0119gnacja twarzy, stworzona, aby przez ca\u0142y rok intensywnie nawil\u017ca\u0107 sk\u00f3r\u0119 i wspiera\u0107 jej naturalne mechanizmy reguluj\u0105ce poziom nawil\u017cenia. Krem doskonale sprawdza si\u0119 w przypadku sk\u00f3ry suchej i bardzo suchej, pomagaj\u0105c utrzyma\u0107 odpowiedni poziom nawodnienia niezale\u017cnie od warunk\u00f3w zewn\u0119trznych.<\/p>\n<hr class=\"\" data-start=\"412\" data-end=\"415\" \/>\n<h3 class=\"\" data-start=\"417\" data-end=\"446\"><strong data-start=\"421\" data-end=\"446\">W\u0142a\u015bciwo\u015bci i zalety:<\/strong><\/h3>\n<p class=\"\" data-start=\"447\" data-end=\"955\">\u2714 <strong data-start=\"449\" data-end=\"475\">D\u0142ugotrwa\u0142e nawil\u017cenie<\/strong> \u2013 wspomaga sk\u00f3r\u0119 w efektywnym magazynowaniu wody i utrzymaniu optymalnego poziomu nawil\u017cenia przez d\u0142ugi czas.<br data-start=\"586\" data-end=\"589\" \/>\u2714 <strong data-start=\"591\" data-end=\"638\">Lekka, szybko wch\u0142aniaj\u0105ca si\u0119 konsystencja<\/strong> \u2013 nie pozostawia t\u0142ustego filmu, idealna jako baza pod makija\u017c.<br data-start=\"702\" data-end=\"705\" \/>\u2714 <strong data-start=\"707\" data-end=\"727\">Efekt anti-aging<\/strong> \u2013 redukuje drobne linie i zmarszczki spowodowane przesuszeniem, wyg\u0142adzaj\u0105c struktur\u0119 sk\u00f3ry.<br data-start=\"820\" data-end=\"823\" \/>\u2714 <strong data-start=\"825\" data-end=\"850\">Ochrona i piel\u0119gnacja<\/strong> \u2013 wzmacnia naturaln\u0105 barier\u0119 ochronn\u0105 sk\u00f3ry i chroni j\u0105 przed negatywnym wp\u0142ywem czynnik\u00f3w zewn\u0119trznych.<\/p>\n<hr class=\"\" data-start=\"957\" data-end=\"960\" \/>\n<h3 class=\"\" data-start=\"962\" data-end=\"986\"><strong data-start=\"966\" data-end=\"984\">Spos\u00f3b u\u017cycia:<\/strong><\/h3>\n<p class=\"\" data-start=\"987\" data-end=\"1155\">\ud83d\udd39 Nak\u0142ada\u0107 rano na oczyszczon\u0105 sk\u00f3r\u0119 twarzy i szyi.<br data-start=\"1039\" data-end=\"1042\" \/>\ud83d\udd39 Delikatnie wmasowa\u0107 do ca\u0142kowitego wch\u0142oni\u0119cia.<br data-start=\"1092\" data-end=\"1095\" \/>\ud83d\udd39 Mo\u017ce by\u0107 stosowany samodzielnie lub w po\u0142\u0105czeniu z serum.<\/p>\n","protected":false},"excerpt":{"rendered":"<p><strong data-start=\"0\" data-end=\"79\">Aktywny Krem na Dzie\u0144 Hydra-Global \u2013 Nawil\u017caj\u0105ca piel\u0119gnacja na ka\u017cdy dzie\u0144.<\/strong><\/p>\n","protected":false},"featured_media":2400,"comment_status":"open","ping_status":"closed","template":"","meta":{"_seopress_robots_primary_cat":"none","_seopress_titles_title":"Hydra-Global Aktywny Krem na Dzie\u0144 \u2013 Intensywne nawil\u017cenie ","_seopress_titles_desc":"","_seopress_robots_index":"","googlesitekit_rrm_CAowz76iDA:productID":""},"product_brand":[],"product_cat":[292],"product_tag":[],"class_list":{"0":"post-2632","1":"product","2":"type-product","3":"status-publish","4":"has-post-thumbnail","6":"product_cat-store-packages","8":"first","9":"instock","10":"taxable","11":"shipping-taxable","12":"purchasable","13":"product-type-simple"},"_links":{"self":[{"href":"https:\/\/linkmarkt.eu\/pl\/wp-json\/wp\/v2\/product\/2632","targetHints":{"allow":["GET"]}}],"collection":[{"href":"https:\/\/linkmarkt.eu\/pl\/wp-json\/wp\/v2\/product"}],"about":[{"href":"https:\/\/linkmarkt.eu\/pl\/wp-json\/wp\/v2\/types\/product"}],"replies":[{"embeddable":true,"href":"https:\/\/linkmarkt.eu\/pl\/wp-json\/wp\/v2\/comments?post=2632"}],"version-history":[{"count":1,"href":"https:\/\/linkmarkt.eu\/pl\/wp-json\/wp\/v2\/product\/2632\/revisions"}],"predecessor-version":[{"id":2633,"href":"https:\/\/linkmarkt.eu\/pl\/wp-json\/wp\/v2\/product\/2632\/revisions\/2633"}],"wp:featuredmedia":[{"embeddable":true,"href":"https:\/\/linkmarkt.eu\/pl\/wp-json\/wp\/v2\/media\/2400"}],"wp:attachment":[{"href":"https:\/\/linkmarkt.eu\/pl\/wp-json\/wp\/v2\/media?parent=2632"}],"wp:term":[{"taxonomy":"product_brand","embeddable":true,"href":"https:\/\/linkmarkt.eu\/pl\/wp-json\/wp\/v2\/product_brand?post=2632"},{"taxonomy":"product_cat","embeddable":true,"href":"https:\/\/linkmarkt.eu\/pl\/wp-json\/wp\/v2\/product_cat?post=2632"},{"taxonomy":"product_tag","embeddable":true,"href":"https:\/\/linkmarkt.eu\/pl\/wp-json\/wp\/v2\/product_tag?post=2632"}],"curies":[{"name":"wp","href":"https:\/\/api.w.org\/{rel}","templated":true}]}}