{"id":2636,"date":"2025-02-22T12:37:03","date_gmt":"2025-02-22T11:37:03","guid":{"rendered":"https:\/\/linkmarkt.eu\/product\/hydro-luxe-krem-do-ciala-intensywna-pielegnacja-nawilzajaca-z-olejem-jojoba-i-migdalowym-%e2%9c%85\/"},"modified":"2025-04-16T19:43:16","modified_gmt":"2025-04-16T17:43:16","slug":"hydro-luxe-krem-do-ciala-intensywna-pielegnacja-nawilzajaca-z-olejem-jojoba-i-migdalowym-%e2%9c%85","status":"publish","type":"product","link":"https:\/\/linkmarkt.eu\/pl\/product\/hydro-luxe-krem-do-ciala-intensywna-pielegnacja-nawilzajaca-z-olejem-jojoba-i-migdalowym-%e2%9c%85\/","title":{"rendered":"Hydro Luxe Krem do Cia\u0142a \u2013 Intensywna piel\u0119gnacja nawil\u017caj\u0105ca z olejem jojoba i migda\u0142owym \u2705"},"content":{"rendered":"<p class=\"\" data-start=\"37\" data-end=\"325\"><strong data-start=\"37\" data-end=\"138\">Do\u015bwiadcz luksusowej piel\u0119gnacji sk\u00f3ry na najwy\u017cszym poziomie z nasz\u0105 Hydro Luxe Kremem do Cia\u0142a!<\/strong><br data-start=\"138\" data-end=\"141\" \/>Ten ekskluzywny krem, wzbogacony wysokiej jako\u015bci izolatami konopi, olejem jojoba i migda\u0142owym, zapewnia sk\u00f3rze intensywne nawil\u017cenie, pozostawiaj\u0105c j\u0105 jedwabi\u015bcie g\u0142adk\u0105 i elastyczn\u0105.<\/p>\n<p class=\"\" data-start=\"327\" data-end=\"700\">Od\u015bwie\u017caj\u0105cy zapach og\u00f3rka i melona zamienia Twoj\u0105 codzienn\u0105 piel\u0119gnacj\u0119 w prawdziw\u0105 chwil\u0119 relaksu \u2013 idealny do piel\u0119gnacji suchej i wra\u017cliwej sk\u00f3ry na d\u0142ugoterminowo. Szybko wch\u0142aniaj\u0105ca si\u0119, niet\u0142usta konsystencja sprawia, \u017ce krem jest doskona\u0142ym towarzyszem Twojej codziennej piel\u0119gnacji, zar\u00f3wno zaraz po prysznicu, jak i zawsze, gdy Twoja sk\u00f3ra potrzebuje od\u017cywienia.<\/p>\n<p class=\"\" data-start=\"702\" data-end=\"969\"><strong data-start=\"702\" data-end=\"730\">Hydro Luxe Krem do Cia\u0142a<\/strong> oferuje nie tylko skuteczne nawil\u017cenie, ale tak\u017ce naturaln\u0105 ochron\u0119 przed czynnikami zewn\u0119trznymi \u2013 wolny od paraben\u00f3w i sztucznych barwnik\u00f3w. Podaruj swojej sk\u00f3rze piel\u0119gnacj\u0119, na jak\u0105 zas\u0142uguje, i ciesz si\u0119 \u015bwie\u017cym, promiennym wygl\u0105dem!<\/p>\n<p class=\"\" data-start=\"971\" data-end=\"1019\"><strong data-start=\"971\" data-end=\"980\">Cena:<\/strong> 82,00 \u20ac<br data-start=\"988\" data-end=\"991\" \/><strong data-start=\"991\" data-end=\"1003\">Dostawa:<\/strong> W ci\u0105gu 3-5 dni<\/p>\n<p class=\"\" data-start=\"1021\" data-end=\"1132\"><strong data-start=\"1021\" data-end=\"1132\">Zam\u00f3w ju\u017c teraz i przekonaj si\u0119, jak Twoja sk\u00f3ra intensywnie regeneruje si\u0119 i promienieje now\u0105 witalno\u015bci\u0105!<\/strong><\/p>\n","protected":false},"excerpt":{"rendered":"<p>Do\u015bwiadcz luksusowej piel\u0119gnacji sk\u00f3ry na najwy\u017cszym poziomie z nasz\u0105 Hydro Luxe Kremem do Cia\u0142a!Ten ekskluzywny krem, wzbogacony wysokiej jako\u015bci izolatami konopi, olejem jojoba i migda\u0142owym, zapewnia sk\u00f3rze intensywne nawil\u017cenie, pozostawiaj\u0105c j\u0105 jedwabi\u015bcie g\u0142adk\u0105 i elastyczn\u0105. Od\u015bwie\u017caj\u0105cy zapach og\u00f3rka i melona zamienia Twoj\u0105 codzienn\u0105 piel\u0119gnacj\u0119 w prawdziw\u0105 chwil\u0119 relaksu \u2013 idealny do piel\u0119gnacji suchej i wra\u017cliwej [&hellip;]<\/p>\n","protected":false},"featured_media":0,"comment_status":"open","ping_status":"closed","template":"","meta":{"_seopress_robots_primary_cat":"none","_seopress_titles_title":"","_seopress_titles_desc":"","_seopress_robots_index":"","googlesitekit_rrm_CAowz76iDA:productID":""},"product_brand":[],"product_cat":[292],"product_tag":[],"class_list":{"0":"post-2636","1":"product","2":"type-product","3":"status-publish","5":"product_cat-store-packages","7":"first","8":"instock","9":"downloadable","10":"virtual","11":"sold-individually","12":"taxable","13":"purchasable","14":"product-type-listing_booking"},"_links":{"self":[{"href":"https:\/\/linkmarkt.eu\/pl\/wp-json\/wp\/v2\/product\/2636","targetHints":{"allow":["GET"]}}],"collection":[{"href":"https:\/\/linkmarkt.eu\/pl\/wp-json\/wp\/v2\/product"}],"about":[{"href":"https:\/\/linkmarkt.eu\/pl\/wp-json\/wp\/v2\/types\/product"}],"replies":[{"embeddable":true,"href":"https:\/\/linkmarkt.eu\/pl\/wp-json\/wp\/v2\/comments?post=2636"}],"version-history":[{"count":1,"href":"https:\/\/linkmarkt.eu\/pl\/wp-json\/wp\/v2\/product\/2636\/revisions"}],"predecessor-version":[{"id":2637,"href":"https:\/\/linkmarkt.eu\/pl\/wp-json\/wp\/v2\/product\/2636\/revisions\/2637"}],"wp:attachment":[{"href":"https:\/\/linkmarkt.eu\/pl\/wp-json\/wp\/v2\/media?parent=2636"}],"wp:term":[{"taxonomy":"product_brand","embeddable":true,"href":"https:\/\/linkmarkt.eu\/pl\/wp-json\/wp\/v2\/product_brand?post=2636"},{"taxonomy":"product_cat","embeddable":true,"href":"https:\/\/linkmarkt.eu\/pl\/wp-json\/wp\/v2\/product_cat?post=2636"},{"taxonomy":"product_tag","embeddable":true,"href":"https:\/\/linkmarkt.eu\/pl\/wp-json\/wp\/v2\/product_tag?post=2636"}],"curies":[{"name":"wp","href":"https:\/\/api.w.org\/{rel}","templated":true}]}}