{"id":2640,"date":"2025-02-22T12:29:25","date_gmt":"2025-02-22T11:29:25","guid":{"rendered":"https:\/\/linkmarkt.eu\/product\/zel-do-mycia-twarzy-z-konopiami-i-korzeniem-lopianu-dla-mlodzienczo-swiezej-skory\/"},"modified":"2025-04-16T19:45:42","modified_gmt":"2025-04-16T17:45:42","slug":"zel-do-mycia-twarzy-z-konopiami-i-korzeniem-lopianu-dla-mlodzienczo-swiezej-skory","status":"publish","type":"product","link":"https:\/\/linkmarkt.eu\/pl\/product\/zel-do-mycia-twarzy-z-konopiami-i-korzeniem-lopianu-dla-mlodzienczo-swiezej-skory\/","title":{"rendered":"\u017bel do mycia twarzy z konopiami i korzeniem \u0142opianu \u2013 dla m\u0142odzie\u0144czo \u015bwie\u017cej sk\u00f3ry"},"content":{"rendered":"<p class=\"\" data-start=\"61\" data-end=\"398\"><strong data-start=\"61\" data-end=\"155\"><img alt=\"\" decoding=\"async\" class=\"alignnone size-full wp-image-3190\" src=\"https:\/\/linkmarkt.eu\/wp-content\/uploads\/2025\/04\/cannabisbeauty-cleanser1-200x2001-1.png\" alt=\"\" width=\"200\" height=\"200\" srcset=\"https:\/\/linkmarkt.eu\/wp-content\/uploads\/2025\/04\/cannabisbeauty-cleanser1-200x2001-1.png 200w, https:\/\/linkmarkt.eu\/wp-content\/uploads\/2025\/04\/cannabisbeauty-cleanser1-200x2001-1-150x150.png 150w, https:\/\/linkmarkt.eu\/wp-content\/uploads\/2025\/04\/cannabisbeauty-cleanser1-200x2001-1-100x100.png 100w\" sizes=\"(max-width: 200px) 100vw, 200px\" \/>Odkryj rewolucyjn\u0105 formu\u0142\u0119, kt\u00f3ra codziennie piel\u0119gnuje Twoj\u0105 sk\u00f3r\u0119 i przywraca jej blask!<\/strong><br data-start=\"155\" data-end=\"158\" \/>Nasz \u017cel do mycia twarzy, wzbogacony o silnie dzia\u0142aj\u0105ce, naturalne sk\u0142adniki \u2013 konopie i korze\u0144 \u0142opianu \u2013 zapewnia delikatne, a zarazem skuteczne oczyszczanie, kt\u00f3re nie tylko usuwa zanieczyszczenia, ale tak\u017ce intensywnie piel\u0119gnuje sk\u00f3r\u0119.<\/p>\n<h3 class=\"\" data-start=\"400\" data-end=\"435\">Dlaczego warto wybra\u0107 nasz \u017cel?<\/h3>\n<p class=\"\" data-start=\"436\" data-end=\"1253\">\u2022 <strong data-start=\"438\" data-end=\"461\">Unikalna receptura:<\/strong> Nasza opatentowana mieszanka tradycyjnych azjatyckich zi\u00f3\u0142 \u0142\u0105czy konopie, korze\u0144 \u0142opianu i korze\u0144 china, aby zwi\u0119kszy\u0107 biodost\u0119pno\u015b\u0107 cennych substancji aktywnych.<br data-start=\"624\" data-end=\"627\" \/>\u2022 <strong data-start=\"629\" data-end=\"668\">Delikatne i skuteczne oczyszczanie:<\/strong> Antybakteryjne i przeciwzapalne w\u0142a\u015bciwo\u015bci korzenia \u0142opianu pomagaj\u0105 usuwa\u0107 nadmiar sebum, zw\u0119\u017ca\u0107 pory i zwalcza\u0107 niedoskona\u0142o\u015bci \u2013 bez przesuszania sk\u00f3ry.<br data-start=\"825\" data-end=\"828\" \/>\u2022 <strong data-start=\"830\" data-end=\"871\">Intensywna piel\u0119gnacja i regeneracja:<\/strong> Konopie dostarczaj\u0105 niezb\u0119dnych kwas\u00f3w t\u0142uszczowych omega-3 i omega-6, g\u0142\u0119boko nawil\u017caj\u0105 i wspieraj\u0105 naturaln\u0105 regeneracj\u0119 sk\u00f3ry, pozostawiaj\u0105c j\u0105 mi\u0119kk\u0105, elastyczn\u0105 i m\u0142odzie\u0144cz\u0105.<br data-start=\"1052\" data-end=\"1055\" \/>\u2022 <strong data-start=\"1057\" data-end=\"1092\">Odpowiedni dla sk\u00f3ry wra\u017cliwej:<\/strong> Wolny od paraben\u00f3w, siarczan\u00f3w i sztucznych substancji zapachowych, nasz produkt zapewnia \u0142agodn\u0105 piel\u0119gnacj\u0119 \u2013 idealny do codziennego u\u017cytku, rano i wieczorem.<\/p>\n<p class=\"\" data-start=\"1255\" data-end=\"1510\">Poczuj, jak nasz \u017cel do twarzy skutecznie usuwa makija\u017c, zanieczyszczenia i codzienny brud, jednocze\u015bnie nadaj\u0105c Twojej cerze promienny, \u015bwie\u017cy wygl\u0105d. Podaruj swojej sk\u00f3rze naturaln\u0105 piel\u0119gnacj\u0119, na jak\u0105 zas\u0142uguje \u2013 i ciesz si\u0119 m\u0142odym wygl\u0105dem na d\u0142u\u017cej!<\/p>\n<p class=\"\" data-start=\"1512\" data-end=\"1560\"><strong data-start=\"1512\" data-end=\"1521\">Cena:<\/strong> 64,00 \u20ac<br data-start=\"1529\" data-end=\"1532\" \/><strong data-start=\"1532\" data-end=\"1544\">Dostawa:<\/strong> W ci\u0105gu 3\u20135 dni<\/p>\n<p class=\"\" data-start=\"1562\" data-end=\"1670\"><strong data-start=\"1562\" data-end=\"1670\">Zam\u00f3w ju\u017c dzi\u015b i przekonaj si\u0119 o sile dzia\u0142ania naturalnych sk\u0142adnik\u00f3w. Twoja sk\u00f3ra Ci za to podzi\u0119kuje!<\/strong><\/p>\n","protected":false},"excerpt":{"rendered":"<p>Odkryj rewolucyjn\u0105 formu\u0142\u0119, kt\u00f3ra codziennie piel\u0119gnuje Twoj\u0105 sk\u00f3r\u0119 i przywraca jej blask!Nasz \u017cel do mycia twarzy, wzbogacony o silnie dzia\u0142aj\u0105ce, naturalne sk\u0142adniki \u2013 konopie i korze\u0144 \u0142opianu \u2013 zapewnia delikatne, a zarazem skuteczne oczyszczanie, kt\u00f3re nie tylko usuwa zanieczyszczenia, ale tak\u017ce intensywnie piel\u0119gnuje sk\u00f3r\u0119. Dlaczego warto wybra\u0107 nasz \u017cel? \u2022 Unikalna receptura: Nasza opatentowana mieszanka [&hellip;]<\/p>\n","protected":false},"featured_media":3190,"comment_status":"open","ping_status":"closed","template":"","meta":{"_seopress_robots_primary_cat":"none","_seopress_titles_title":"","_seopress_titles_desc":"","_seopress_robots_index":"","googlesitekit_rrm_CAowz76iDA:productID":""},"product_brand":[],"product_cat":[292],"product_tag":[],"class_list":{"0":"post-2640","1":"product","2":"type-product","3":"status-publish","4":"has-post-thumbnail","6":"product_cat-store-packages","8":"first","9":"instock","10":"downloadable","11":"virtual","12":"sold-individually","13":"taxable","14":"purchasable","15":"product-type-listing_booking"},"_links":{"self":[{"href":"https:\/\/linkmarkt.eu\/pl\/wp-json\/wp\/v2\/product\/2640","targetHints":{"allow":["GET"]}}],"collection":[{"href":"https:\/\/linkmarkt.eu\/pl\/wp-json\/wp\/v2\/product"}],"about":[{"href":"https:\/\/linkmarkt.eu\/pl\/wp-json\/wp\/v2\/types\/product"}],"replies":[{"embeddable":true,"href":"https:\/\/linkmarkt.eu\/pl\/wp-json\/wp\/v2\/comments?post=2640"}],"version-history":[{"count":2,"href":"https:\/\/linkmarkt.eu\/pl\/wp-json\/wp\/v2\/product\/2640\/revisions"}],"predecessor-version":[{"id":3222,"href":"https:\/\/linkmarkt.eu\/pl\/wp-json\/wp\/v2\/product\/2640\/revisions\/3222"}],"wp:featuredmedia":[{"embeddable":true,"href":"https:\/\/linkmarkt.eu\/pl\/wp-json\/wp\/v2\/media\/3190"}],"wp:attachment":[{"href":"https:\/\/linkmarkt.eu\/pl\/wp-json\/wp\/v2\/media?parent=2640"}],"wp:term":[{"taxonomy":"product_brand","embeddable":true,"href":"https:\/\/linkmarkt.eu\/pl\/wp-json\/wp\/v2\/product_brand?post=2640"},{"taxonomy":"product_cat","embeddable":true,"href":"https:\/\/linkmarkt.eu\/pl\/wp-json\/wp\/v2\/product_cat?post=2640"},{"taxonomy":"product_tag","embeddable":true,"href":"https:\/\/linkmarkt.eu\/pl\/wp-json\/wp\/v2\/product_tag?post=2640"}],"curies":[{"name":"wp","href":"https:\/\/api.w.org\/{rel}","templated":true}]}}