{"id":2644,"date":"2025-02-21T07:47:29","date_gmt":"2025-02-21T06:47:29","guid":{"rendered":"https:\/\/linkmarkt.eu\/product\/hydro-luxe-krem-do-ciala-z-olejem-jojoba-i-migdalowym-%e2%9c%85\/"},"modified":"2025-04-16T19:46:50","modified_gmt":"2025-04-16T17:46:50","slug":"hydro-luxe-krem-do-ciala-z-olejem-jojoba-i-migdalowym-%e2%9c%85","status":"publish","type":"product","link":"https:\/\/linkmarkt.eu\/pl\/product\/hydro-luxe-krem-do-ciala-z-olejem-jojoba-i-migdalowym-%e2%9c%85\/","title":{"rendered":"Hydro Luxe Krem do Cia\u0142a z Olejem Jojoba i Migda\u0142owym \u2705"},"content":{"rendered":"<p class=\"\" data-start=\"39\" data-end=\"120\"><strong data-start=\"39\" data-end=\"120\"><img alt=\"\" decoding=\"async\" class=\"alignnone size-full wp-image-3186\" src=\"https:\/\/linkmarkt.eu\/wp-content\/uploads\/2025\/04\/HydroLuxeCream-_118-ml_-US-1000mg-202409-withbanner-ecomm2-200x2001-1.jpg\" alt=\"\" width=\"200\" height=\"200\" srcset=\"https:\/\/linkmarkt.eu\/wp-content\/uploads\/2025\/04\/HydroLuxeCream-_118-ml_-US-1000mg-202409-withbanner-ecomm2-200x2001-1.jpg 200w, https:\/\/linkmarkt.eu\/wp-content\/uploads\/2025\/04\/HydroLuxeCream-_118-ml_-US-1000mg-202409-withbanner-ecomm2-200x2001-1-150x150.jpg 150w, https:\/\/linkmarkt.eu\/wp-content\/uploads\/2025\/04\/HydroLuxeCream-_118-ml_-US-1000mg-202409-withbanner-ecomm2-200x2001-1-100x100.jpg 100w\" sizes=\"(max-width: 200px) 100vw, 200px\" \/>Hydro Luxe Krem do cia\u0142a \u2013 luksusowe nawil\u017cenie dla aksamitnie mi\u0119kkiej sk\u00f3ry<\/strong><\/p>\n<p class=\"\" data-start=\"122\" data-end=\"366\">Rozpieszczaj swoj\u0105 sk\u00f3r\u0119 intensywnie nawil\u017caj\u0105cym kremem do cia\u0142a Hydro Luxe z olejkiem jojoba i migda\u0142owym! Ta bogata formu\u0142a z cennymi, naturalnymi sk\u0142adnikami zapewnia sk\u00f3rze d\u0142ugotrwa\u0142e nawil\u017cenie oraz pozostawia j\u0105 mi\u0119kk\u0105, g\u0142adk\u0105 i zdrow\u0105.<\/p>\n<p class=\"\" data-start=\"368\" data-end=\"903\">\ud83c\udf3f <strong data-start=\"371\" data-end=\"394\">Korzy\u015bci w skr\u00f3cie:<\/strong> \u2714 <strong data-start=\"397\" data-end=\"420\">G\u0142\u0119bokie nawil\u017cenie<\/strong> \u2013 olej jojoba i olej migda\u0142owy intensywnie piel\u0119gnuj\u0105 sk\u00f3r\u0119 i zapobiegaj\u0105 jej wysuszeniu<br data-start=\"509\" data-end=\"512\" \/>\u2714 <strong data-start=\"514\" data-end=\"547\">Lekka, niet\u0142usta konsystencja<\/strong> \u2013 szybko si\u0119 wch\u0142ania, pozostawiaj\u0105c sk\u00f3r\u0119 aksamitnie mi\u0119kk\u0105<br data-start=\"608\" data-end=\"611\" \/>\u2714 <strong data-start=\"613\" data-end=\"639\">Bogaty w antyoksydanty<\/strong> \u2013 chroni sk\u00f3r\u0119 przed szkodliwym wp\u0142ywem \u015brodowiska oraz przedwczesnym starzeniem<br data-start=\"720\" data-end=\"723\" \/>\u2714 <strong data-start=\"725\" data-end=\"748\">Naturalne sk\u0142adniki<\/strong> \u2013 bez paraben\u00f3w, sztucznych barwnik\u00f3w czy silikon\u00f3w<br data-start=\"800\" data-end=\"803\" \/>\u2714 <strong data-start=\"805\" data-end=\"825\">Przyjemny zapach<\/strong> \u2013 \u015bwie\u017ce nuty og\u00f3rka i melona zapewniaj\u0105 relaksuj\u0105ce doznania piel\u0119gnacyjne<\/p>\n<p class=\"\" data-start=\"905\" data-end=\"1074\">\u2728 <strong data-start=\"907\" data-end=\"925\">Spos\u00f3b u\u017cycia:<\/strong><br data-start=\"925\" data-end=\"928\" \/>Stosowa\u0107 codziennie po prysznicu lub k\u0105pieli na lekko wilgotn\u0105 sk\u00f3r\u0119, delikatnie wmasowuj\u0105c dla lepszego wch\u0142aniania cennych substancji aktywnych.<\/p>\n<p class=\"\" data-start=\"1076\" data-end=\"1199\">\ud83d\udce6 <strong data-start=\"1079\" data-end=\"1095\">Zam\u00f3w teraz:<\/strong><br data-start=\"1095\" data-end=\"1098\" \/>\ud83d\udd17 Krem do cia\u0142a Hydro Luxe z olejkiem jojoba i migda\u0142owym \u2013 tylko 82,00 \u20ac<br data-start=\"1172\" data-end=\"1175\" \/>\ud83d\udcc5 Czas dostawy: 5 dni<\/p>\n<p class=\"\" data-start=\"1201\" data-end=\"1302\">\ud83c\udf3f Podaruj swojej sk\u00f3rze piel\u0119gnacj\u0119, na jak\u0105 zas\u0142uguje \u2013 dla zdrowego, g\u0142adkiego i pi\u0119knego wygl\u0105du!<\/p>\n","protected":false},"excerpt":{"rendered":"<p>Hydro Luxe Krem do cia\u0142a \u2013 luksusowe nawil\u017cenie dla aksamitnie mi\u0119kkiej sk\u00f3ry Rozpieszczaj swoj\u0105 sk\u00f3r\u0119 intensywnie nawil\u017caj\u0105cym kremem do cia\u0142a Hydro Luxe z olejkiem jojoba i migda\u0142owym! Ta bogata formu\u0142a z cennymi, naturalnymi sk\u0142adnikami zapewnia sk\u00f3rze d\u0142ugotrwa\u0142e nawil\u017cenie oraz pozostawia j\u0105 mi\u0119kk\u0105, g\u0142adk\u0105 i zdrow\u0105. \ud83c\udf3f Korzy\u015bci w skr\u00f3cie: \u2714 G\u0142\u0119bokie nawil\u017cenie \u2013 olej jojoba [&hellip;]<\/p>\n","protected":false},"featured_media":0,"comment_status":"open","ping_status":"closed","template":"","meta":{"_seopress_robots_primary_cat":"none","_seopress_titles_title":"","_seopress_titles_desc":"","_seopress_robots_index":"","googlesitekit_rrm_CAowz76iDA:productID":""},"product_brand":[],"product_cat":[292],"product_tag":[],"class_list":{"0":"post-2644","1":"product","2":"type-product","3":"status-publish","5":"product_cat-store-packages","7":"first","8":"instock","9":"downloadable","10":"virtual","11":"sold-individually","12":"taxable","13":"purchasable","14":"product-type-listing_booking"},"_links":{"self":[{"href":"https:\/\/linkmarkt.eu\/pl\/wp-json\/wp\/v2\/product\/2644","targetHints":{"allow":["GET"]}}],"collection":[{"href":"https:\/\/linkmarkt.eu\/pl\/wp-json\/wp\/v2\/product"}],"about":[{"href":"https:\/\/linkmarkt.eu\/pl\/wp-json\/wp\/v2\/types\/product"}],"replies":[{"embeddable":true,"href":"https:\/\/linkmarkt.eu\/pl\/wp-json\/wp\/v2\/comments?post=2644"}],"version-history":[{"count":2,"href":"https:\/\/linkmarkt.eu\/pl\/wp-json\/wp\/v2\/product\/2644\/revisions"}],"predecessor-version":[{"id":3223,"href":"https:\/\/linkmarkt.eu\/pl\/wp-json\/wp\/v2\/product\/2644\/revisions\/3223"}],"wp:attachment":[{"href":"https:\/\/linkmarkt.eu\/pl\/wp-json\/wp\/v2\/media?parent=2644"}],"wp:term":[{"taxonomy":"product_brand","embeddable":true,"href":"https:\/\/linkmarkt.eu\/pl\/wp-json\/wp\/v2\/product_brand?post=2644"},{"taxonomy":"product_cat","embeddable":true,"href":"https:\/\/linkmarkt.eu\/pl\/wp-json\/wp\/v2\/product_cat?post=2644"},{"taxonomy":"product_tag","embeddable":true,"href":"https:\/\/linkmarkt.eu\/pl\/wp-json\/wp\/v2\/product_tag?post=2644"}],"curies":[{"name":"wp","href":"https:\/\/api.w.org\/{rel}","templated":true}]}}