{"id":2648,"date":"2025-02-21T07:37:45","date_gmt":"2025-02-21T06:37:45","guid":{"rendered":"https:\/\/linkmarkt.eu\/product\/olejek-do-twarzy-i-ciala-z-muscadine-60ml\/"},"modified":"2025-04-01T19:18:32","modified_gmt":"2025-04-01T17:18:32","slug":"olejek-do-twarzy-i-ciala-z-muscadine-60ml","status":"publish","type":"product","link":"https:\/\/linkmarkt.eu\/pl\/product\/olejek-do-twarzy-i-ciala-z-muscadine-60ml\/","title":{"rendered":"Olejek do twarzy i cia\u0142a z Muscadine 60ml"},"content":{"rendered":"<p class=\"\" data-start=\"45\" data-end=\"90\"><strong data-start=\"45\" data-end=\"90\">Muscadine \u2013 Olejek do twarzy i cia\u0142a 60ml<\/strong><\/p>\n<p class=\"\" data-start=\"92\" data-end=\"334\">Rozpieszczaj swoj\u0105 sk\u00f3r\u0119 silnie dzia\u0142aj\u0105cym olejkiem do twarzy i cia\u0142a Muscadine 60ml! Ten ekskluzywny olejek \u0142\u0105czy antyoksydacyjne w\u0142a\u015bciwo\u015bci winogron Muscadine z intensywnym nawil\u017ceniem, aby nada\u0107 Twojej sk\u00f3rze m\u0142odzie\u0144czy i g\u0142adki wygl\u0105d.<\/p>\n<p class=\"\" data-start=\"336\" data-end=\"824\">\ud83c\udf3f <strong data-start=\"339\" data-end=\"362\">Korzy\u015bci w skr\u00f3cie:<\/strong><br data-start=\"362\" data-end=\"365\" \/>\u2714 <strong data-start=\"367\" data-end=\"393\">Bogaty w antyoksydanty<\/strong> \u2013 chroni sk\u00f3r\u0119 przed wolnymi rodnikami i szkodliwym dzia\u0142aniem \u015brodowiska<br data-start=\"467\" data-end=\"470\" \/>\u2714 <strong data-start=\"472\" data-end=\"495\">G\u0142\u0119bokie nawil\u017cenie<\/strong> \u2013 intensywnie od\u017cywia twarz i cia\u0142o<br data-start=\"531\" data-end=\"534\" \/>\u2714 <strong data-start=\"536\" data-end=\"561\">Delikatna piel\u0119gnacja<\/strong> \u2013 idealny dla ka\u017cdego typu sk\u00f3ry, r\u00f3wnie\u017c wra\u017cliwej<br data-start=\"613\" data-end=\"616\" \/>\u2714 <strong data-start=\"618\" data-end=\"647\">100% naturalny i wega\u0144ski<\/strong> \u2013 bez paraben\u00f3w, silikon\u00f3w i sztucznych substancji zapachowych<br data-start=\"710\" data-end=\"713\" \/>\u2714 <strong data-start=\"715\" data-end=\"745\">Wszechstronne zastosowanie<\/strong> \u2013 jako codzienna piel\u0119gnacja sk\u00f3ry, olejek do masa\u017cu lub do wyg\u0142adzenia w\u0142os\u00f3w<\/p>\n<p class=\"\" data-start=\"826\" data-end=\"1021\">\u2728 <strong data-start=\"828\" data-end=\"846\">Spos\u00f3b u\u017cycia:<\/strong><br data-start=\"846\" data-end=\"849\" \/>Codziennie po oczyszczeniu sk\u00f3ry na\u0142\u00f3\u017c niewielk\u0105 ilo\u015b\u0107 olejku na twarz i cia\u0142o, a nast\u0119pnie delikatnie wmasuj. Olejek szybko si\u0119 wch\u0142ania, nie pozostawiaj\u0105c t\u0142ustego filmu.<\/p>\n<p class=\"\" data-start=\"1023\" data-end=\"1134\">\ud83d\udce6 <strong data-start=\"1026\" data-end=\"1042\">Zam\u00f3w teraz:<\/strong><br data-start=\"1042\" data-end=\"1045\" \/>\ud83d\udd17 Muscadine Olejek do twarzy i cia\u0142a 60ml \u2013 tylko 65,00 \u20ac<br data-start=\"1103\" data-end=\"1106\" \/>\ud83d\udcc5 Dostawa w ci\u0105gu 3\u20135 dni<\/p>\n<p class=\"\" data-start=\"1136\" data-end=\"1211\">\ud83c\udf3f Podaruj sobie czyst\u0105, naturaln\u0105 piel\u0119gnacj\u0119 \u2013 Twoja sk\u00f3ra Ci podzi\u0119kuje!<\/p>\n","protected":false},"excerpt":{"rendered":"<p>Muscadine \u2013 Olejek do twarzy i cia\u0142a 60ml Rozpieszczaj swoj\u0105 sk\u00f3r\u0119 silnie dzia\u0142aj\u0105cym olejkiem do twarzy i cia\u0142a Muscadine 60ml! Ten ekskluzywny olejek \u0142\u0105czy antyoksydacyjne w\u0142a\u015bciwo\u015bci winogron Muscadine z intensywnym nawil\u017ceniem, aby nada\u0107 Twojej sk\u00f3rze m\u0142odzie\u0144czy i g\u0142adki wygl\u0105d. \ud83c\udf3f Korzy\u015bci w skr\u00f3cie:\u2714 Bogaty w antyoksydanty \u2013 chroni sk\u00f3r\u0119 przed wolnymi rodnikami i szkodliwym dzia\u0142aniem [&hellip;]<\/p>\n","protected":false},"featured_media":0,"comment_status":"open","ping_status":"closed","template":"","meta":{"_seopress_robots_primary_cat":"","_seopress_titles_title":"","_seopress_titles_desc":"","_seopress_robots_index":"","googlesitekit_rrm_CAowz76iDA:productID":""},"product_brand":[],"product_cat":[292],"product_tag":[],"class_list":{"0":"post-2648","1":"product","2":"type-product","3":"status-publish","5":"product_cat-store-packages","7":"first","8":"instock","9":"downloadable","10":"virtual","11":"sold-individually","12":"taxable","13":"purchasable","14":"product-type-listing_booking"},"_links":{"self":[{"href":"https:\/\/linkmarkt.eu\/pl\/wp-json\/wp\/v2\/product\/2648","targetHints":{"allow":["GET"]}}],"collection":[{"href":"https:\/\/linkmarkt.eu\/pl\/wp-json\/wp\/v2\/product"}],"about":[{"href":"https:\/\/linkmarkt.eu\/pl\/wp-json\/wp\/v2\/types\/product"}],"replies":[{"embeddable":true,"href":"https:\/\/linkmarkt.eu\/pl\/wp-json\/wp\/v2\/comments?post=2648"}],"version-history":[{"count":1,"href":"https:\/\/linkmarkt.eu\/pl\/wp-json\/wp\/v2\/product\/2648\/revisions"}],"predecessor-version":[{"id":2649,"href":"https:\/\/linkmarkt.eu\/pl\/wp-json\/wp\/v2\/product\/2648\/revisions\/2649"}],"wp:attachment":[{"href":"https:\/\/linkmarkt.eu\/pl\/wp-json\/wp\/v2\/media?parent=2648"}],"wp:term":[{"taxonomy":"product_brand","embeddable":true,"href":"https:\/\/linkmarkt.eu\/pl\/wp-json\/wp\/v2\/product_brand?post=2648"},{"taxonomy":"product_cat","embeddable":true,"href":"https:\/\/linkmarkt.eu\/pl\/wp-json\/wp\/v2\/product_cat?post=2648"},{"taxonomy":"product_tag","embeddable":true,"href":"https:\/\/linkmarkt.eu\/pl\/wp-json\/wp\/v2\/product_tag?post=2648"}],"curies":[{"name":"wp","href":"https:\/\/api.w.org\/{rel}","templated":true}]}}