{"id":2652,"date":"2025-02-13T16:32:16","date_gmt":"2025-02-13T15:32:16","guid":{"rendered":"https:\/\/linkmarkt.eu\/product\/herb-com-twoj-klucz-do-zdrowego-i-zrownowazonego-zycia\/"},"modified":"2025-04-01T19:22:07","modified_gmt":"2025-04-01T17:22:07","slug":"herb-com-twoj-klucz-do-zdrowego-i-zrownowazonego-zycia","status":"publish","type":"product","link":"https:\/\/linkmarkt.eu\/pl\/product\/herb-com-twoj-klucz-do-zdrowego-i-zrownowazonego-zycia\/","title":{"rendered":"Herb.com \u2013 Tw\u00f3j klucz do zdrowego i zr\u00f3wnowa\u017conego \u017cycia"},"content":{"rendered":"<p class=\"\" data-start=\"59\" data-end=\"381\">Coraz wi\u0119cej os\u00f3b poszukuje naturalnych alternatyw, aby wzmocni\u0107 swoje zdrowie i poprawi\u0107 og\u00f3lne samopoczucie. Na Herb.com znajdziesz starannie wyselekcjonowan\u0105 ofert\u0119 wysokiej jako\u015bci produkt\u00f3w naturalnych, kt\u00f3re pomog\u0105 Ci przywr\u00f3ci\u0107 harmoni\u0119 cia\u0142a i umys\u0142u.<\/p>\n<p class=\"\" data-start=\"383\" data-end=\"492\">Poznaj najwa\u017cniejsze zalety produkt\u00f3w Herb.com i dowiedz si\u0119, dlaczego warto w\u0142\u0105czy\u0107 je do codziennej rutyny:<\/p>\n<hr class=\"\" data-start=\"494\" data-end=\"497\" \/>\n<p class=\"\" data-start=\"499\" data-end=\"767\"><strong data-start=\"499\" data-end=\"541\">1. Naturalne sk\u0142adniki bez kompromis\u00f3w<\/strong><br data-start=\"541\" data-end=\"544\" \/>Wszystkie produkty dost\u0119pne na Herb.com s\u0105 wytwarzane z starannie dobranych, naturalnych sk\u0142adnik\u00f3w. Nie zawieraj\u0105 sztucznych dodatk\u00f3w ani chemikali\u00f3w, co czyni je idealnym wyborem dla os\u00f3b ceni\u0105cych czysto\u015b\u0107 i naturalno\u015b\u0107.<\/p>\n<hr class=\"\" data-start=\"769\" data-end=\"772\" \/>\n<p class=\"\" data-start=\"774\" data-end=\"1087\"><strong data-start=\"774\" data-end=\"811\">2. Wsparcie og\u00f3lnego samopoczucia<\/strong><br data-start=\"811\" data-end=\"814\" \/>Niezale\u017cnie od tego, czy chcesz zwi\u0119kszy\u0107 swoj\u0105 energi\u0119, poprawi\u0107 sen, czy wzmocni\u0107 odporno\u015b\u0107 \u2013 szeroki asortyment produkt\u00f3w na Herb.com oferuje rozwi\u0105zania dopasowane do Twoich potrzeb. Dzi\u0119ki naturalnym formu\u0142om mo\u017cesz wspiera\u0107 swoje zdrowie w \u0142agodny i skuteczny spos\u00f3b.<\/p>\n<hr class=\"\" data-start=\"1089\" data-end=\"1092\" \/>\n<p class=\"\" data-start=\"1094\" data-end=\"1226\"><strong data-start=\"1094\" data-end=\"1152\">3. Ukierunkowane wsparcie dla r\u00f3\u017cnych obszar\u00f3w zdrowia<\/strong><br data-start=\"1152\" data-end=\"1155\" \/>Herb.com oferuje produkty dostosowane do konkretnych cel\u00f3w zdrowotnych:<\/p>\n<ul data-start=\"1228\" data-end=\"1441\">\n<li class=\"\" data-start=\"1228\" data-end=\"1299\">\n<p class=\"\" data-start=\"1230\" data-end=\"1299\"><strong data-start=\"1230\" data-end=\"1256\">Wzmocnienie odporno\u015bci<\/strong> \u2013 Ochrona przed codziennymi obci\u0105\u017ceniami<\/p>\n<\/li>\n<li class=\"\" data-start=\"1300\" data-end=\"1352\">\n<p class=\"\" data-start=\"1302\" data-end=\"1352\"><strong data-start=\"1302\" data-end=\"1321\">Redukcja stresu<\/strong> \u2013 Odzyskaj wewn\u0119trzny spok\u00f3j<\/p>\n<\/li>\n<li class=\"\" data-start=\"1353\" data-end=\"1441\">\n<p class=\"\" data-start=\"1355\" data-end=\"1441\"><strong data-start=\"1355\" data-end=\"1386\">Detoksykacja i oczyszczanie<\/strong> \u2013 Wsparcie naturalnych proces\u00f3w oczyszczania organizmu<\/p>\n<\/li>\n<\/ul>\n<hr class=\"\" data-start=\"1443\" data-end=\"1446\" \/>\n<p class=\"\" data-start=\"1448\" data-end=\"1701\"><strong data-start=\"1448\" data-end=\"1493\">4. Oparte na nauce i sprawdzone dzia\u0142anie<\/strong><br data-start=\"1493\" data-end=\"1496\" \/>Ka\u017cdy produkt oparty jest na najnowszych badaniach naukowych i dok\u0142adnie testowany, aby zapewni\u0107 najwy\u017csz\u0105 jako\u015b\u0107. Mo\u017cesz mie\u0107 pewno\u015b\u0107, \u017ce na Herb.com znajdziesz tylko to, co najlepsze dla Twojego zdrowia.<\/p>\n<hr class=\"\" data-start=\"1703\" data-end=\"1706\" \/>\n<p class=\"\" data-start=\"1708\" data-end=\"1967\"><strong data-start=\"1708\" data-end=\"1754\">5. Przyjazne dla \u015brodowiska i zr\u00f3wnowa\u017cone<\/strong><br data-start=\"1754\" data-end=\"1757\" \/>Herb.com troszczy si\u0119 nie tylko o Twoje zdrowie, ale r\u00f3wnie\u017c o planet\u0119. Wiele produkt\u00f3w powstaje w spos\u00f3b zr\u00f3wnowa\u017cony i jest pakowanych w ekologiczne opakowania, co pozwala Ci robi\u0107 zakupy z czystym sumieniem.<\/p>\n<hr class=\"\" data-start=\"1969\" data-end=\"1972\" \/>\n<p class=\"\" data-start=\"1974\" data-end=\"2343\"><strong data-start=\"1974\" data-end=\"2000\">Dlaczego warto czeka\u0107?<\/strong><br data-start=\"2000\" data-end=\"2003\" \/>Zadbaj o swoje cia\u0142o i umys\u0142, odkrywaj\u0105c naturaln\u0105 moc produkt\u00f3w Herb.com. Niezale\u017cnie od tego, czy szukasz codziennego wsparcia dla organizmu, czy specjalistycznych rozwi\u0105za\u0144 dla konkretnych potrzeb zdrowotnych \u2013 na Herb.com jeste\u015b we w\u0142a\u015bciwym miejscu. Odwied\u017a nas ju\u017c dzi\u015b i rozpocznij swoj\u0105 drog\u0119 do wi\u0119kszej witalno\u015bci i rado\u015bci \u017cycia!<\/p>\n","protected":false},"excerpt":{"rendered":"<p>Coraz wi\u0119cej os\u00f3b poszukuje naturalnych alternatyw, aby wzmocni\u0107 swoje zdrowie i poprawi\u0107 og\u00f3lne samopoczucie. Na Herb.com znajdziesz starannie wyselekcjonowan\u0105 ofert\u0119 wysokiej jako\u015bci produkt\u00f3w naturalnych, kt\u00f3re pomog\u0105 Ci przywr\u00f3ci\u0107 harmoni\u0119 cia\u0142a i umys\u0142u. Poznaj najwa\u017cniejsze zalety produkt\u00f3w Herb.com i dowiedz si\u0119, dlaczego warto w\u0142\u0105czy\u0107 je do codziennej rutyny: 1. Naturalne sk\u0142adniki bez kompromis\u00f3wWszystkie produkty dost\u0119pne na [&hellip;]<\/p>\n","protected":false},"featured_media":0,"comment_status":"open","ping_status":"closed","template":"","meta":{"_seopress_robots_primary_cat":"","_seopress_titles_title":"","_seopress_titles_desc":"","_seopress_robots_index":"","googlesitekit_rrm_CAowz76iDA:productID":""},"product_brand":[],"product_cat":[292],"product_tag":[],"class_list":{"0":"post-2652","1":"product","2":"type-product","3":"status-publish","5":"product_cat-store-packages","7":"first","8":"instock","9":"downloadable","10":"virtual","11":"sold-individually","12":"taxable","13":"purchasable","14":"product-type-listing_booking"},"_links":{"self":[{"href":"https:\/\/linkmarkt.eu\/pl\/wp-json\/wp\/v2\/product\/2652","targetHints":{"allow":["GET"]}}],"collection":[{"href":"https:\/\/linkmarkt.eu\/pl\/wp-json\/wp\/v2\/product"}],"about":[{"href":"https:\/\/linkmarkt.eu\/pl\/wp-json\/wp\/v2\/types\/product"}],"replies":[{"embeddable":true,"href":"https:\/\/linkmarkt.eu\/pl\/wp-json\/wp\/v2\/comments?post=2652"}],"version-history":[{"count":1,"href":"https:\/\/linkmarkt.eu\/pl\/wp-json\/wp\/v2\/product\/2652\/revisions"}],"predecessor-version":[{"id":2653,"href":"https:\/\/linkmarkt.eu\/pl\/wp-json\/wp\/v2\/product\/2652\/revisions\/2653"}],"wp:attachment":[{"href":"https:\/\/linkmarkt.eu\/pl\/wp-json\/wp\/v2\/media?parent=2652"}],"wp:term":[{"taxonomy":"product_brand","embeddable":true,"href":"https:\/\/linkmarkt.eu\/pl\/wp-json\/wp\/v2\/product_brand?post=2652"},{"taxonomy":"product_cat","embeddable":true,"href":"https:\/\/linkmarkt.eu\/pl\/wp-json\/wp\/v2\/product_cat?post=2652"},{"taxonomy":"product_tag","embeddable":true,"href":"https:\/\/linkmarkt.eu\/pl\/wp-json\/wp\/v2\/product_tag?post=2652"}],"curies":[{"name":"wp","href":"https:\/\/api.w.org\/{rel}","templated":true}]}}