{"id":2656,"date":"2025-02-09T08:28:35","date_gmt":"2025-02-09T07:28:35","guid":{"rendered":"https:\/\/linkmarkt.eu\/product\/stworz-wlasna-strone-internetowa-z-site-pro-szybko-i-latwo\/"},"modified":"2025-04-01T19:28:09","modified_gmt":"2025-04-01T17:28:09","slug":"stworz-wlasna-strone-internetowa-z-site-pro-szybko-i-latwo","status":"publish","type":"product","link":"https:\/\/linkmarkt.eu\/pl\/product\/stworz-wlasna-strone-internetowa-z-site-pro-szybko-i-latwo\/","title":{"rendered":"Stw\u00f3rz w\u0142asn\u0105 stron\u0119 internetow\u0105 z Site.pro \u2013 szybko i \u0142atwo."},"content":{"rendered":"<p class=\"\" data-start=\"0\" data-end=\"233\">Chcesz stworzy\u0107 w\u0142asn\u0105 stron\u0119 internetow\u0105?<br data-start=\"42\" data-end=\"45\" \/>Dzi\u0119ki Site.pro mo\u017cesz zaprojektowa\u0107 profesjonaln\u0105 stron\u0119 w zaledwie kilka minut \u2013 bez znajomo\u015bci programowania! Idealne rozwi\u0105zanie dla firm, sklep\u00f3w internetowych, blog\u00f3w i wielu innych.<\/p>\n<p class=\"\" data-start=\"235\" data-end=\"270\"><strong data-start=\"235\" data-end=\"270\">Dlaczego warto wybra\u0107 Site.pro?<\/strong><\/p>\n<ul data-start=\"272\" data-end=\"636\">\n<li class=\"\" data-start=\"272\" data-end=\"352\">\n<p class=\"\" data-start=\"274\" data-end=\"352\"><strong data-start=\"274\" data-end=\"291\">\u0141atwa obs\u0142uga<\/strong> \u2013 Intuicyjny kreator stron z funkcj\u0105 \u201eprzeci\u0105gnij i upu\u015b\u0107\u201d<\/p>\n<\/li>\n<li class=\"\" data-start=\"353\" data-end=\"442\">\n<p class=\"\" data-start=\"355\" data-end=\"442\"><strong data-start=\"355\" data-end=\"379\">Responsywne szablony<\/strong> \u2013 Twoja strona b\u0119dzie wygl\u0105da\u0107 \u015bwietnie na ka\u017cdym urz\u0105dzeniu<\/p>\n<\/li>\n<li class=\"\" data-start=\"443\" data-end=\"513\">\n<p class=\"\" data-start=\"445\" data-end=\"513\"><strong data-start=\"445\" data-end=\"464\">Przyst\u0119pne ceny<\/strong> \u2013 R\u00f3\u017cne pakiety dostosowane do ka\u017cdego bud\u017cetu<\/p>\n<\/li>\n<li class=\"\" data-start=\"514\" data-end=\"576\">\n<p class=\"\" data-start=\"516\" data-end=\"576\"><strong data-start=\"516\" data-end=\"542\">Wieloj\u0119zyczne wsparcie<\/strong> \u2013 Tw\u00f3rz strony w wielu j\u0119zykach<\/p>\n<\/li>\n<li class=\"\" data-start=\"577\" data-end=\"636\">\n<p class=\"\" data-start=\"579\" data-end=\"636\"><strong data-start=\"579\" data-end=\"600\">Szybka publikacja<\/strong> \u2013 Opublikuj stron\u0119 w kilka minut!<\/p>\n<\/li>\n<\/ul>\n<p class=\"\" data-start=\"638\" data-end=\"706\"><strong data-start=\"638\" data-end=\"679\">Wybierz odpowiedni pakiet dla siebie:<\/strong><br data-start=\"679\" data-end=\"682\" \/>\ud83d\udc49 Zobacz ceny i pakiety<\/p>\n<p class=\"\" data-start=\"708\" data-end=\"786\">Rozpocznij tworzenie swojej strony ju\u017c dzi\u015b i rozwijaj swoj\u0105 obecno\u015b\u0107 w sieci!<\/p>\n","protected":false},"excerpt":{"rendered":"<p>Chcesz stworzy\u0107 w\u0142asn\u0105 stron\u0119 internetow\u0105?Dzi\u0119ki Site.pro mo\u017cesz zaprojektowa\u0107 profesjonaln\u0105 stron\u0119 w zaledwie kilka minut \u2013 bez znajomo\u015bci programowania! Idealne rozwi\u0105zanie dla firm, sklep\u00f3w internetowych, blog\u00f3w i wielu innych. Dlaczego warto wybra\u0107 Site.pro? \u0141atwa obs\u0142uga \u2013 Intuicyjny kreator stron z funkcj\u0105 \u201eprzeci\u0105gnij i upu\u015b\u0107\u201d Responsywne szablony \u2013 Twoja strona b\u0119dzie wygl\u0105da\u0107 \u015bwietnie na ka\u017cdym urz\u0105dzeniu Przyst\u0119pne [&hellip;]<\/p>\n","protected":false},"featured_media":0,"comment_status":"open","ping_status":"closed","template":"","meta":{"_seopress_robots_primary_cat":"","_seopress_titles_title":"Stw\u00f3rz w\u0142asn\u0105 profesjonaln\u0105 stron\u0119 internetow\u0105 w zaledwie kilka minut \u2013 z Site.pro","_seopress_titles_desc":"Stw\u00f3rz swoj\u0105 stron\u0119 internetow\u0105 bez znajomo\u015bci programowania | Kreator stron Site.pro","_seopress_robots_index":"","googlesitekit_rrm_CAowz76iDA:productID":""},"product_brand":[],"product_cat":[292],"product_tag":[],"class_list":{"0":"post-2656","1":"product","2":"type-product","3":"status-publish","5":"product_cat-store-packages","7":"first","8":"instock","9":"downloadable","10":"virtual","11":"sold-individually","12":"taxable","13":"purchasable","14":"product-type-listing_booking"},"_links":{"self":[{"href":"https:\/\/linkmarkt.eu\/pl\/wp-json\/wp\/v2\/product\/2656","targetHints":{"allow":["GET"]}}],"collection":[{"href":"https:\/\/linkmarkt.eu\/pl\/wp-json\/wp\/v2\/product"}],"about":[{"href":"https:\/\/linkmarkt.eu\/pl\/wp-json\/wp\/v2\/types\/product"}],"replies":[{"embeddable":true,"href":"https:\/\/linkmarkt.eu\/pl\/wp-json\/wp\/v2\/comments?post=2656"}],"version-history":[{"count":1,"href":"https:\/\/linkmarkt.eu\/pl\/wp-json\/wp\/v2\/product\/2656\/revisions"}],"predecessor-version":[{"id":2657,"href":"https:\/\/linkmarkt.eu\/pl\/wp-json\/wp\/v2\/product\/2656\/revisions\/2657"}],"wp:attachment":[{"href":"https:\/\/linkmarkt.eu\/pl\/wp-json\/wp\/v2\/media?parent=2656"}],"wp:term":[{"taxonomy":"product_brand","embeddable":true,"href":"https:\/\/linkmarkt.eu\/pl\/wp-json\/wp\/v2\/product_brand?post=2656"},{"taxonomy":"product_cat","embeddable":true,"href":"https:\/\/linkmarkt.eu\/pl\/wp-json\/wp\/v2\/product_cat?post=2656"},{"taxonomy":"product_tag","embeddable":true,"href":"https:\/\/linkmarkt.eu\/pl\/wp-json\/wp\/v2\/product_tag?post=2656"}],"curies":[{"name":"wp","href":"https:\/\/api.w.org\/{rel}","templated":true}]}}