{"id":2660,"date":"2025-02-09T07:38:58","date_gmt":"2025-02-09T06:38:58","guid":{"rendered":"https:\/\/linkmarkt.eu\/product\/odkryj-najlepsze-okazje-na-aliexpress-moda-elektronika-i-wiele-wiecej\/"},"modified":"2025-04-01T19:32:24","modified_gmt":"2025-04-01T17:32:24","slug":"odkryj-najlepsze-okazje-na-aliexpress-moda-elektronika-i-wiele-wiecej","status":"publish","type":"product","link":"https:\/\/linkmarkt.eu\/pl\/product\/odkryj-najlepsze-okazje-na-aliexpress-moda-elektronika-i-wiele-wiecej\/","title":{"rendered":"Odkryj najlepsze okazje na AliExpress | Moda, elektronika i wiele wi\u0119cej"},"content":{"rendered":"<p class=\"\" data-start=\"142\" data-end=\"374\">Szukasz \u015bwietnych promocji i wyj\u0105tkowych produkt\u00f3w?<br data-start=\"193\" data-end=\"196\" \/>AliExpress oferuje tysi\u0105ce artyku\u0142\u00f3w w bezkonkurencyjnych cenach! Odkryj mod\u0119, elektronik\u0119, gad\u017cety, akcesoria do domu i wiele wi\u0119cej \u2013 wszystko wygodnie, bez wychodzenia z domu.<\/p>\n<p class=\"\" data-start=\"376\" data-end=\"417\"><strong data-start=\"376\" data-end=\"417\">Dlaczego warto kupowa\u0107 na AliExpress?<\/strong><\/p>\n<ul data-start=\"419\" data-end=\"695\">\n<li class=\"\" data-start=\"419\" data-end=\"488\">\n<p class=\"\" data-start=\"421\" data-end=\"488\"><strong data-start=\"421\" data-end=\"452\">Niskie ceny i wiele rabat\u00f3w<\/strong> \u2013 oszcz\u0119dzaj przy ka\u017cdym zakupie!<\/p>\n<\/li>\n<li class=\"\" data-start=\"489\" data-end=\"578\">\n<p class=\"\" data-start=\"491\" data-end=\"578\"><strong data-start=\"491\" data-end=\"518\">Ogromny wyb\u00f3r produkt\u00f3w<\/strong> \u2013 od mody i elektroniki po artyku\u0142y gospodarstwa domowego<\/p>\n<\/li>\n<li class=\"\" data-start=\"579\" data-end=\"646\">\n<p class=\"\" data-start=\"581\" data-end=\"646\"><strong data-start=\"581\" data-end=\"602\">Bezpieczne zakupy<\/strong> \u2013 ochrona kupuj\u0105cych i niezawodna obs\u0142uga<\/p>\n<\/li>\n<li class=\"\" data-start=\"647\" data-end=\"695\">\n<p class=\"\" data-start=\"649\" data-end=\"695\"><strong data-start=\"649\" data-end=\"668\">Wygodna dostawa<\/strong> \u2013 prosto pod Twoje drzwi<\/p>\n<\/li>\n<\/ul>\n<p class=\"\" data-start=\"697\" data-end=\"818\">Na co jeszcze czekasz?<br data-start=\"719\" data-end=\"722\" \/>Odkryj najlepsze oferty na AliExpress i zacznij zakupy ju\u017c teraz!<br data-start=\"787\" data-end=\"790\" \/>\ud83d\udc49 <em data-start=\"793\" data-end=\"818\" data-is-last-node=\"\">Kup teraz na AliExpress<\/em><\/p>\n","protected":false},"excerpt":{"rendered":"<p>Szukasz \u015bwietnych promocji i wyj\u0105tkowych produkt\u00f3w?AliExpress oferuje tysi\u0105ce artyku\u0142\u00f3w w bezkonkurencyjnych cenach! Odkryj mod\u0119, elektronik\u0119, gad\u017cety, akcesoria do domu i wiele wi\u0119cej \u2013 wszystko wygodnie, bez wychodzenia z domu. Dlaczego warto kupowa\u0107 na AliExpress? Niskie ceny i wiele rabat\u00f3w \u2013 oszcz\u0119dzaj przy ka\u017cdym zakupie! Ogromny wyb\u00f3r produkt\u00f3w \u2013 od mody i elektroniki po artyku\u0142y gospodarstwa [&hellip;]<\/p>\n","protected":false},"featured_media":0,"comment_status":"open","ping_status":"closed","template":"","meta":{"_seopress_robots_primary_cat":"","_seopress_titles_title":"Okazje na AliExpress \u2013 Oszcz\u0119dzaj przy ka\u017cdym zakupie!","_seopress_titles_desc":"Odkryj najlepsze oferty na AliExpress | Moda, elektronika i nie tylko","_seopress_robots_index":"","googlesitekit_rrm_CAowz76iDA:productID":""},"product_brand":[],"product_cat":[292],"product_tag":[],"class_list":{"0":"post-2660","1":"product","2":"type-product","3":"status-publish","5":"product_cat-store-packages","7":"first","8":"instock","9":"downloadable","10":"virtual","11":"sold-individually","12":"taxable","13":"purchasable","14":"product-type-listing_booking"},"_links":{"self":[{"href":"https:\/\/linkmarkt.eu\/pl\/wp-json\/wp\/v2\/product\/2660","targetHints":{"allow":["GET"]}}],"collection":[{"href":"https:\/\/linkmarkt.eu\/pl\/wp-json\/wp\/v2\/product"}],"about":[{"href":"https:\/\/linkmarkt.eu\/pl\/wp-json\/wp\/v2\/types\/product"}],"replies":[{"embeddable":true,"href":"https:\/\/linkmarkt.eu\/pl\/wp-json\/wp\/v2\/comments?post=2660"}],"version-history":[{"count":1,"href":"https:\/\/linkmarkt.eu\/pl\/wp-json\/wp\/v2\/product\/2660\/revisions"}],"predecessor-version":[{"id":2661,"href":"https:\/\/linkmarkt.eu\/pl\/wp-json\/wp\/v2\/product\/2660\/revisions\/2661"}],"wp:attachment":[{"href":"https:\/\/linkmarkt.eu\/pl\/wp-json\/wp\/v2\/media?parent=2660"}],"wp:term":[{"taxonomy":"product_brand","embeddable":true,"href":"https:\/\/linkmarkt.eu\/pl\/wp-json\/wp\/v2\/product_brand?post=2660"},{"taxonomy":"product_cat","embeddable":true,"href":"https:\/\/linkmarkt.eu\/pl\/wp-json\/wp\/v2\/product_cat?post=2660"},{"taxonomy":"product_tag","embeddable":true,"href":"https:\/\/linkmarkt.eu\/pl\/wp-json\/wp\/v2\/product_tag?post=2660"}],"curies":[{"name":"wp","href":"https:\/\/api.w.org\/{rel}","templated":true}]}}