{"id":2664,"date":"2025-01-27T15:20:09","date_gmt":"2025-01-27T14:20:09","guid":{"rendered":"https:\/\/linkmarkt.eu\/product\/%f0%9f%91%81%ef%b8%8f-dbaj-o-swoje-oczy-z-eyevita-plus\/"},"modified":"2025-04-01T19:35:41","modified_gmt":"2025-04-01T17:35:41","slug":"%f0%9f%91%81%ef%b8%8f-dbaj-o-swoje-oczy-z-eyevita-plus","status":"publish","type":"product","link":"https:\/\/linkmarkt.eu\/pl\/product\/%f0%9f%91%81%ef%b8%8f-dbaj-o-swoje-oczy-z-eyevita-plus\/","title":{"rendered":"\ud83d\udc41\ufe0f Dbaj o swoje oczy \u2013 z Eyevita Plus!"},"content":{"rendered":"<p class=\"\" data-start=\"0\" data-end=\"294\">Eyevita Plus to wysokiej jako\u015bci suplement diety stworzony specjalnie dla os\u00f3b, kt\u00f3re chc\u0105 kompleksowo wspiera\u0107 zdrowie swoich oczu. Idealny dla ka\u017cdego, kto sp\u0119dza d\u0142ugie godziny przed ekranami komputer\u00f3w lub chce odci\u0105\u017cy\u0107 oczy w codziennym \u017cyciu.<\/p>\n<p class=\"\" data-start=\"296\" data-end=\"322\"><strong data-start=\"296\" data-end=\"322\">Dlaczego Eyevita Plus?<\/strong><\/p>\n<p class=\"\" data-start=\"324\" data-end=\"526\">\ud83c\udf1f Ca\u0142o\u015bciowa piel\u0119gnacja oczu<br data-start=\"354\" data-end=\"357\" \/>\ud83d\udcbb Ochrona przed niebieskim \u015bwiat\u0142em emitowanym przez urz\u0105dzenia cyfrowe<br data-start=\"429\" data-end=\"432\" \/>\ud83d\udc53 Redukuje zm\u0119czenie oczu i poprawia ostro\u015b\u0107 widzenia<br data-start=\"486\" data-end=\"489\" \/>\ud83d\udca7 Ochrona przed zespo\u0142em suchego oka<\/p>\n<p class=\"\" data-start=\"528\" data-end=\"684\"><strong data-start=\"528\" data-end=\"542\">Sk\u0142adniki:<\/strong><br data-start=\"542\" data-end=\"545\" \/>Ka\u017cda kapsu\u0142ka zawiera starannie dobran\u0105 kombinacj\u0119 niezb\u0119dnych sk\u0142adnik\u00f3w od\u017cywczych, kt\u00f3re wspieraj\u0105 i wzmacniaj\u0105 Twoje oczy od wewn\u0105trz.<\/p>\n<p class=\"\" data-start=\"686\" data-end=\"699\"><strong data-start=\"686\" data-end=\"699\">Dla kogo?<\/strong><\/p>\n<ul data-start=\"701\" data-end=\"910\">\n<li class=\"\" data-start=\"701\" data-end=\"770\">\n<p class=\"\" data-start=\"703\" data-end=\"770\">Dla os\u00f3b, kt\u00f3re codziennie sp\u0119dzaj\u0105 d\u0142ugie godziny przed ekranem.<\/p>\n<\/li>\n<li class=\"\" data-start=\"771\" data-end=\"847\">\n<p class=\"\" data-start=\"773\" data-end=\"847\">Dla wszystkich, kt\u00f3rzy chc\u0105 chroni\u0107 swoje oczy przed codziennym stresem.<\/p>\n<\/li>\n<li class=\"\" data-start=\"848\" data-end=\"910\">\n<p class=\"\" data-start=\"850\" data-end=\"910\">Dla tych, kt\u00f3rzy ceni\u0105 sobie wyra\u017ane widzenie i zdrowe oczy.<\/p>\n<\/li>\n<\/ul>\n<p class=\"\" data-start=\"912\" data-end=\"997\"><strong data-start=\"912\" data-end=\"927\">Dawkowanie:<\/strong><br data-start=\"927\" data-end=\"930\" \/>Stosowa\u0107 1-2 kapsu\u0142ki dziennie, popijaj\u0105c odpowiedni\u0105 ilo\u015bci\u0105 wody.<\/p>\n<p class=\"\" data-start=\"999\" data-end=\"1094\"><strong data-start=\"999\" data-end=\"1027\">\ud83d\udce6 Wysy\u0142ka i zam\u00f3wienia:<\/strong><br data-start=\"1027\" data-end=\"1030\" \/>Szybka dostawa w Polsce.<br data-start=\"1054\" data-end=\"1057\" \/>\u0141atwe i bezpieczne zam\u00f3wienie online!<\/p>\n<p class=\"\" data-start=\"1096\" data-end=\"1169\">Chro\u0144 swoje oczy i popraw jako\u015b\u0107 \u017cycia z Eyevita Plus. Wypr\u00f3buj teraz! \ud83c\udf1f<\/p>\n","protected":false},"excerpt":{"rendered":"<p>Eyevita Plus to wysokiej jako\u015bci suplement diety stworzony specjalnie dla os\u00f3b, kt\u00f3re chc\u0105 kompleksowo wspiera\u0107 zdrowie swoich oczu. Idealny dla ka\u017cdego, kto sp\u0119dza d\u0142ugie godziny przed ekranami komputer\u00f3w lub chce odci\u0105\u017cy\u0107 oczy w codziennym \u017cyciu. Dlaczego Eyevita Plus? \ud83c\udf1f Ca\u0142o\u015bciowa piel\u0119gnacja oczu\ud83d\udcbb Ochrona przed niebieskim \u015bwiat\u0142em emitowanym przez urz\u0105dzenia cyfrowe\ud83d\udc53 Redukuje zm\u0119czenie oczu i poprawia [&hellip;]<\/p>\n","protected":false},"featured_media":0,"comment_status":"open","ping_status":"closed","template":"","meta":{"_seopress_robots_primary_cat":"","_seopress_titles_title":"","_seopress_titles_desc":"","_seopress_robots_index":"","googlesitekit_rrm_CAowz76iDA:productID":""},"product_brand":[],"product_cat":[292],"product_tag":[],"class_list":{"0":"post-2664","1":"product","2":"type-product","3":"status-publish","5":"product_cat-store-packages","7":"first","8":"instock","9":"downloadable","10":"virtual","11":"sold-individually","12":"taxable","13":"purchasable","14":"product-type-listing_booking"},"_links":{"self":[{"href":"https:\/\/linkmarkt.eu\/pl\/wp-json\/wp\/v2\/product\/2664","targetHints":{"allow":["GET"]}}],"collection":[{"href":"https:\/\/linkmarkt.eu\/pl\/wp-json\/wp\/v2\/product"}],"about":[{"href":"https:\/\/linkmarkt.eu\/pl\/wp-json\/wp\/v2\/types\/product"}],"replies":[{"embeddable":true,"href":"https:\/\/linkmarkt.eu\/pl\/wp-json\/wp\/v2\/comments?post=2664"}],"version-history":[{"count":1,"href":"https:\/\/linkmarkt.eu\/pl\/wp-json\/wp\/v2\/product\/2664\/revisions"}],"predecessor-version":[{"id":2665,"href":"https:\/\/linkmarkt.eu\/pl\/wp-json\/wp\/v2\/product\/2664\/revisions\/2665"}],"wp:attachment":[{"href":"https:\/\/linkmarkt.eu\/pl\/wp-json\/wp\/v2\/media?parent=2664"}],"wp:term":[{"taxonomy":"product_brand","embeddable":true,"href":"https:\/\/linkmarkt.eu\/pl\/wp-json\/wp\/v2\/product_brand?post=2664"},{"taxonomy":"product_cat","embeddable":true,"href":"https:\/\/linkmarkt.eu\/pl\/wp-json\/wp\/v2\/product_cat?post=2664"},{"taxonomy":"product_tag","embeddable":true,"href":"https:\/\/linkmarkt.eu\/pl\/wp-json\/wp\/v2\/product_tag?post=2664"}],"curies":[{"name":"wp","href":"https:\/\/api.w.org\/{rel}","templated":true}]}}