{"id":2668,"date":"2025-01-25T14:51:02","date_gmt":"2025-01-25T13:51:02","guid":{"rendered":"https:\/\/linkmarkt.eu\/product\/odkryj-naturalne-produkty-wspierajace-twoje-zdrowie-i-dobre-samopoczucie-%f0%9f%8c%b1\/"},"modified":"2025-04-01T19:39:06","modified_gmt":"2025-04-01T17:39:06","slug":"odkryj-naturalne-produkty-wspierajace-twoje-zdrowie-i-dobre-samopoczucie-%f0%9f%8c%b1","status":"publish","type":"product","link":"https:\/\/linkmarkt.eu\/pl\/product\/odkryj-naturalne-produkty-wspierajace-twoje-zdrowie-i-dobre-samopoczucie-%f0%9f%8c%b1\/","title":{"rendered":"Odkryj naturalne produkty wspieraj\u0105ce Twoje zdrowie i Dobre Samopoczucie! \ud83c\udf31"},"content":{"rendered":"<p class=\"\" data-start=\"0\" data-end=\"169\"><strong data-start=\"0\" data-end=\"169\">Chcia\u0142by\u015b dowiedzie\u0107 si\u0119 wi\u0119cej o produktach naturalnych, kt\u00f3re mog\u0105 poprawi\u0107 Twoje zdrowie i og\u00f3lne samopoczucie? Do\u0142\u0105cz do nas w naszej drodze ku lepszemu zdrowiu!<\/strong><\/p>\n<p class=\"\" data-start=\"171\" data-end=\"458\">Zapraszamy Ci\u0119 do zostania naszym ambasadorem i dzielenia si\u0119 korzy\u015bciami tych wspania\u0142ych produkt\u00f3w z innymi. Rozmawiaj\u0105c z lud\u017ami i dziel\u0105c si\u0119 online, mo\u017cesz aktywnie przyczyni\u0107 si\u0119 do rozwoju naszej spo\u0142eczno\u015bci, jednocze\u015bnie zarabiaj\u0105c pasywny doch\u00f3d i pomagaj\u0105c innym \u017cy\u0107 zdrowiej.<\/p>\n<p class=\"\" data-start=\"460\" data-end=\"477\"><strong data-start=\"460\" data-end=\"477\">Co oferujemy:<\/strong><\/p>\n<ul data-start=\"479\" data-end=\"746\">\n<li class=\"\" data-start=\"479\" data-end=\"561\">\n<p class=\"\" data-start=\"481\" data-end=\"561\">Okazj\u0119 do pracy z produktami naturalnymi, kt\u00f3re poprawiaj\u0105 Twoje samopoczucie.<\/p>\n<\/li>\n<li class=\"\" data-start=\"562\" data-end=\"653\">\n<p class=\"\" data-start=\"564\" data-end=\"653\">Szans\u0119 na zarabianie pasywnego dochodu poprzez marketing tych produkt\u00f3w w ramach sieci.<\/p>\n<\/li>\n<li class=\"\" data-start=\"654\" data-end=\"746\">\n<p class=\"\" data-start=\"656\" data-end=\"746\">Elastyczn\u0105 i satysfakcjonuj\u0105c\u0105 okazj\u0119 do network marketingu, w kt\u00f3rej mo\u017cesz wzi\u0105\u0107 udzia\u0142.<\/p>\n<\/li>\n<\/ul>\n<p class=\"\" data-start=\"748\" data-end=\"838\">Zainteresowany? Skontaktuj si\u0119 z nami jeszcze dzi\u015b, aby dowiedzie\u0107 si\u0119, jak mo\u017cesz zacz\u0105\u0107!<\/p>\n","protected":false},"excerpt":{"rendered":"<p>Chcia\u0142by\u015b dowiedzie\u0107 si\u0119 wi\u0119cej o produktach naturalnych, kt\u00f3re mog\u0105 poprawi\u0107 Twoje zdrowie i og\u00f3lne samopoczucie? Do\u0142\u0105cz do nas w naszej drodze ku lepszemu zdrowiu! Zapraszamy Ci\u0119 do zostania naszym ambasadorem i dzielenia si\u0119 korzy\u015bciami tych wspania\u0142ych produkt\u00f3w z innymi. Rozmawiaj\u0105c z lud\u017ami i dziel\u0105c si\u0119 online, mo\u017cesz aktywnie przyczyni\u0107 si\u0119 do rozwoju naszej spo\u0142eczno\u015bci, jednocze\u015bnie [&hellip;]<\/p>\n","protected":false},"featured_media":0,"comment_status":"open","ping_status":"closed","template":"","meta":{"_seopress_robots_primary_cat":"","_seopress_titles_title":"","_seopress_titles_desc":"","_seopress_robots_index":"","googlesitekit_rrm_CAowz76iDA:productID":""},"product_brand":[],"product_cat":[292],"product_tag":[],"class_list":{"0":"post-2668","1":"product","2":"type-product","3":"status-publish","5":"product_cat-store-packages","7":"first","8":"instock","9":"downloadable","10":"virtual","11":"sold-individually","12":"taxable","13":"purchasable","14":"product-type-listing_booking"},"_links":{"self":[{"href":"https:\/\/linkmarkt.eu\/pl\/wp-json\/wp\/v2\/product\/2668","targetHints":{"allow":["GET"]}}],"collection":[{"href":"https:\/\/linkmarkt.eu\/pl\/wp-json\/wp\/v2\/product"}],"about":[{"href":"https:\/\/linkmarkt.eu\/pl\/wp-json\/wp\/v2\/types\/product"}],"replies":[{"embeddable":true,"href":"https:\/\/linkmarkt.eu\/pl\/wp-json\/wp\/v2\/comments?post=2668"}],"version-history":[{"count":1,"href":"https:\/\/linkmarkt.eu\/pl\/wp-json\/wp\/v2\/product\/2668\/revisions"}],"predecessor-version":[{"id":2669,"href":"https:\/\/linkmarkt.eu\/pl\/wp-json\/wp\/v2\/product\/2668\/revisions\/2669"}],"wp:attachment":[{"href":"https:\/\/linkmarkt.eu\/pl\/wp-json\/wp\/v2\/media?parent=2668"}],"wp:term":[{"taxonomy":"product_brand","embeddable":true,"href":"https:\/\/linkmarkt.eu\/pl\/wp-json\/wp\/v2\/product_brand?post=2668"},{"taxonomy":"product_cat","embeddable":true,"href":"https:\/\/linkmarkt.eu\/pl\/wp-json\/wp\/v2\/product_cat?post=2668"},{"taxonomy":"product_tag","embeddable":true,"href":"https:\/\/linkmarkt.eu\/pl\/wp-json\/wp\/v2\/product_tag?post=2668"}],"curies":[{"name":"wp","href":"https:\/\/api.w.org\/{rel}","templated":true}]}}