{"id":2672,"date":"2025-01-20T18:34:34","date_gmt":"2025-01-20T17:34:34","guid":{"rendered":"https:\/\/linkmarkt.eu\/product\/keto-actives-idealny-suplement-wspierajacy-diete-ketogeniczna\/"},"modified":"2025-04-01T19:43:38","modified_gmt":"2025-04-01T17:43:38","slug":"keto-actives-idealny-suplement-wspierajacy-diete-ketogeniczna","status":"publish","type":"product","link":"https:\/\/linkmarkt.eu\/pl\/product\/keto-actives-idealny-suplement-wspierajacy-diete-ketogeniczna\/","title":{"rendered":"Keto Actives \u2013 Idealny suplement wspieraj\u0105cy diet\u0119 ketogeniczn\u0105"},"content":{"rendered":"<p class=\"\" data-start=\"69\" data-end=\"489\">Keto Actives to innowacyjny suplement diety, stworzony specjalnie, aby wspiera\u0107 osoby w ich procesie redukcji wagi, szczeg\u00f3lnie dla tych, kt\u00f3rzy stosuj\u0105 diet\u0119 ketogeniczn\u0105. Dzi\u0119ki unikalnej kombinacji 8 wysoce skutecznych sk\u0142adnik\u00f3w, Keto Actives jest niezawodnym partnerem w spalaniu t\u0142uszczu i pomaga zapobiega\u0107 gromadzeniu si\u0119 t\u0142uszczu w ciele. Jednak produkt oferuje znacznie wi\u0119cej ni\u017c tylko wsparcie w odchudzaniu.<\/p>\n<p class=\"\" data-start=\"491\" data-end=\"538\"><strong data-start=\"491\" data-end=\"538\">Skuteczne spalanie t\u0142uszczu i redukcja wagi<\/strong><\/p>\n<p class=\"\" data-start=\"540\" data-end=\"913\">Dzia\u0142anie Keto Actives opiera si\u0119 na starannie dobranej mieszance ekstrakt\u00f3w i minera\u0142\u00f3w, kt\u00f3re zosta\u0142y specjalnie zaprojektowane, aby pobudzi\u0107 metabolizm t\u0142uszcz\u00f3w. Prowadzi to do efektywnej redukcji tkanki t\u0142uszczowej. Szczeg\u00f3lnie w po\u0142\u0105czeniu z diet\u0105 ketogeniczn\u0105, kt\u00f3ra wprowadza cia\u0142o w stan ketozy, produkt wspomaga szybsze i bardziej ukierunkowane spalanie t\u0142uszczu.<\/p>\n<p class=\"\" data-start=\"915\" data-end=\"968\"><strong data-start=\"915\" data-end=\"968\">Stabilizacja poziomu cholesterolu i cukru we krwi<\/strong><\/p>\n<p class=\"\" data-start=\"970\" data-end=\"1303\">Kolejn\u0105 du\u017c\u0105 zalet\u0105 Keto Actives jest jego zdolno\u015b\u0107 do stabilizowania poziomu cholesterolu i cukru we krwi. Jest to szczeg\u00f3lnie wa\u017cne dla os\u00f3b, kt\u00f3re nie koncentruj\u0105 si\u0119 tylko na utracie wagi, ale r\u00f3wnie\u017c dbaj\u0105 o og\u00f3lne zdrowie. Wybrane sk\u0142adniki pomagaj\u0105 zmniejszy\u0107 ryzyko chor\u00f3b metabolicznych i wspieraj\u0105 uk\u0142ad sercowo-naczyniowy.<\/p>\n<p class=\"\" data-start=\"1305\" data-end=\"1342\"><strong data-start=\"1305\" data-end=\"1342\">Kontrola apetytu i redukcja g\u0142odu<\/strong><\/p>\n<p class=\"\" data-start=\"1344\" data-end=\"1671\">Keto Actives jest szczeg\u00f3lnie polecany dla os\u00f3b, kt\u00f3re maj\u0105 trudno\u015bci z kontrolowaniem apetytu. Suplement zawiera sk\u0142adniki, kt\u00f3re zmniejszaj\u0105 uczucie g\u0142odu, pomagaj\u0105c w ten spos\u00f3b kontrolowa\u0107 napady \u0142aknienia. Jest to kluczowa zaleta dla os\u00f3b, kt\u00f3re staraj\u0105 si\u0119 ograniczy\u0107 spo\u017cycie kalorii i dostosowa\u0107 do diety ketogenicznej.<\/p>\n<p class=\"\" data-start=\"1673\" data-end=\"1726\"><strong data-start=\"1673\" data-end=\"1726\">Zwi\u0119kszenie energii, wytrzyma\u0142o\u015bci i koncentracji<\/strong><\/p>\n<p class=\"\" data-start=\"1728\" data-end=\"2099\">Kolejn\u0105 godn\u0105 uwagi cech\u0105 Keto Actives jest jego zdolno\u015b\u0107 do zwi\u0119kszania energii i wytrzyma\u0142o\u015bci. Podczas przej\u015bcia w stan ketozy, cia\u0142o mo\u017ce poczu\u0107 pocz\u0105tkowy brak energii, jednak dzi\u0119ki wsparciu Keto Actives te problemy przej\u015bciowe mog\u0105 zosta\u0107 z\u0142agodzone. Produkt pomaga zwi\u0119kszy\u0107 jasno\u015b\u0107 umys\u0142u i koncentracj\u0119, co jest szczeg\u00f3lnie korzystne w pocz\u0105tkowej fazie ketozy.<\/p>\n<p class=\"\" data-start=\"2101\" data-end=\"2144\"><strong data-start=\"2101\" data-end=\"2144\">Pierwsze wyniki ju\u017c po kilku tygodniach<\/strong><\/p>\n<p class=\"\" data-start=\"2146\" data-end=\"2520\">Regularne stosowanie Keto Actives w po\u0142\u0105czeniu z diet\u0105 ketogeniczn\u0105 pozwala osi\u0105gn\u0105\u0107 pierwsze widoczne rezultaty ju\u017c po kilku tygodniach. Pozytywny wp\u0142yw produktu na metabolizm t\u0142uszczu i og\u00f3lne samopoczucie jest szybko odczuwalny. Keto Actives to z pewno\u015bci\u0105 produkt, kt\u00f3ry spe\u0142nia potrzeby wielu os\u00f3b na rynku i stanowi cenn\u0105 pomoc na drodze do zdrowego, szczup\u0142ego cia\u0142a.<\/p>\n<p class=\"\" data-start=\"2522\" data-end=\"2538\"><strong data-start=\"2522\" data-end=\"2538\">Podsumowanie<\/strong><\/p>\n<p class=\"\" data-start=\"2540\" data-end=\"2986\">Keto Actives to wysoko skuteczny suplement diety, kt\u00f3ry nie tylko pomaga w odchudzaniu, ale r\u00f3wnie\u017c reguluje poziom cukru i cholesterolu we krwi, redukuje g\u0142\u00f3d oraz zapewnia wi\u0119cej energii i koncentracji. To idealny wyb\u00f3r dla ka\u017cdego, kto stosuje diet\u0119 ketogeniczn\u0105 lub chce naturalnie zwi\u0119kszy\u0107 spalanie t\u0142uszczu. Produkt ten ma zdecydowanie potencja\u0142, aby sta\u0107 si\u0119 wa\u017cnym elementem codziennego suplementowania i znacznie zwi\u0119kszy\u0107 sukces diety.<\/p>\n","protected":false},"excerpt":{"rendered":"<p>Keto Actives to innowacyjny suplement diety, stworzony specjalnie, aby wspiera\u0107 osoby w ich procesie redukcji wagi, szczeg\u00f3lnie dla tych, kt\u00f3rzy stosuj\u0105 diet\u0119 ketogeniczn\u0105. Dzi\u0119ki unikalnej kombinacji 8 wysoce skutecznych sk\u0142adnik\u00f3w, Keto Actives jest niezawodnym partnerem w spalaniu t\u0142uszczu i pomaga zapobiega\u0107 gromadzeniu si\u0119 t\u0142uszczu w ciele. Jednak produkt oferuje znacznie wi\u0119cej ni\u017c tylko wsparcie w [&hellip;]<\/p>\n","protected":false},"featured_media":0,"comment_status":"open","ping_status":"closed","template":"","meta":{"_seopress_robots_primary_cat":"","_seopress_titles_title":"","_seopress_titles_desc":"","_seopress_robots_index":"","googlesitekit_rrm_CAowz76iDA:productID":""},"product_brand":[],"product_cat":[292],"product_tag":[],"class_list":{"0":"post-2672","1":"product","2":"type-product","3":"status-publish","5":"product_cat-store-packages","7":"first","8":"instock","9":"downloadable","10":"virtual","11":"sold-individually","12":"taxable","13":"purchasable","14":"product-type-listing_booking"},"_links":{"self":[{"href":"https:\/\/linkmarkt.eu\/pl\/wp-json\/wp\/v2\/product\/2672","targetHints":{"allow":["GET"]}}],"collection":[{"href":"https:\/\/linkmarkt.eu\/pl\/wp-json\/wp\/v2\/product"}],"about":[{"href":"https:\/\/linkmarkt.eu\/pl\/wp-json\/wp\/v2\/types\/product"}],"replies":[{"embeddable":true,"href":"https:\/\/linkmarkt.eu\/pl\/wp-json\/wp\/v2\/comments?post=2672"}],"version-history":[{"count":1,"href":"https:\/\/linkmarkt.eu\/pl\/wp-json\/wp\/v2\/product\/2672\/revisions"}],"predecessor-version":[{"id":2673,"href":"https:\/\/linkmarkt.eu\/pl\/wp-json\/wp\/v2\/product\/2672\/revisions\/2673"}],"wp:attachment":[{"href":"https:\/\/linkmarkt.eu\/pl\/wp-json\/wp\/v2\/media?parent=2672"}],"wp:term":[{"taxonomy":"product_brand","embeddable":true,"href":"https:\/\/linkmarkt.eu\/pl\/wp-json\/wp\/v2\/product_brand?post=2672"},{"taxonomy":"product_cat","embeddable":true,"href":"https:\/\/linkmarkt.eu\/pl\/wp-json\/wp\/v2\/product_cat?post=2672"},{"taxonomy":"product_tag","embeddable":true,"href":"https:\/\/linkmarkt.eu\/pl\/wp-json\/wp\/v2\/product_tag?post=2672"}],"curies":[{"name":"wp","href":"https:\/\/api.w.org\/{rel}","templated":true}]}}