{"id":2676,"date":"2025-01-19T08:40:16","date_gmt":"2025-01-19T07:40:16","guid":{"rendered":"https:\/\/linkmarkt.eu\/product\/naturalne-produkty-do-redukcji-zmarszczek-antidotumaqua\/"},"modified":"2025-04-01T19:58:59","modified_gmt":"2025-04-01T17:58:59","slug":"naturalne-produkty-do-redukcji-zmarszczek-antidotumaqua","status":"publish","type":"product","link":"https:\/\/linkmarkt.eu\/pl\/product\/naturalne-produkty-do-redukcji-zmarszczek-antidotumaqua\/","title":{"rendered":"Naturalne produkty do redukcji zmarszczek \u2013 Antidotumaqua"},"content":{"rendered":"<p class=\"\" data-start=\"0\" data-end=\"112\"><strong data-start=\"0\" data-end=\"112\">Do\u015bwiadcz moc natury w piel\u0119gnacji sk\u00f3ry z Antidotumaqua \u2013 Twoim naturalnym produktem do redukcji zmarszczek<\/strong><\/p>\n<p class=\"\" data-start=\"114\" data-end=\"318\">Antidotumaqua to produkt, kt\u00f3ry ma na celu nawil\u017cenie, rozja\u015bnienie, wzmocnienie i uj\u0119drnienie Twojej sk\u00f3ry, zapewniaj\u0105c jednocze\u015bnie mi\u0119kk\u0105 i g\u0142adk\u0105 sk\u00f3r\u0119, a tak\u017ce redukcj\u0119 zmarszczek w spos\u00f3b naturalny.<\/p>\n<p class=\"\" data-start=\"320\" data-end=\"365\"><strong data-start=\"320\" data-end=\"365\">Naturalne produkty do redukcji zmarszczek<\/strong><\/p>\n<ul data-start=\"366\" data-end=\"620\">\n<li class=\"\" data-start=\"366\" data-end=\"449\">\n<p class=\"\" data-start=\"368\" data-end=\"449\"><strong data-start=\"368\" data-end=\"395\">Perfekcyjne nawil\u017cenie:<\/strong> Unikalna formu\u0142a zapewnia optymalne nawil\u017cenie sk\u00f3ry.<\/p>\n<\/li>\n<li class=\"\" data-start=\"450\" data-end=\"528\">\n<p class=\"\" data-start=\"452\" data-end=\"528\"><strong data-start=\"452\" data-end=\"480\">Dzia\u0142anie rozja\u015bniaj\u0105ce:<\/strong> Ciesz si\u0119 bardziej promienn\u0105 i jednolit\u0105 sk\u00f3r\u0105.<\/p>\n<\/li>\n<li class=\"\" data-start=\"529\" data-end=\"620\">\n<p class=\"\" data-start=\"531\" data-end=\"620\"><strong data-start=\"531\" data-end=\"555\">Wzmacnia i uj\u0119drnia:<\/strong> Wspomaga j\u0119drno\u015b\u0107 sk\u00f3ry i przyczynia si\u0119 do redukcji zmarszczek.<\/p>\n<\/li>\n<\/ul>\n<p class=\"\" data-start=\"622\" data-end=\"675\"><strong data-start=\"622\" data-end=\"673\">Nanostrukturalna, jonizowana, ozonizowana woda:<\/strong><\/p>\n<ul data-start=\"676\" data-end=\"863\">\n<li class=\"\" data-start=\"676\" data-end=\"742\">\n<p class=\"\" data-start=\"678\" data-end=\"742\">Pozyskana z czystej i dobrze zmineralizowanej wody g\u0142\u0119binowej.<\/p>\n<\/li>\n<li class=\"\" data-start=\"743\" data-end=\"822\">\n<p class=\"\" data-start=\"745\" data-end=\"822\">Wielostopniowo filtrowana, strukturalizowana, jonizowana i nasycona ozonem.<\/p>\n<\/li>\n<li class=\"\" data-start=\"823\" data-end=\"863\">\n<p class=\"\" data-start=\"825\" data-end=\"863\">Naturalny produkt o szybkim dzia\u0142aniu.<\/p>\n<\/li>\n<\/ul>\n<p class=\"\" data-start=\"865\" data-end=\"887\"><strong data-start=\"865\" data-end=\"885\">Naturalny sk\u0142ad:<\/strong><\/p>\n<ul data-start=\"888\" data-end=\"973\">\n<li class=\"\" data-start=\"888\" data-end=\"933\">\n<p class=\"\" data-start=\"890\" data-end=\"933\">100% woda (dodatnie jony, nanostruktura).<\/p>\n<\/li>\n<li class=\"\" data-start=\"934\" data-end=\"973\">\n<p class=\"\" data-start=\"936\" data-end=\"973\">Hipoalergiczny i przyjazny dla sk\u00f3ry.<\/p>\n<\/li>\n<\/ul>\n<p class=\"\" data-start=\"975\" data-end=\"1152\"><strong data-start=\"975\" data-end=\"993\">Spos\u00f3b u\u017cycia:<\/strong><br data-start=\"993\" data-end=\"996\" \/>Nanie\u015b mgie\u0142k\u0119 na wybran\u0105 cz\u0119\u015b\u0107 sk\u00f3ry i poczekaj, a\u017c wyschnie. Mo\u017cna stosowa\u0107 kilka razy dziennie. Najlepsze wyniki uzyskuje si\u0119 przy regularnym stosowaniu.<\/p>\n<p class=\"\" data-start=\"1154\" data-end=\"1198\"><strong data-start=\"1154\" data-end=\"1196\">Odpowiedni dla wszystkich typ\u00f3w sk\u00f3ry:<\/strong><\/p>\n<ul data-start=\"1199\" data-end=\"1364\">\n<li class=\"\" data-start=\"1199\" data-end=\"1230\">\n<p class=\"\" data-start=\"1201\" data-end=\"1230\">Hipoalergiczny i naturalny.<\/p>\n<\/li>\n<li class=\"\" data-start=\"1231\" data-end=\"1303\">\n<p class=\"\" data-start=\"1233\" data-end=\"1303\">Dla sk\u00f3ry wra\u017cliwej, sk\u0142onnej do tr\u0105dziku, naczynkowej lub atopowej.<\/p>\n<\/li>\n<li class=\"\" data-start=\"1304\" data-end=\"1364\">\n<p class=\"\" data-start=\"1306\" data-end=\"1364\">Przywraca normalne pH sk\u00f3ry, nie powoduj\u0105c jej \u0142uszczenia.<\/p>\n<\/li>\n<\/ul>\n<p class=\"\" data-start=\"1366\" data-end=\"1402\"><strong data-start=\"1366\" data-end=\"1400\">Skuteczna redukcja zmarszczek:<\/strong><\/p>\n<ul data-start=\"1403\" data-end=\"1493\">\n<li class=\"\" data-start=\"1403\" data-end=\"1453\">\n<p class=\"\" data-start=\"1405\" data-end=\"1453\">Popraw wygl\u0105d swojej sk\u00f3ry w spos\u00f3b naturalny.<\/p>\n<\/li>\n<li class=\"\" data-start=\"1454\" data-end=\"1493\">\n<p class=\"\" data-start=\"1456\" data-end=\"1493\">Szybkie efekty dla m\u0142odszego wygl\u0105du.<\/p>\n<\/li>\n<\/ul>\n<p class=\"\" data-start=\"1495\" data-end=\"1627\">Z Antidotumaqua wybierasz naturalne produkty do redukcji zmarszczek. Podaruj swojej sk\u00f3rze naturaln\u0105 piel\u0119gnacj\u0119, na jak\u0105 zas\u0142uguje.<\/p>\n","protected":false},"excerpt":{"rendered":"<p>Do\u015bwiadcz moc natury w piel\u0119gnacji sk\u00f3ry z Antidotumaqua \u2013 Twoim naturalnym produktem do redukcji zmarszczek Antidotumaqua to produkt, kt\u00f3ry ma na celu nawil\u017cenie, rozja\u015bnienie, wzmocnienie i uj\u0119drnienie Twojej sk\u00f3ry, zapewniaj\u0105c jednocze\u015bnie mi\u0119kk\u0105 i g\u0142adk\u0105 sk\u00f3r\u0119, a tak\u017ce redukcj\u0119 zmarszczek w spos\u00f3b naturalny. Naturalne produkty do redukcji zmarszczek Perfekcyjne nawil\u017cenie: Unikalna formu\u0142a zapewnia optymalne nawil\u017cenie sk\u00f3ry. [&hellip;]<\/p>\n","protected":false},"featured_media":2344,"comment_status":"open","ping_status":"closed","template":"","meta":{"_seopress_robots_primary_cat":"","_seopress_titles_title":"","_seopress_titles_desc":"","_seopress_robots_index":"","googlesitekit_rrm_CAowz76iDA:productID":""},"product_brand":[],"product_cat":[292],"product_tag":[],"class_list":{"0":"post-2676","1":"product","2":"type-product","3":"status-publish","4":"has-post-thumbnail","6":"product_cat-store-packages","8":"first","9":"instock","10":"sale","11":"taxable","12":"shipping-taxable","13":"purchasable","14":"product-type-simple"},"_links":{"self":[{"href":"https:\/\/linkmarkt.eu\/pl\/wp-json\/wp\/v2\/product\/2676","targetHints":{"allow":["GET"]}}],"collection":[{"href":"https:\/\/linkmarkt.eu\/pl\/wp-json\/wp\/v2\/product"}],"about":[{"href":"https:\/\/linkmarkt.eu\/pl\/wp-json\/wp\/v2\/types\/product"}],"replies":[{"embeddable":true,"href":"https:\/\/linkmarkt.eu\/pl\/wp-json\/wp\/v2\/comments?post=2676"}],"version-history":[{"count":1,"href":"https:\/\/linkmarkt.eu\/pl\/wp-json\/wp\/v2\/product\/2676\/revisions"}],"predecessor-version":[{"id":2677,"href":"https:\/\/linkmarkt.eu\/pl\/wp-json\/wp\/v2\/product\/2676\/revisions\/2677"}],"wp:featuredmedia":[{"embeddable":true,"href":"https:\/\/linkmarkt.eu\/pl\/wp-json\/wp\/v2\/media\/2344"}],"wp:attachment":[{"href":"https:\/\/linkmarkt.eu\/pl\/wp-json\/wp\/v2\/media?parent=2676"}],"wp:term":[{"taxonomy":"product_brand","embeddable":true,"href":"https:\/\/linkmarkt.eu\/pl\/wp-json\/wp\/v2\/product_brand?post=2676"},{"taxonomy":"product_cat","embeddable":true,"href":"https:\/\/linkmarkt.eu\/pl\/wp-json\/wp\/v2\/product_cat?post=2676"},{"taxonomy":"product_tag","embeddable":true,"href":"https:\/\/linkmarkt.eu\/pl\/wp-json\/wp\/v2\/product_tag?post=2676"}],"curies":[{"name":"wp","href":"https:\/\/api.w.org\/{rel}","templated":true}]}}