{"id":2686,"date":"2025-01-19T08:19:42","date_gmt":"2025-01-19T07:19:42","guid":{"rendered":"https:\/\/linkmarkt.eu\/product\/odmlodzenie-rak\/"},"modified":"2025-04-05T15:40:04","modified_gmt":"2025-04-05T13:40:04","slug":"odmlodzenie-rak","status":"publish","type":"product","link":"https:\/\/linkmarkt.eu\/pl\/product\/odmlodzenie-rak\/","title":{"rendered":"Odm\u0142odzenie r\u0105k"},"content":{"rendered":"<p class=\"\" data-start=\"206\" data-end=\"498\"><strong data-start=\"206\" data-end=\"498\">Odkryj nasz\u0105 wysokiej jako\u015bci naturaln\u0105 kosmetyk\u0119, kt\u00f3ra wspiera Regeneracj\u0119 sk\u00f3ry i oferuje skuteczne rozwi\u0105zania dla r\u00f3\u017cnych problem\u00f3w kosmetycznych. Nasze r\u0119cznie robione produkty opieraj\u0105 si\u0119 na najlepszych naturalnych sk\u0142adnikach z regionu, aby pom\u00f3c Ci wygl\u0105da\u0107 m\u0142odziej i zdrowiej!<\/strong><\/p>\n<hr class=\"\" data-start=\"500\" data-end=\"503\" \/>\n<p class=\"\" data-start=\"505\" data-end=\"557\"><strong data-start=\"505\" data-end=\"557\">Szukasz naszego produktu z naturalnej kosmetyki?<\/strong><\/p>\n<p class=\"\" data-start=\"559\" data-end=\"694\"><strong data-start=\"559\" data-end=\"583\">Naturalne sk\u0142adniki:<\/strong><br data-start=\"583\" data-end=\"586\" \/>Nasze produkty s\u0105 wytwarzane z najlepszych naturalnych sk\u0142adnik\u00f3w, aby wspiera\u0107 naturaln\u0105 Regeneracj\u0119 sk\u00f3ry.<\/p>\n<p class=\"\" data-start=\"696\" data-end=\"801\"><strong data-start=\"696\" data-end=\"716\">R\u0119cznie robione:<\/strong><br data-start=\"716\" data-end=\"719\" \/>Ka\u017cdy produkt jest wykonywany r\u0119cznie, aby zapewni\u0107 najwy\u017csz\u0105 jako\u015b\u0107 i unikalno\u015b\u0107.<\/p>\n<p class=\"\" data-start=\"803\" data-end=\"928\"><strong data-start=\"803\" data-end=\"830\">Regionalne pochodzenie:<\/strong><br data-start=\"830\" data-end=\"833\" \/>U\u017cywamy tylko najlepszych sk\u0142adnik\u00f3w z regionu, aby oferowa\u0107 zr\u00f3wnowa\u017cone i skuteczne produkty.<\/p>\n<hr class=\"\" data-start=\"930\" data-end=\"933\" \/>\n<p class=\"\" data-start=\"935\" data-end=\"1221\"><strong data-start=\"935\" data-end=\"982\">Unikalna piel\u0119gnacja urody dla Twojej sk\u00f3ry<\/strong><br data-start=\"982\" data-end=\"985\" \/>Popyt na r\u0119cznie robione produkty z naturalnej kosmetyki ro\u015bnie z dnia na dzie\u0144, i rozumiemy, \u017ce ka\u017cdy z nas szuka czego\u015b wyj\u0105tkowego dla swojej sk\u00f3ry. Zdrowy i promienny wygl\u0105d to cel ka\u017cdego, i wierzymy w si\u0142\u0119 natury, aby go osi\u0105gn\u0105\u0107.<\/p>\n<hr class=\"\" data-start=\"1223\" data-end=\"1226\" \/>\n<p class=\"\" data-start=\"1228\" data-end=\"1335\"><strong data-start=\"1228\" data-end=\"1250\">Szczeg\u00f3\u0142y produktu<\/strong><br data-start=\"1250\" data-end=\"1253\" \/><strong data-start=\"1253\" data-end=\"1277\">Obszar zastosowania:<\/strong> Odpowiedni dla r\u0105k, twarzy, szyi, dekoltu i ca\u0142ego cia\u0142a.<\/p>\n<p class=\"\" data-start=\"1337\" data-end=\"1454\"><strong data-start=\"1337\" data-end=\"1351\">Sk\u0142adniki:<\/strong> Produkt oparty w 100% na strukturyzowanej i zjonizowanej wodzie, pozyskanej z czystej wody g\u0142\u0119binowej.<\/p>\n<p class=\"\" data-start=\"1456\" data-end=\"1499\"><strong data-start=\"1456\" data-end=\"1470\">Pojemno\u015b\u0107:<\/strong> 300 ml (2 butelki po 150 ml)<\/p>\n<hr class=\"\" data-start=\"1501\" data-end=\"1504\" \/>\n<p class=\"\" data-start=\"1506\" data-end=\"1532\"><strong data-start=\"1506\" data-end=\"1532\">Projekt w dw\u00f3ch fazach<\/strong><\/p>\n<p class=\"\" data-start=\"1534\" data-end=\"1582\"><strong data-start=\"1534\" data-end=\"1580\">Faza I \u2013 Skin Soft Primer (Pozytywne jony)<\/strong><\/p>\n<ul data-start=\"1583\" data-end=\"1869\">\n<li class=\"\" data-start=\"1583\" data-end=\"1632\">\n<p class=\"\" data-start=\"1585\" data-end=\"1632\">Stymuluje sk\u00f3r\u0119 aktywnymi pozytywnymi jonami.<\/p>\n<\/li>\n<li class=\"\" data-start=\"1633\" data-end=\"1682\">\n<p class=\"\" data-start=\"1635\" data-end=\"1682\">Nawil\u017ca i rozpuszcza martwe kom\u00f3rki nask\u00f3rka.<\/p>\n<\/li>\n<li class=\"\" data-start=\"1683\" data-end=\"1722\">\n<p class=\"\" data-start=\"1685\" data-end=\"1722\">Zwi\u0119ksza nawil\u017cenie wewn\u0105trz sk\u00f3ry.<\/p>\n<\/li>\n<li class=\"\" data-start=\"1723\" data-end=\"1869\">\n<p class=\"\" data-start=\"1725\" data-end=\"1869\">Przywraca naturalne pH sk\u00f3ry i eliminuje podra\u017cnienia.<br data-start=\"1779\" data-end=\"1782\" \/><strong data-start=\"1782\" data-end=\"1799\">Zastosowanie:<\/strong> Spryska\u0107 powierzchni\u0119 sk\u00f3ry preparatem nr 1, poczeka\u0107, nie sp\u0142ukiwa\u0107.<\/p>\n<\/li>\n<\/ul>\n<hr class=\"\" data-start=\"1871\" data-end=\"1874\" \/>\n<p class=\"\" data-start=\"1876\" data-end=\"1922\"><strong data-start=\"1876\" data-end=\"1920\">Faza II \u2013 Regenerum Fix (Negatywne jony)<\/strong><\/p>\n<ul data-start=\"1923\" data-end=\"2188\">\n<li class=\"\" data-start=\"1923\" data-end=\"1972\">\n<p class=\"\" data-start=\"1925\" data-end=\"1972\">Stymuluje sk\u00f3r\u0119 aktywnymi negatywnymi jonami.<\/p>\n<\/li>\n<li class=\"\" data-start=\"1973\" data-end=\"2010\">\n<p class=\"\" data-start=\"1975\" data-end=\"2010\">Dzia\u0142a napinaj\u0105co i wzmacniaj\u0105co.<\/p>\n<\/li>\n<li class=\"\" data-start=\"2011\" data-end=\"2188\">\n<p class=\"\" data-start=\"2013\" data-end=\"2188\">Stymuluje procesy samoregeneracji i wspiera produkcj\u0119 kolagenu i kwasu hialuronowego.<br data-start=\"2098\" data-end=\"2101\" \/><strong data-start=\"2101\" data-end=\"2118\">Zastosowanie:<\/strong> Spryska\u0107 powierzchni\u0119 sk\u00f3ry preparatem nr 2, poczeka\u0107, nie sp\u0142ukiwa\u0107.<\/p>\n<\/li>\n<\/ul>\n<hr class=\"\" data-start=\"2190\" data-end=\"2193\" \/>\n<p class=\"\" data-start=\"2195\" data-end=\"2331\"><strong data-start=\"2195\" data-end=\"2331\">Odkryj sekret naturalnej piel\u0119gnacji urody i zainwestuj w Regeneracj\u0119 swojej sk\u00f3ry. Kup nasz zestaw z naturalnej kosmetyki ju\u017c dzi\u015b!<\/strong><\/p>\n","protected":false},"excerpt":{"rendered":"<p><strong data-start=\"41\" data-end=\"71\" data-is-last-node=\"\">Odm\u0142odzenie r\u0105k w 20 minut<\/strong><\/p>\n","protected":false},"featured_media":2340,"comment_status":"open","ping_status":"closed","template":"","meta":{"_seopress_robots_primary_cat":"none","_seopress_titles_title":"","_seopress_titles_desc":"","_seopress_robots_index":"","googlesitekit_rrm_CAowz76iDA:productID":""},"product_brand":[],"product_cat":[292],"product_tag":[],"class_list":{"0":"post-2686","1":"product","2":"type-product","3":"status-publish","4":"has-post-thumbnail","6":"product_cat-store-packages","8":"first","9":"instock","10":"sale","11":"taxable","12":"shipping-taxable","13":"purchasable","14":"product-type-simple"},"_links":{"self":[{"href":"https:\/\/linkmarkt.eu\/pl\/wp-json\/wp\/v2\/product\/2686","targetHints":{"allow":["GET"]}}],"collection":[{"href":"https:\/\/linkmarkt.eu\/pl\/wp-json\/wp\/v2\/product"}],"about":[{"href":"https:\/\/linkmarkt.eu\/pl\/wp-json\/wp\/v2\/types\/product"}],"replies":[{"embeddable":true,"href":"https:\/\/linkmarkt.eu\/pl\/wp-json\/wp\/v2\/comments?post=2686"}],"version-history":[{"count":1,"href":"https:\/\/linkmarkt.eu\/pl\/wp-json\/wp\/v2\/product\/2686\/revisions"}],"predecessor-version":[{"id":2687,"href":"https:\/\/linkmarkt.eu\/pl\/wp-json\/wp\/v2\/product\/2686\/revisions\/2687"}],"wp:featuredmedia":[{"embeddable":true,"href":"https:\/\/linkmarkt.eu\/pl\/wp-json\/wp\/v2\/media\/2340"}],"wp:attachment":[{"href":"https:\/\/linkmarkt.eu\/pl\/wp-json\/wp\/v2\/media?parent=2686"}],"wp:term":[{"taxonomy":"product_brand","embeddable":true,"href":"https:\/\/linkmarkt.eu\/pl\/wp-json\/wp\/v2\/product_brand?post=2686"},{"taxonomy":"product_cat","embeddable":true,"href":"https:\/\/linkmarkt.eu\/pl\/wp-json\/wp\/v2\/product_cat?post=2686"},{"taxonomy":"product_tag","embeddable":true,"href":"https:\/\/linkmarkt.eu\/pl\/wp-json\/wp\/v2\/product_tag?post=2686"}],"curies":[{"name":"wp","href":"https:\/\/api.w.org\/{rel}","templated":true}]}}