{"id":2690,"date":"2025-01-17T17:55:35","date_gmt":"2025-01-17T16:55:35","guid":{"rendered":"https:\/\/linkmarkt.eu\/product\/odkryj-swoja-wymarzona-sylwetke-z-moringa-actives\/"},"modified":"2025-04-05T15:44:05","modified_gmt":"2025-04-05T13:44:05","slug":"odkryj-swoja-wymarzona-sylwetke-z-moringa-actives","status":"publish","type":"product","link":"https:\/\/linkmarkt.eu\/pl\/product\/odkryj-swoja-wymarzona-sylwetke-z-moringa-actives\/","title":{"rendered":"Odkryj swoj\u0105 wymarzon\u0105 sylwetk\u0119 z Moringa Actives!"},"content":{"rendered":"<p class=\"\" data-start=\"55\" data-end=\"248\"><strong data-start=\"55\" data-end=\"132\">Chcesz osi\u0105gn\u0105\u0107 swoj\u0105 wymarzon\u0105 sylwetk\u0119, nie rezygnuj\u0105c z jako\u015bci \u017cycia?<\/strong><br data-start=\"132\" data-end=\"135\" \/><strong data-start=\"135\" data-end=\"248\">Moringa Actives to nowoczesne rozwi\u0105zanie dla ka\u017cdego, kto chce skutecznie schudn\u0105\u0107 i wspiera\u0107 swoje zdrowie!<\/strong><\/p>\n<p class=\"\" data-start=\"250\" data-end=\"677\">\ud83c\udf3f <strong data-start=\"253\" data-end=\"290\">Zalety Moringa Actives w skr\u00f3cie:<\/strong> \u2714\ufe0f Wspiera redukcj\u0119 wagi dzi\u0119ki naturalnemu ekstraktowi z li\u015bci moringi<br data-start=\"362\" data-end=\"365\" \/>\u2714\ufe0f Zmniejsza uczucie g\u0142odu i pomaga kontrolowa\u0107 spo\u017cycie kalorii<br data-start=\"429\" data-end=\"432\" \/>\u2714\ufe0f Przyspiesza metabolizm i spalanie t\u0142uszczu<br data-start=\"477\" data-end=\"480\" \/>\u2714\ufe0f Pomaga regulowa\u0107 poziom cukru we krwi i obni\u017ca poziom cholesterolu<br data-start=\"549\" data-end=\"552\" data-is-only-node=\"\" \/>\u2714\ufe0f Zawiera dodatkowe sk\u0142adniki aktywne, takie jak pieprz czarny, Garcinia Cambogia i chrom \u2013 wspieraj\u0105ce dobre samopoczucie<\/p>\n<p class=\"\" data-start=\"679\" data-end=\"756\"><strong data-start=\"679\" data-end=\"756\">Rozpocznij ju\u017c dzi\u015b swoj\u0105 drog\u0119 do zdrowego cia\u0142a i dobrego samopoczucia!<\/strong><\/p>\n<p class=\"\" data-start=\"758\" data-end=\"884\">\ud83d\udca1 <strong data-start=\"761\" data-end=\"794\">Zam\u00f3w teraz i poczuj r\u00f3\u017cnic\u0119!<\/strong><br data-start=\"794\" data-end=\"797\" \/>Skorzystaj z mocy natury i przekonaj si\u0119, jak \u0142atwo mo\u017cesz osi\u0105gn\u0105\u0107 swoj\u0105 idealn\u0105 wag\u0119.<\/p>\n<p class=\"\" data-start=\"886\" data-end=\"931\">\ud83d\udc49 <strong data-start=\"889\" data-end=\"931\" data-is-last-node=\"\">Kliknij tutaj i zam\u00f3w Moringa Actives!<\/strong><\/p>\n","protected":false},"excerpt":{"rendered":"<p>Chcesz osi\u0105gn\u0105\u0107 swoj\u0105 wymarzon\u0105 sylwetk\u0119, nie rezygnuj\u0105c z jako\u015bci \u017cycia?Moringa Actives to nowoczesne rozwi\u0105zanie dla ka\u017cdego, kto chce skutecznie schudn\u0105\u0107 i wspiera\u0107 swoje zdrowie! \ud83c\udf3f Zalety Moringa Actives w skr\u00f3cie: \u2714\ufe0f Wspiera redukcj\u0119 wagi dzi\u0119ki naturalnemu ekstraktowi z li\u015bci moringi\u2714\ufe0f Zmniejsza uczucie g\u0142odu i pomaga kontrolowa\u0107 spo\u017cycie kalorii\u2714\ufe0f Przyspiesza metabolizm i spalanie t\u0142uszczu\u2714\ufe0f Pomaga regulowa\u0107 [&hellip;]<\/p>\n","protected":false},"featured_media":0,"comment_status":"open","ping_status":"closed","template":"","meta":{"_seopress_robots_primary_cat":"","_seopress_titles_title":"","_seopress_titles_desc":"","_seopress_robots_index":"","googlesitekit_rrm_CAowz76iDA:productID":""},"product_brand":[],"product_cat":[292],"product_tag":[],"class_list":{"0":"post-2690","1":"product","2":"type-product","3":"status-publish","5":"product_cat-store-packages","7":"first","8":"instock","9":"downloadable","10":"virtual","11":"sold-individually","12":"taxable","13":"purchasable","14":"product-type-listing_booking"},"_links":{"self":[{"href":"https:\/\/linkmarkt.eu\/pl\/wp-json\/wp\/v2\/product\/2690","targetHints":{"allow":["GET"]}}],"collection":[{"href":"https:\/\/linkmarkt.eu\/pl\/wp-json\/wp\/v2\/product"}],"about":[{"href":"https:\/\/linkmarkt.eu\/pl\/wp-json\/wp\/v2\/types\/product"}],"replies":[{"embeddable":true,"href":"https:\/\/linkmarkt.eu\/pl\/wp-json\/wp\/v2\/comments?post=2690"}],"version-history":[{"count":1,"href":"https:\/\/linkmarkt.eu\/pl\/wp-json\/wp\/v2\/product\/2690\/revisions"}],"predecessor-version":[{"id":2691,"href":"https:\/\/linkmarkt.eu\/pl\/wp-json\/wp\/v2\/product\/2690\/revisions\/2691"}],"wp:attachment":[{"href":"https:\/\/linkmarkt.eu\/pl\/wp-json\/wp\/v2\/media?parent=2690"}],"wp:term":[{"taxonomy":"product_brand","embeddable":true,"href":"https:\/\/linkmarkt.eu\/pl\/wp-json\/wp\/v2\/product_brand?post=2690"},{"taxonomy":"product_cat","embeddable":true,"href":"https:\/\/linkmarkt.eu\/pl\/wp-json\/wp\/v2\/product_cat?post=2690"},{"taxonomy":"product_tag","embeddable":true,"href":"https:\/\/linkmarkt.eu\/pl\/wp-json\/wp\/v2\/product_tag?post=2690"}],"curies":[{"name":"wp","href":"https:\/\/api.w.org\/{rel}","templated":true}]}}