{"id":2694,"date":"2025-01-16T18:21:27","date_gmt":"2025-01-16T17:21:27","guid":{"rendered":"https:\/\/linkmarkt.eu\/product\/crave-burner-innowacyjny-suplement-diety-wspierajacy-kontrole-apetytu-i-osiagniecie-wymarzonej-sylwetki\/"},"modified":"2025-04-05T15:48:49","modified_gmt":"2025-04-05T13:48:49","slug":"crave-burner-innowacyjny-suplement-diety-wspierajacy-kontrole-apetytu-i-osiagniecie-wymarzonej-sylwetki","status":"publish","type":"product","link":"https:\/\/linkmarkt.eu\/pl\/product\/crave-burner-innowacyjny-suplement-diety-wspierajacy-kontrole-apetytu-i-osiagniecie-wymarzonej-sylwetki\/","title":{"rendered":"Crave Burner \u2013 innowacyjny suplement diety wspieraj\u0105cy kontrol\u0119 apetytu i osi\u0105gni\u0119cie wymarzonej sylwetki."},"content":{"rendered":"<p class=\"\" data-start=\"70\" data-end=\"247\">Unikalna formu\u0142a zawieraj\u0105ca 7 naturalnych sk\u0142adnik\u00f3w aktywnych:<\/p>\n<ul data-start=\"249\" data-end=\"474\">\n<li class=\"\" data-start=\"249\" data-end=\"309\">\n<p class=\"\" data-start=\"251\" data-end=\"309\">Wspomaga spalanie t\u0142uszczu i redukcj\u0119 tkanki t\u0142uszczowej<\/p>\n<\/li>\n<li class=\"\" data-start=\"310\" data-end=\"364\">\n<p class=\"\" data-start=\"312\" data-end=\"364\">Zmniejsza uczucie g\u0142odu i zwi\u0119ksza uczucie syto\u015bci<\/p>\n<\/li>\n<li class=\"\" data-start=\"365\" data-end=\"424\">\n<p class=\"\" data-start=\"367\" data-end=\"424\">Wspiera trawienie i zapewnia uczucie lekko\u015bci w brzuchu<\/p>\n<\/li>\n<li class=\"\" data-start=\"425\" data-end=\"474\">\n<p class=\"\" data-start=\"427\" data-end=\"474\">Pomaga utrzyma\u0107 stabilny poziom cukru we krwi<\/p>\n<\/li>\n<\/ul>\n<p class=\"\" data-start=\"476\" data-end=\"629\">Idealny dla os\u00f3b, kt\u00f3re maj\u0105 trudno\u015bci z kontrol\u0105 spo\u017cycia kalorii i szukaj\u0105 naturalnego sposobu na redukcj\u0119 wagi i odzyskanie kontroli nad swoim cia\u0142em.<\/p>\n","protected":false},"excerpt":{"rendered":"<p>Unikalna formu\u0142a zawieraj\u0105ca 7 naturalnych sk\u0142adnik\u00f3w aktywnych: Wspomaga spalanie t\u0142uszczu i redukcj\u0119 tkanki t\u0142uszczowej Zmniejsza uczucie g\u0142odu i zwi\u0119ksza uczucie syto\u015bci Wspiera trawienie i zapewnia uczucie lekko\u015bci w brzuchu Pomaga utrzyma\u0107 stabilny poziom cukru we krwi Idealny dla os\u00f3b, kt\u00f3re maj\u0105 trudno\u015bci z kontrol\u0105 spo\u017cycia kalorii i szukaj\u0105 naturalnego sposobu na redukcj\u0119 wagi i odzyskanie [&hellip;]<\/p>\n","protected":false},"featured_media":0,"comment_status":"open","ping_status":"closed","template":"","meta":{"_seopress_robots_primary_cat":"","_seopress_titles_title":"","_seopress_titles_desc":"","_seopress_robots_index":"","googlesitekit_rrm_CAowz76iDA:productID":""},"product_brand":[],"product_cat":[292],"product_tag":[],"class_list":{"0":"post-2694","1":"product","2":"type-product","3":"status-publish","5":"product_cat-store-packages","7":"first","8":"instock","9":"downloadable","10":"virtual","11":"sold-individually","12":"taxable","13":"purchasable","14":"product-type-listing_booking"},"_links":{"self":[{"href":"https:\/\/linkmarkt.eu\/pl\/wp-json\/wp\/v2\/product\/2694","targetHints":{"allow":["GET"]}}],"collection":[{"href":"https:\/\/linkmarkt.eu\/pl\/wp-json\/wp\/v2\/product"}],"about":[{"href":"https:\/\/linkmarkt.eu\/pl\/wp-json\/wp\/v2\/types\/product"}],"replies":[{"embeddable":true,"href":"https:\/\/linkmarkt.eu\/pl\/wp-json\/wp\/v2\/comments?post=2694"}],"version-history":[{"count":1,"href":"https:\/\/linkmarkt.eu\/pl\/wp-json\/wp\/v2\/product\/2694\/revisions"}],"predecessor-version":[{"id":2695,"href":"https:\/\/linkmarkt.eu\/pl\/wp-json\/wp\/v2\/product\/2694\/revisions\/2695"}],"wp:attachment":[{"href":"https:\/\/linkmarkt.eu\/pl\/wp-json\/wp\/v2\/media?parent=2694"}],"wp:term":[{"taxonomy":"product_brand","embeddable":true,"href":"https:\/\/linkmarkt.eu\/pl\/wp-json\/wp\/v2\/product_brand?post=2694"},{"taxonomy":"product_cat","embeddable":true,"href":"https:\/\/linkmarkt.eu\/pl\/wp-json\/wp\/v2\/product_cat?post=2694"},{"taxonomy":"product_tag","embeddable":true,"href":"https:\/\/linkmarkt.eu\/pl\/wp-json\/wp\/v2\/product_tag?post=2694"}],"curies":[{"name":"wp","href":"https:\/\/api.w.org\/{rel}","templated":true}]}}