{"id":2698,"date":"2025-01-15T16:41:52","date_gmt":"2025-01-15T15:41:52","guid":{"rendered":"https:\/\/linkmarkt.eu\/product\/flexomore-wieloskladnikowy-suplement-diety-wspierajacy-zdrowie-stawow-i-kosci\/"},"modified":"2025-04-05T15:51:44","modified_gmt":"2025-04-05T13:51:44","slug":"flexomore-wieloskladnikowy-suplement-diety-wspierajacy-zdrowie-stawow-i-kosci","status":"publish","type":"product","link":"https:\/\/linkmarkt.eu\/pl\/product\/flexomore-wieloskladnikowy-suplement-diety-wspierajacy-zdrowie-stawow-i-kosci\/","title":{"rendered":"Flexomore \u2013 wielosk\u0142adnikowy suplement diety wspieraj\u0105cy zdrowie staw\u00f3w i ko\u015bci."},"content":{"rendered":"<p class=\"\" data-start=\"55\" data-end=\"324\">Produkt jest przeznaczony g\u0142\u00f3wnie dla sportowc\u00f3w oraz os\u00f3b aktywnych fizycznie. Regularne stosowanie Flexomore pomaga utrzyma\u0107 stawy elastyczne i zapewnia komfort ich funkcjonowania.<\/p>\n<p class=\"\" data-start=\"326\" data-end=\"576\">Suplement zawiera sk\u0142adniki, kt\u00f3re wspieraj\u0105 prawid\u0142owy stan ko\u015bci i staw\u00f3w, stymuluj\u0105 produkcj\u0119 kolagenu oraz wspomagaj\u0105 prawid\u0142owe funkcjonowanie chrz\u0105stki.<br data-start=\"484\" data-end=\"487\" \/>Dodatkowo Flexomore pomaga zachowa\u0107 ruchomo\u015b\u0107 staw\u00f3w i zapobiega ich porannej sztywno\u015bci.<\/p>\n<p class=\"\" data-start=\"578\" data-end=\"657\">Produkt wyst\u0119puje w formie proszku o pysznym smaku pomara\u0144czowo-brzoskwiniowym.<\/p>\n<p class=\"\" data-start=\"659\" data-end=\"747\">Suplementy diety na stawy stanowi\u0105 wa\u017cne uzupe\u0142nienie diety os\u00f3b aktywnych i sportowc\u00f3w.<\/p>\n","protected":false},"excerpt":{"rendered":"<p>Produkt jest przeznaczony g\u0142\u00f3wnie dla sportowc\u00f3w oraz os\u00f3b aktywnych fizycznie. Regularne stosowanie Flexomore pomaga utrzyma\u0107 stawy elastyczne i zapewnia komfort ich funkcjonowania. Suplement zawiera sk\u0142adniki, kt\u00f3re wspieraj\u0105 prawid\u0142owy stan ko\u015bci i staw\u00f3w, stymuluj\u0105 produkcj\u0119 kolagenu oraz wspomagaj\u0105 prawid\u0142owe funkcjonowanie chrz\u0105stki.Dodatkowo Flexomore pomaga zachowa\u0107 ruchomo\u015b\u0107 staw\u00f3w i zapobiega ich porannej sztywno\u015bci. Produkt wyst\u0119puje w formie proszku [&hellip;]<\/p>\n","protected":false},"featured_media":0,"comment_status":"open","ping_status":"closed","template":"","meta":{"_seopress_robots_primary_cat":"","_seopress_titles_title":"","_seopress_titles_desc":"","_seopress_robots_index":"","googlesitekit_rrm_CAowz76iDA:productID":""},"product_brand":[],"product_cat":[292],"product_tag":[],"class_list":{"0":"post-2698","1":"product","2":"type-product","3":"status-publish","5":"product_cat-store-packages","7":"first","8":"instock","9":"downloadable","10":"virtual","11":"sold-individually","12":"taxable","13":"purchasable","14":"product-type-listing_booking"},"_links":{"self":[{"href":"https:\/\/linkmarkt.eu\/pl\/wp-json\/wp\/v2\/product\/2698","targetHints":{"allow":["GET"]}}],"collection":[{"href":"https:\/\/linkmarkt.eu\/pl\/wp-json\/wp\/v2\/product"}],"about":[{"href":"https:\/\/linkmarkt.eu\/pl\/wp-json\/wp\/v2\/types\/product"}],"replies":[{"embeddable":true,"href":"https:\/\/linkmarkt.eu\/pl\/wp-json\/wp\/v2\/comments?post=2698"}],"version-history":[{"count":1,"href":"https:\/\/linkmarkt.eu\/pl\/wp-json\/wp\/v2\/product\/2698\/revisions"}],"predecessor-version":[{"id":2699,"href":"https:\/\/linkmarkt.eu\/pl\/wp-json\/wp\/v2\/product\/2698\/revisions\/2699"}],"wp:attachment":[{"href":"https:\/\/linkmarkt.eu\/pl\/wp-json\/wp\/v2\/media?parent=2698"}],"wp:term":[{"taxonomy":"product_brand","embeddable":true,"href":"https:\/\/linkmarkt.eu\/pl\/wp-json\/wp\/v2\/product_brand?post=2698"},{"taxonomy":"product_cat","embeddable":true,"href":"https:\/\/linkmarkt.eu\/pl\/wp-json\/wp\/v2\/product_cat?post=2698"},{"taxonomy":"product_tag","embeddable":true,"href":"https:\/\/linkmarkt.eu\/pl\/wp-json\/wp\/v2\/product_tag?post=2698"}],"curies":[{"name":"wp","href":"https:\/\/api.w.org\/{rel}","templated":true}]}}