{"id":2702,"date":"2025-01-11T18:07:19","date_gmt":"2025-01-11T17:07:19","guid":{"rendered":"https:\/\/linkmarkt.eu\/product\/antidotumaqua-naturalny-spray-do-wlosow-dla-blasku-i-gladkosci\/"},"modified":"2025-04-05T16:00:51","modified_gmt":"2025-04-05T14:00:51","slug":"antidotumaqua-naturalny-spray-do-wlosow-dla-blasku-i-gladkosci","status":"publish","type":"product","link":"https:\/\/linkmarkt.eu\/pl\/product\/antidotumaqua-naturalny-spray-do-wlosow-dla-blasku-i-gladkosci\/","title":{"rendered":"Antidotumaqua: Naturalny spray do w\u0142os\u00f3w dla blasku i g\u0142adko\u015bci"},"content":{"rendered":"<p class=\"\" data-start=\"49\" data-end=\"211\"><strong data-start=\"49\" data-end=\"111\">Chcesz, aby Twoje w\u0142osy l\u015bni\u0142y i by\u0142y jedwabi\u015bcie g\u0142adkie?<\/strong><br data-start=\"111\" data-end=\"114\" \/>Odkryj <strong data-start=\"121\" data-end=\"138\">Antidotumaqua<\/strong> \u2013 <strong data-start=\"141\" data-end=\"170\">naturalny spray do w\u0142os\u00f3w<\/strong>, kt\u00f3ry nawil\u017ca i nadaje im zdrowy blask.<\/p>\n<hr class=\"\" data-start=\"213\" data-end=\"216\" \/>\n<p class=\"\" data-start=\"218\" data-end=\"273\">\ud83e\uddf4 <strong data-start=\"221\" data-end=\"273\">Naturalny spray do w\u0142os\u00f3w dla blasku i g\u0142adko\u015bci<\/strong><\/p>\n<p class=\"\" data-start=\"275\" data-end=\"405\"><strong data-start=\"275\" data-end=\"303\">Nawil\u017caj\u0105ca piel\u0119gnacja:<\/strong><br data-start=\"303\" data-end=\"306\" \/>Ten mgie\u0142kowy spray zosta\u0142 stworzony, aby wyeliminowa\u0107 sucho\u015b\u0107 i przywr\u00f3ci\u0107 w\u0142osom si\u0142\u0119 oraz blask.<\/p>\n<p class=\"\" data-start=\"407\" data-end=\"538\"><strong data-start=\"407\" data-end=\"426\">Bogata formu\u0142a:<\/strong><br data-start=\"426\" data-end=\"429\" \/>Nasza unikalna receptura jest wzbogacona w witaminy, proteiny i minera\u0142y, kt\u00f3re od\u017cywiaj\u0105 i wzmacniaj\u0105 w\u0142osy.<\/p>\n<p class=\"\" data-start=\"540\" data-end=\"627\"><strong data-start=\"540\" data-end=\"558\">Zdrowy wygl\u0105d:<\/strong><br data-start=\"558\" data-end=\"561\" \/>Ciesz si\u0119 zdrowymi, g\u0142adkimi i l\u015bni\u0105cymi w\u0142osami przez ca\u0142y dzie\u0144.<\/p>\n<p class=\"\" data-start=\"629\" data-end=\"735\"><strong data-start=\"629\" data-end=\"653\">\u0141atwe rozczesywanie:<\/strong><br data-start=\"653\" data-end=\"656\" \/>Nadaje w\u0142osom mi\u0119kko\u015b\u0107 i u\u0142atwia ich rozczesywanie dzi\u0119ki innowacyjnej formule.<\/p>\n<p class=\"\" data-start=\"737\" data-end=\"893\"><strong data-start=\"737\" data-end=\"765\">Do w\u0142os\u00f3w i sk\u00f3ry g\u0142owy:<\/strong><br data-start=\"765\" data-end=\"768\" \/>Produkt nadaje si\u0119 do stosowania zar\u00f3wno na w\u0142osy, jak i sk\u00f3r\u0119 g\u0142owy. Zawiera wod\u0119 nanostrukturaln\u0105, zjonizowan\u0105 i ozonowan\u0105.<\/p>\n<hr class=\"\" data-start=\"895\" data-end=\"898\" \/>\n<h3 class=\"\" data-start=\"900\" data-end=\"918\"><strong data-start=\"904\" data-end=\"918\">Sk\u0142adniki:<\/strong><\/h3>\n<p class=\"\" data-start=\"919\" data-end=\"954\"><strong data-start=\"919\" data-end=\"954\">Aqua 100% (jony, nanostruktura)<\/strong><\/p>\n<hr class=\"\" data-start=\"956\" data-end=\"959\" \/>\n<h3 class=\"\" data-start=\"961\" data-end=\"983\"><strong data-start=\"965\" data-end=\"983\">Spos\u00f3b u\u017cycia:<\/strong><\/h3>\n<ul data-start=\"984\" data-end=\"1200\">\n<li class=\"\" data-start=\"984\" data-end=\"1034\">\n<p class=\"\" data-start=\"986\" data-end=\"1034\">Obficie spryska\u0107 wilgotne w\u0142osy i sk\u00f3r\u0119 g\u0142owy.<\/p>\n<\/li>\n<li class=\"\" data-start=\"1035\" data-end=\"1122\">\n<p class=\"\" data-start=\"1037\" data-end=\"1122\">Odczeka\u0107 oko\u0142o 15 minut, nast\u0119pnie wysuszy\u0107 suszark\u0105 lub pozostawi\u0107 do wyschni\u0119cia.<\/p>\n<\/li>\n<li class=\"\" data-start=\"1123\" data-end=\"1200\">\n<p class=\"\" data-start=\"1125\" data-end=\"1200\">Produkt szybko si\u0119 wch\u0142ania i mo\u017ce by\u0107 stosowany wielokrotnie w ci\u0105gu dnia.<\/p>\n<\/li>\n<\/ul>\n<hr class=\"\" data-start=\"1202\" data-end=\"1205\" \/>\n<p class=\"\" data-start=\"1207\" data-end=\"1318\">\ud83d\udc69\u200d\ud83e\uddb0 Kobieta prezentuj\u0105ca l\u015bni\u0105ce, zadbane w\u0142osy po zastosowaniu naturalnej piel\u0119gnacji w nowoczesnej \u0142azience<\/p>\n<hr class=\"\" data-start=\"1320\" data-end=\"1323\" \/>\n<h3 class=\"\" data-start=\"1325\" data-end=\"1345\"><strong data-start=\"1329\" data-end=\"1345\">W\u0142a\u015bciwo\u015bci:<\/strong><\/h3>\n<ul data-start=\"1346\" data-end=\"1542\">\n<li class=\"\" data-start=\"1346\" data-end=\"1437\">\n<p class=\"\" data-start=\"1348\" data-end=\"1437\"><strong data-start=\"1348\" data-end=\"1367\">Hipoalergiczny:<\/strong> odpowiedni dla wszystkich typ\u00f3w w\u0142os\u00f3w, usuwa \u0142upie\u017c ze sk\u00f3ry g\u0142owy<\/p>\n<\/li>\n<li class=\"\" data-start=\"1438\" data-end=\"1484\">\n<p class=\"\" data-start=\"1440\" data-end=\"1484\"><strong data-start=\"1440\" data-end=\"1454\">Naturalny:<\/strong> 100% naturalnych sk\u0142adnik\u00f3w<\/p>\n<\/li>\n<li class=\"\" data-start=\"1485\" data-end=\"1542\">\n<p class=\"\" data-start=\"1487\" data-end=\"1542\"><strong data-start=\"1487\" data-end=\"1511\">Szybko si\u0119 wch\u0142ania:<\/strong> przywraca naturalne pH sk\u00f3ry<\/p>\n<\/li>\n<\/ul>\n<hr class=\"\" data-start=\"1544\" data-end=\"1547\" \/>\n<p class=\"\" data-start=\"1549\" data-end=\"1739\"><strong data-start=\"1549\" data-end=\"1566\">Antidotumaqua<\/strong>, opracowany przez mark\u0119 Antidotumaqua, to wysokiej jako\u015bci mgie\u0142ka zawieraj\u0105ca naturalne minera\u0142y. Nawil\u017caj\u0105ca, od\u017cywcza i tonizuj\u0105ca \u2013 zapewnia codzienny blask i g\u0142adko\u015b\u0107.<\/p>\n<hr class=\"\" data-start=\"1741\" data-end=\"1744\" \/>\n<p class=\"\" data-start=\"1746\" data-end=\"2032\"><strong data-start=\"1746\" data-end=\"1840\">Antidotumaqua prezentuje ostateczne naturalne rozwi\u0105zanie dla l\u015bni\u0105cych i g\u0142adkich w\u0142os\u00f3w.<\/strong><br data-start=\"1840\" data-end=\"1843\" \/>Spray ten zosta\u0142 stworzony z my\u015bl\u0105 o piel\u0119gnacji i nadaniu w\u0142osom zdrowego, promiennego wygl\u0105du.<br data-start=\"1939\" data-end=\"1942\" \/>Utrzymuje w\u0142osy mi\u0119kkie i l\u015bni\u0105ce przez ca\u0142y dzie\u0144 \u2013 niezale\u017cnie od pogody czy rytmu dnia.<\/p>\n<hr class=\"\" data-start=\"2034\" data-end=\"2037\" \/>\n<p class=\"\" data-start=\"2039\" data-end=\"2393\"><strong data-start=\"2039\" data-end=\"2177\">Naturalny spray Antidotumaqua sk\u0142ada si\u0119 z najwy\u017cszej jako\u015bci sk\u0142adnik\u00f3w pochodzenia naturalnego i nie zawiera szkodliwych chemikali\u00f3w<\/strong>, w przeciwie\u0144stwie do wielu tradycyjnych lakier\u00f3w do w\u0142os\u00f3w.<br data-start=\"2238\" data-end=\"2241\" \/>Jest delikatny dla w\u0142os\u00f3w i sk\u00f3ry g\u0142owy \u2013 nie powoduje podra\u017cnie\u0144.<br data-start=\"2307\" data-end=\"2310\" \/>W\u0142osy wygl\u0105daj\u0105 zdrowo i witalnie, poniewa\u017c otrzymuj\u0105 niezb\u0119dne sk\u0142adniki od\u017cywcze.<\/p>\n<hr class=\"\" data-start=\"2395\" data-end=\"2398\" \/>\n<h3 class=\"\" data-start=\"2400\" data-end=\"2433\"><strong data-start=\"2404\" data-end=\"2433\">Wszechstronno\u015b\u0107 produktu:<\/strong><\/h3>\n<p class=\"\" data-start=\"2434\" data-end=\"2783\">Nadaje si\u0119 do ka\u017cdego typu w\u0142os\u00f3w \u2013 prostych, kr\u0119conych, falowanych czy pusz\u0105cych si\u0119.<br data-start=\"2520\" data-end=\"2523\" \/>Zapewnia d\u0142ugotrwa\u0142e utrwalenie, nie wysuszaj\u0105c ani nie obci\u0105\u017caj\u0105c w\u0142os\u00f3w.<br data-start=\"2597\" data-end=\"2600\" \/>Nie pozostawia lepkich resztek i \u0142atwo si\u0119 wyczesuje \u2013 idealny do codziennego u\u017cytku.<br data-start=\"2685\" data-end=\"2688\" \/>Stosuj go, aby utrwali\u0107 fryzur\u0119, doda\u0107 obj\u0119to\u015bci lub po prostu nada\u0107 w\u0142osom dodatkowego blasku.<\/p>\n<hr class=\"\" data-start=\"2785\" data-end=\"2788\" \/>\n<p class=\"\" data-start=\"2790\" data-end=\"3074\"><strong data-start=\"2790\" data-end=\"2909\">Antidotumaqua zobowi\u0105zuje si\u0119 do tworzenia produkt\u00f3w, kt\u00f3re s\u0105 nie tylko skuteczne, ale i przyjazne dla \u015brodowiska.<\/strong><br data-start=\"2909\" data-end=\"2912\" \/>Spray dost\u0119pny jest w <strong data-start=\"2934\" data-end=\"2994\">ekologicznych, nadaj\u0105cych si\u0119 do recyklingu opakowaniach<\/strong>.<br data-start=\"2995\" data-end=\"2998\" \/>Wszystkie nasze produkty s\u0105 <strong data-start=\"3026\" data-end=\"3057\">nietestowane na zwierz\u0119tach<\/strong> i <strong data-start=\"3060\" data-end=\"3073\">wega\u0144skie<\/strong>.<\/p>\n","protected":false},"excerpt":{"rendered":"<div class=\"@thread-xl\/thread:pt-header-height mt-1.5 flex flex-col text-sm\">\n<article class=\"text-token-text-primary w-full\" dir=\"auto\" data-testid=\"conversation-turn-108\" data-scroll-anchor=\"false\">\n<div class=\"text-base my-auto mx-auto py-5 px-6\">\n<div class=\"mx-auto flex flex-1 text-base gap-4 md:gap-5 lg:gap-6 md:max-w-3xl group\/turn-messages focus-visible:outline-hidden\" tabindex=\"-1\">\n<div class=\"group\/conversation-turn relative flex w-full min-w-0 flex-col agent-turn @xs\/thread:px-0 @sm\/thread:px-1.5 @md\/thread:px-4\">\n<div class=\"relative flex-col gap-1 md:gap-3\">\n<div class=\"flex max-w-full flex-col grow\">\n<div class=\"min-h-8 text-message relative flex w-full flex-col items-end gap-2 text-start break-words whitespace-normal [.text-message+&amp;]:mt-5\" dir=\"auto\" data-message-author-role=\"assistant\" data-message-id=\"29087c1b-6de4-4c44-8cb1-90f0f33e3120\" data-message-model-slug=\"gpt-4o\">\n<div class=\"flex w-full flex-col gap-1 empty:hidden first:pt-[3px]\">\n<div class=\"markdown prose dark:prose-invert w-full break-words light\">\n<p class=\"\" data-start=\"0\" data-end=\"110\"><strong data-start=\"58\" data-end=\"110\" data-is-last-node=\"\">Naturalny spray do w\u0142os\u00f3w dla blasku i g\u0142adko\u015bci.<\/strong><\/p>\n<\/div>\n<\/div>\n<\/div>\n<\/div>\n<\/div>\n<div class=\"absolute\">\n<div class=\"flex items-center justify-center\"><\/div>\n<\/div>\n<\/div>\n<\/div>\n<\/div>\n<\/article>\n<\/div>\n<div class=\"pointer-events-none w-px _threadGutter_1y3t0_22 min-h-[max(var(--gutter-min-height,0px),var(--gutter-remaining-height,0px))] md:[--gutter-min-height:2.25rem] group-data-stream-active\/thread:h-(--thread-end-gutter-active-height)\"><\/div>\n","protected":false},"featured_media":2306,"comment_status":"open","ping_status":"closed","template":"","meta":{"_seopress_robots_primary_cat":"","_seopress_titles_title":"","_seopress_titles_desc":"","_seopress_robots_index":"","googlesitekit_rrm_CAowz76iDA:productID":""},"product_brand":[],"product_cat":[292],"product_tag":[],"class_list":{"0":"post-2702","1":"product","2":"type-product","3":"status-publish","4":"has-post-thumbnail","6":"product_cat-store-packages","8":"first","9":"instock","10":"sale","11":"taxable","12":"shipping-taxable","13":"purchasable","14":"product-type-simple"},"_links":{"self":[{"href":"https:\/\/linkmarkt.eu\/pl\/wp-json\/wp\/v2\/product\/2702","targetHints":{"allow":["GET"]}}],"collection":[{"href":"https:\/\/linkmarkt.eu\/pl\/wp-json\/wp\/v2\/product"}],"about":[{"href":"https:\/\/linkmarkt.eu\/pl\/wp-json\/wp\/v2\/types\/product"}],"replies":[{"embeddable":true,"href":"https:\/\/linkmarkt.eu\/pl\/wp-json\/wp\/v2\/comments?post=2702"}],"version-history":[{"count":1,"href":"https:\/\/linkmarkt.eu\/pl\/wp-json\/wp\/v2\/product\/2702\/revisions"}],"predecessor-version":[{"id":2703,"href":"https:\/\/linkmarkt.eu\/pl\/wp-json\/wp\/v2\/product\/2702\/revisions\/2703"}],"wp:featuredmedia":[{"embeddable":true,"href":"https:\/\/linkmarkt.eu\/pl\/wp-json\/wp\/v2\/media\/2306"}],"wp:attachment":[{"href":"https:\/\/linkmarkt.eu\/pl\/wp-json\/wp\/v2\/media?parent=2702"}],"wp:term":[{"taxonomy":"product_brand","embeddable":true,"href":"https:\/\/linkmarkt.eu\/pl\/wp-json\/wp\/v2\/product_brand?post=2702"},{"taxonomy":"product_cat","embeddable":true,"href":"https:\/\/linkmarkt.eu\/pl\/wp-json\/wp\/v2\/product_cat?post=2702"},{"taxonomy":"product_tag","embeddable":true,"href":"https:\/\/linkmarkt.eu\/pl\/wp-json\/wp\/v2\/product_tag?post=2702"}],"curies":[{"name":"wp","href":"https:\/\/api.w.org\/{rel}","templated":true}]}}