{"id":2706,"date":"2025-01-05T08:43:13","date_gmt":"2025-01-05T07:43:13","guid":{"rendered":"https:\/\/linkmarkt.eu\/product\/bezplatne-konto-bankowe\/"},"modified":"2025-04-05T16:05:53","modified_gmt":"2025-04-05T14:05:53","slug":"bezplatne-konto-bankowe","status":"publish","type":"product","link":"https:\/\/linkmarkt.eu\/pl\/product\/bezplatne-konto-bankowe\/","title":{"rendered":"Bezp\u0142atne konto bankowe"},"content":{"rendered":"<p>Bezp\u0142atne konto, darmowa karta debetowa, przelewy po rzeczywistym kursie wymiany, funkcja wielu kont, przewalutowanie, brak ukrytych op\u0142at, przelewy mi\u0119dzynarodowe, wysy\u0142anie pieni\u0119dzy za granic\u0119, odbieranie \u015brodk\u00f3w w walutach obcych, niskie op\u0142aty, konto bankowe online, konto podr\u00f3\u017cne, konto wielowalutowe, szybka rejestracja, p\u0142atno\u015bci bez prowizji, konto w euro, p\u0142atno\u015bci na ca\u0142ym \u015bwiecie, bezpieczne i niezawodne, globalne transakcje, \u0142atwe p\u0142atno\u015bci mi\u0119dzynarodowe, elastyczne konto bankowe, korzystny kurs wymiany, aplikacja Wise, bezp\u0142atna rejestracja, konto cyfrowe.<\/p>\n","protected":false},"excerpt":{"rendered":"<p>Bezp\u0142atne konto, darmowa karta debetowa, przelewy po rzeczywistym kursie wymiany, funkcja wielu kont, przewalutowanie, brak ukrytych op\u0142at, przelewy mi\u0119dzynarodowe, wysy\u0142anie pieni\u0119dzy za granic\u0119, odbieranie \u015brodk\u00f3w w walutach obcych, niskie op\u0142aty, konto bankowe online, konto podr\u00f3\u017cne, konto wielowalutowe, szybka rejestracja, p\u0142atno\u015bci bez prowizji, konto w euro, p\u0142atno\u015bci na ca\u0142ym \u015bwiecie, bezpieczne i niezawodne, globalne transakcje, \u0142atwe [&hellip;]<\/p>\n","protected":false},"featured_media":2268,"comment_status":"open","ping_status":"closed","template":"","meta":{"_seopress_robots_primary_cat":"","_seopress_titles_title":"","_seopress_titles_desc":"","_seopress_robots_index":"","googlesitekit_rrm_CAowz76iDA:productID":""},"product_brand":[],"product_cat":[292],"product_tag":[],"class_list":{"0":"post-2706","1":"product","2":"type-product","3":"status-publish","4":"has-post-thumbnail","6":"product_cat-store-packages","8":"first","9":"instock","10":"virtual","11":"sold-individually","12":"taxable","13":"purchasable","14":"product-type-listing_booking"},"_links":{"self":[{"href":"https:\/\/linkmarkt.eu\/pl\/wp-json\/wp\/v2\/product\/2706","targetHints":{"allow":["GET"]}}],"collection":[{"href":"https:\/\/linkmarkt.eu\/pl\/wp-json\/wp\/v2\/product"}],"about":[{"href":"https:\/\/linkmarkt.eu\/pl\/wp-json\/wp\/v2\/types\/product"}],"replies":[{"embeddable":true,"href":"https:\/\/linkmarkt.eu\/pl\/wp-json\/wp\/v2\/comments?post=2706"}],"version-history":[{"count":1,"href":"https:\/\/linkmarkt.eu\/pl\/wp-json\/wp\/v2\/product\/2706\/revisions"}],"predecessor-version":[{"id":2707,"href":"https:\/\/linkmarkt.eu\/pl\/wp-json\/wp\/v2\/product\/2706\/revisions\/2707"}],"wp:featuredmedia":[{"embeddable":true,"href":"https:\/\/linkmarkt.eu\/pl\/wp-json\/wp\/v2\/media\/2268"}],"wp:attachment":[{"href":"https:\/\/linkmarkt.eu\/pl\/wp-json\/wp\/v2\/media?parent=2706"}],"wp:term":[{"taxonomy":"product_brand","embeddable":true,"href":"https:\/\/linkmarkt.eu\/pl\/wp-json\/wp\/v2\/product_brand?post=2706"},{"taxonomy":"product_cat","embeddable":true,"href":"https:\/\/linkmarkt.eu\/pl\/wp-json\/wp\/v2\/product_cat?post=2706"},{"taxonomy":"product_tag","embeddable":true,"href":"https:\/\/linkmarkt.eu\/pl\/wp-json\/wp\/v2\/product_tag?post=2706"}],"curies":[{"name":"wp","href":"https:\/\/api.w.org\/{rel}","templated":true}]}}