{"id":7709,"date":"2025-04-22T20:12:47","date_gmt":"2025-04-22T18:12:47","guid":{"rendered":"https:\/\/linkmarkt.eu\/product\/krem-pod-oczy-na-dzien-i-noc-redukuje-cienie-zmarszczki-2w1-pielegnacja-dla-jedrnej-skory\/"},"modified":"2025-04-24T16:39:18","modified_gmt":"2025-04-24T14:39:18","slug":"krem-pod-oczy-na-dzien-i-noc-redukuje-cienie-zmarszczki-2w1-pielegnacja-dla-jedrnej-skory","status":"publish","type":"product","link":"https:\/\/linkmarkt.eu\/pl\/product\/krem-pod-oczy-na-dzien-i-noc-redukuje-cienie-zmarszczki-2w1-pielegnacja-dla-jedrnej-skory\/","title":{"rendered":"Krem pod oczy na dzie\u0144 i noc \u2013 Redukuje cienie, zmarszczki  \u2013 2w1 piel\u0119gnacja dla j\u0119drnej sk\u00f3ry"},"content":{"rendered":"<h3 class=\"\" data-start=\"227\" data-end=\"263\">\u2705 Krem pod oczy na dzie\u0144 i noc<\/h3>\n<p class=\"\" data-start=\"264\" data-end=\"447\">Skutecznie zmniejsza <strong data-start=\"285\" data-end=\"331\">cienie pod oczami, opuchlizn\u0119 i zmarszczki<\/strong>.<br data-start=\"332\" data-end=\"335\" \/>Zawiera <strong data-start=\"343\" data-end=\"378\">retinol i sk\u0142adniki nawil\u017caj\u0105ce<\/strong>, kt\u00f3re wyg\u0142adzaj\u0105 sk\u00f3r\u0119 i poprawiaj\u0105 jej wygl\u0105d ju\u017c po kilku dniach.<\/p>\n<hr class=\"\" data-start=\"449\" data-end=\"452\" \/>\n<h3 class=\"\" data-start=\"454\" data-end=\"490\">\u2705 Efekty potwierdzone testami:<\/h3>\n<p class=\"\" data-start=\"491\" data-end=\"599\">\u2013 Po 4 tygodniach: mniej drobnych zmarszczek<br data-start=\"535\" data-end=\"538\" \/>\u2013 Po 12 tygodniach: nawet 50% mniej widocznych linii i cieni*<\/p>\n<hr class=\"\" data-start=\"601\" data-end=\"604\" \/>\n<h3 class=\"\" data-start=\"606\" data-end=\"643\">\u2705 Idealny do codziennego u\u017cytku<\/h3>\n<p class=\"\" data-start=\"644\" data-end=\"758\">Rano i wieczorem \u2013 jedna tubka, pe\u0142na piel\u0119gnacja.<br data-start=\"694\" data-end=\"697\" \/>Pasuje do ka\u017cdej sk\u00f3ry, szczeg\u00f3lnie zm\u0119czonej i przesuszonej.<\/p>\n","protected":false},"excerpt":{"rendered":"<p>\u2705 Krem pod oczy na dzie\u0144 i noc Skutecznie zmniejsza cienie pod oczami, opuchlizn\u0119 i zmarszczki.Zawiera retinol i sk\u0142adniki nawil\u017caj\u0105ce, kt\u00f3re wyg\u0142adzaj\u0105 sk\u00f3r\u0119 i poprawiaj\u0105 jej wygl\u0105d ju\u017c po kilku dniach. \u2705 Efekty potwierdzone testami: \u2013 Po 4 tygodniach: mniej drobnych zmarszczek\u2013 Po 12 tygodniach: nawet 50% mniej widocznych linii i cieni* \u2705 Idealny do [&hellip;]<\/p>\n","protected":false},"featured_media":7679,"comment_status":"open","ping_status":"closed","template":"","meta":{"_seopress_robots_primary_cat":"347","_seopress_titles_title":"Krem pod oczy na dzie\u0144 i na noc OUBEIZI - na cienie, zmarszczki i obrz\u0119ki-Piel\u0119gnacja 2 W 1 z retinolem","_seopress_titles_desc":"Wysoce skuteczny krem pod oczy z retinolem do stosowania na dzie\u0144 i na noc. Zmniejsza cienie, zmarszczki i obrz\u0119ki widoczne przez kilka tygodni. Odkryj teraz!","_seopress_robots_index":"","googlesitekit_rrm_CAowz76iDA:productID":""},"product_brand":[2452],"product_cat":[1088],"product_tag":[],"class_list":{"0":"post-7709","1":"product","2":"type-product","3":"status-publish","4":"has-post-thumbnail","6":"product_brand-oubeizi-pl","7":"product_cat-kosmetyk","8":"product_shipping_class-bezplatna-wysylka","10":"first","11":"instock","12":"sale","13":"sold-individually","14":"purchasable","15":"product-type-simple"},"_links":{"self":[{"href":"https:\/\/linkmarkt.eu\/pl\/wp-json\/wp\/v2\/product\/7709","targetHints":{"allow":["GET"]}}],"collection":[{"href":"https:\/\/linkmarkt.eu\/pl\/wp-json\/wp\/v2\/product"}],"about":[{"href":"https:\/\/linkmarkt.eu\/pl\/wp-json\/wp\/v2\/types\/product"}],"replies":[{"embeddable":true,"href":"https:\/\/linkmarkt.eu\/pl\/wp-json\/wp\/v2\/comments?post=7709"}],"version-history":[{"count":1,"href":"https:\/\/linkmarkt.eu\/pl\/wp-json\/wp\/v2\/product\/7709\/revisions"}],"predecessor-version":[{"id":7710,"href":"https:\/\/linkmarkt.eu\/pl\/wp-json\/wp\/v2\/product\/7709\/revisions\/7710"}],"wp:featuredmedia":[{"embeddable":true,"href":"https:\/\/linkmarkt.eu\/pl\/wp-json\/wp\/v2\/media\/7679"}],"wp:attachment":[{"href":"https:\/\/linkmarkt.eu\/pl\/wp-json\/wp\/v2\/media?parent=7709"}],"wp:term":[{"taxonomy":"product_brand","embeddable":true,"href":"https:\/\/linkmarkt.eu\/pl\/wp-json\/wp\/v2\/product_brand?post=7709"},{"taxonomy":"product_cat","embeddable":true,"href":"https:\/\/linkmarkt.eu\/pl\/wp-json\/wp\/v2\/product_cat?post=7709"},{"taxonomy":"product_tag","embeddable":true,"href":"https:\/\/linkmarkt.eu\/pl\/wp-json\/wp\/v2\/product_tag?post=7709"}],"curies":[{"name":"wp","href":"https:\/\/api.w.org\/{rel}","templated":true}]}}